{"id":30776,"date":"2026-02-02T15:45:49","date_gmt":"2026-02-02T14:45:49","guid":{"rendered":"https:\/\/denpanels.com\/metallic-panels\/"},"modified":"2026-02-03T13:09:51","modified_gmt":"2026-02-03T12:09:51","slug":"metallic-paneli","status":"publish","type":"page","link":"https:\/\/denpanels.com\/sl\/metallic-paneli\/","title":{"rendered":"Metallic Paneli"},"content":{"rendered":"","protected":false},"excerpt":{"rendered":"","protected":false},"author":3,"featured_media":0,"parent":0,"menu_order":0,"comment_status":"closed","ping_status":"closed","template":"","meta":{"_acf_changed":false,"footnotes":""},"page-section":[535,524,525,530,526,532,527,534],"page-template":[945],"class_list":["post-30776","page","type-page","status-publish","hentry","page-section-category-options","page-section-datasheet","page-section-hero","page-section-main-category","page-section-product-category","page-section-specific-products","page-section-sub-category","page-section-the-panels-construction","page-template-category-metallic"],"acf":{"product_category-selected":943,"product_category-headline_p1":"Dodajte drzen, sodoben videz","product_category-headline_p2":"va\u0161emu interierju","product_category-introduction":"I\u0161\u010dete elegantno in sodobno re\u0161itev za steno z ekskluzivnim industrijskim pridihom? Kovinski paneli Denpanels zdru\u017eujejo videz bru\u0161enega jekla s prefinjenimi kovinskimi odtenki ter vam omogo\u010dajo ustvariti prostor, ki deluje hkrati stilsko in umirjeno.\r\n\r\nPopolni za domove, pisarne in javne prostore \u2013 ti paneli izbolj\u0161ajo akustiko prostora, hkrati pa zagotavljajo \u010dist, sofisticiran videz, s povr\u0161ino, zasnovano za vsakodnevno uporabo.\r\n\r\n<strong>S kovinskimi paneli Denpanels dobite:<\/strong>\r\n\r\n<ul>\r\n  <li>Sodoben videz bru\u0161enega jekla \u2013 za minimalisti\u010dno in ekskluzivno kon\u010dno obdelavo<\/li>\r\n  <li>6 kovinskih barv \u2013 Aluminium, Bronze, Copper, Gold, Inox in Titan<\/li>\r\n  <li>Bolj\u0161o akustiko \u2013 absorpcijo zvoka in zmanj\u0161anje odmeva<\/li>\r\n  <li>Enostavno vzdr\u017eevanje \u2013 trpe\u017eno laminirano povr\u0161ino, ki jo je preprosto \u010distiti<\/li>\r\n  <li>Manj vidne prstne odtise \u2013 za urejen in enoten videz<\/li>\r\n  <li>Danski dizajn in kakovost \u2013 izdelano s poudarkom na funkcionalnosti in estetiki<\/li>\r\n<\/ul>\r\n","product_category-highlighted_media":30764,"product_category-cta":{"product_category_cta":null},"comparrison_image":"","product_category-some_of_our_combinations":25136,"hero-media":[30733],"hero-h1":"Metallic Paneli","hero-sub_header":""},"_links":{"self":[{"href":"https:\/\/denpanels.com\/sl\/wp-json\/wp\/v2\/pages\/30776","targetHints":{"allow":["GET"]}}],"collection":[{"href":"https:\/\/denpanels.com\/sl\/wp-json\/wp\/v2\/pages"}],"about":[{"href":"https:\/\/denpanels.com\/sl\/wp-json\/wp\/v2\/types\/page"}],"author":[{"embeddable":true,"href":"https:\/\/denpanels.com\/sl\/wp-json\/wp\/v2\/users\/3"}],"replies":[{"embeddable":true,"href":"https:\/\/denpanels.com\/sl\/wp-json\/wp\/v2\/comments?post=30776"}],"version-history":[{"count":3,"href":"https:\/\/denpanels.com\/sl\/wp-json\/wp\/v2\/pages\/30776\/revisions"}],"predecessor-version":[{"id":30837,"href":"https:\/\/denpanels.com\/sl\/wp-json\/wp\/v2\/pages\/30776\/revisions\/30837"}],"acf:attachment":[{"embeddable":true,"href":"https:\/\/denpanels.com\/sl\/wp-json\/wp\/v2\/media\/30733"}],"acf:post":[{"embeddable":true,"href":"https:\/\/denpanels.com\/sl\/wp-json\/wp\/v2\/translation\/25136"}],"acf:term":[{"embeddable":true,"taxonomy":"product-category","href":"https:\/\/denpanels.com\/sl\/wp-json\/wp\/v2\/product-category\/943"}],"wp:attachment":[{"href":"https:\/\/denpanels.com\/sl\/wp-json\/wp\/v2\/media?parent=30776"}],"wp:term":[{"taxonomy":"page-section","embeddable":true,"href":"https:\/\/denpanels.com\/sl\/wp-json\/wp\/v2\/page-section?post=30776"},{"taxonomy":"page-template","embeddable":true,"href":"https:\/\/denpanels.com\/sl\/wp-json\/wp\/v2\/page-template?post=30776"}],"curies":[{"name":"wp","href":"https:\/\/api.w.org\/{rel}","templated":true}]}}