{"id":28751,"date":"2025-06-05T08:51:11","date_gmt":"2025-06-05T06:51:11","guid":{"rendered":"https:\/\/denpanels.com\/?page_id=28751"},"modified":"2025-09-03T12:22:53","modified_gmt":"2025-09-03T10:22:53","slug":"nordic-outdoor-paneli","status":"publish","type":"page","link":"https:\/\/denpanels.com\/sl\/plosce\/nordic-outdoor-paneli\/","title":{"rendered":"Nordic Outdoor Paneli"},"content":{"rendered":"","protected":false},"excerpt":{"rendered":"","protected":false},"author":1,"featured_media":0,"parent":25592,"menu_order":3,"comment_status":"closed","ping_status":"closed","template":"","meta":{"_acf_changed":false,"footnotes":""},"page-section":[525,530,528,526],"page-template":[765],"class_list":["post-28751","page","type-page","status-publish","hentry","page-section-hero","page-section-main-category","page-section-megamenu","page-section-product-category","page-template-category-outdoor-panels"],"acf":{"outdoorpanels_products":[{"outdoorpanels_products-images":[28587,28596,28623,28605,28614],"outdoorpanels_products-info":{"outdoorpanels_products-name":"Nordic Outdoor panel dekorativni","outdoorpanels_products-description":"Nordic Outdoor paneli dekorativni so razviti za pokrite zunanje povr\u0161ine, kot so terase, nadstre\u0161ki za avtomobile in balkoni. Zdru\u017eujejo estetiko in funkcionalnost ter so izdelani iz trpe\u017enih lamel ThermoWood, name\u0161\u010denih na filcu, odporenem proti vlagi. Dekorativni paneli ustvarjajo harmoni\u010den in enoten videz, ki doda globino in toplino va\u0161im pokritim zunanjim prostorom.","outdoorpanels_products-usp_headline":"Zakaj izbrati Nordic Outdoor panel dekorativni?","outdoorpanels_products-usp":[{"outdoorpanels_products-usp_text":"Idealno za pokrite zunanje povr\u0161ine \u2013 ustvarite ekskluziven videz"},{"outdoorpanels_products-usp_text":"Re\u0161itev, ki prihrani \u010das"},{"outdoorpanels_products-usp_text":"Enostavna monta\u017ea brez potrebe po posebnem orodju"}]},"outdoorpanels_products-datasheet":{"outdoorpanels_products-button_text":25139,"category_datasheet-issuu_link":"https:\/\/issuu.com\/fogveno\/docs\/en_nordic_outdoor_design_panel?fr=xKAE9_zMzMw"},"outdoorpanels_products-installation":{"outdoorpanels_products_installation-button_cta":28633,"outdoorpanels_products_installation-headline":28633,"outdoorpanels_products_installation-guide":"Monta\u017ea korak za korakom\r\n\r\nPriprava: Zagotovite ravno in stabilno steno. Po potrebi namestite vetrovno membrano. Preberite navodila za monta\u017eo, prilo\u017eena v embala\u017ei.\r\n\r\nMonta\u017ea letvic: Uporabite primerne lesene letvice z ustrezno razdaljo. Na vsak panel uporabite najmanj 15 fasadnih vijakov Nordic Outdoor PRO (\u00d84,0 x 30 mm). Panele namestite tako, da je stran s filcem obrnjena proti letvicam.\r\n\r\nPriklop panelov: Panele pritrdite z vijaki Nordic Outdoor PRO.\r\n\r\nPrilagoditev panela: \u010ce morate prilagoditi \u0161irino ali dol\u017eino panelov, priporo\u010damo uporabo \u0161karjaste ali kro\u017ene \u017eage za rezanje.\r\n\r\n","outdoorpanels_products_installation-video_url":"https:\/\/youtu.be\/xeJ2UGuPZbQ"}},{"outdoorpanels_products-images":[28650,28659,28686,28677,28668],"outdoorpanels_products-info":{"outdoorpanels_products-name":"Nordic Outdoor FLEX panel","outdoorpanels_products-description":"Nordic Outdoor FLEX paneli so robustna in estetska fasadna re\u0161itev, zasnovana za hitro in natan\u010dno monta\u017eo. Panel je sestavljen iz lamel ThermoWood, pritrjenih na podlago iz istega materiala \u2013 ta podlaga je vidni in integrirani del dizajna. Ustvari harmoni\u010den in enoten videz med lamelami ter doda globino in toplino fasadi.","outdoorpanels_products-usp_headline":"Zakaj izbrati Nordic Outdoor FLEX panele?","outdoorpanels_products-usp":[{"outdoorpanels_products-usp_text":"Vidna podlaga za panelom"},{"outdoorpanels_products-usp_text":"Prihranite \u010das: hitra monta\u017ea in prilagodljiva nastavitev"},{"outdoorpanels_products-usp_text":"Odpornost proti vlagi, plesni in temperaturnim nihanjem"}]},"outdoorpanels_products-datasheet":{"outdoorpanels_products-button_text":25139,"category_datasheet-issuu_link":"https:\/\/issuu.com\/fogveno\/docs\/en_nordic_outdoor_flex_panel?fr=xKAE9_zMzMw"},"outdoorpanels_products-installation":{"outdoorpanels_products_installation-button_cta":28633,"outdoorpanels_products_installation-headline":28633,"outdoorpanels_products_installation-guide":"Monta\u017ea korak za korakom\r\n\r\nPriprava: Poskrbite, da so okoli\u0161ki gradbeni elementi pravilno izvedeni in zagotavljajo ustrezno za\u0161\u010dito ter oporo za fasado. Zagotovite odvodnjavanje vode, prezra\u010devanje in dovoljeno gibanje konstrukcije. Fasada ne sme biti v neposrednem stiku s tlemi (minimalna razdalja 200 mm od tal).\r\n\r\nPritrditev panelov: Uporabite lahko \u017eeblje s kroglasto glavo ali fasadne vijake Nordic Outdoor FLEX. Priporo\u010dljivo je predvrtanje koncev profilov, da se prepre\u010di razpokanje.\r\n\r\nMonta\u017ea panelov: Za\u010dnite od spodaj in nadaljujte navzgor. Nenehno preverjajte navpi\u010dno in vodoravno poravnavo.\r\n\r\nPrilagoditev panelov: Za natan\u010dno rezanje uporabite \u017eago s premikajo\u010dim rezilom ali kro\u017eno \u017eago.\r\n\r\n","outdoorpanels_products_installation-video_url":"https:\/\/youtu.be\/xeJ2UGuPZbQ"}},{"outdoorpanels_products-images":[28695,28713,28740,28731,28704,28722],"outdoorpanels_products-info":{"outdoorpanels_products-name":"Nordic Outdoor PRO panel","outdoorpanels_products-description":"Nordic Outdoor PRO paneli so odporna in estetska fasadna re\u0161itev. Panel je izdelan iz plo\u0161\u010d iz kamene volne in ekskluzivnih lamel ThermoWood, kar zagotavlja dolgo \u017eivljenjsko dobo, minimalno vzdr\u017eevanje in odpornost proti vlagi ter temperaturnim nihanjem.","outdoorpanels_products-usp_headline":"Zakaj izbrati Nordic Outdoor PRO panele?","outdoorpanels_products-usp":[{"outdoorpanels_products-usp_text":"Edinstvena konstrukcija iz plo\u0161\u010d iz kamene volne in lamel ThermoWood"},{"outdoorpanels_products-usp_text":"Trpe\u017ena in vremensko odporna fasada z minimalnim vzdr\u017eevanjem"},{"outdoorpanels_products-usp_text":"Enostavna namestitev brez potrebe po posebnih orodjih"}]},"outdoorpanels_products-datasheet":{"outdoorpanels_products-button_text":25139,"category_datasheet-issuu_link":"https:\/\/issuu.com\/fogveno\/docs\/en_nordic_outdoor_pro_panel?fr=xKAE9_zMzMw"},"outdoorpanels_products-installation":{"outdoorpanels_products_installation-button_cta":28633,"outdoorpanels_products_installation-headline":28633,"outdoorpanels_products_installation-guide":"Monta\u017ea korak za korakom\r\n\r\nPriprava: O\u010distite in pripravite povr\u0161ino. Preberite navodila za monta\u017eo, ki so prilo\u017eena v embala\u017ei. Po potrebi namestite vetrovno za\u0161\u010dito.\r\n\r\nMonta\u017ea letvic: Namestite letvice z najve\u010djim razmakom C\/C 300 mm. Zagotovite ustrezno prezra\u010devanje.\r\n\r\nPriklop panelov: Panele pritrdite s fasadnimi vijaki, najmanj 10 vijakov na m\u00b2.\r\n\r\nZaklju\u010dek: Preverite, ali so vsi paneli pravilno poravnani. Po potrebi namestite mre\u017eo proti \u017eu\u017eelkam zgoraj in spodaj.","outdoorpanels_products_installation-video_url":"https:\/\/youtu.be\/KEGL-QCWLq8"}},{"outdoorpanels_products-images":[30165],"outdoorpanels_products-info":{"outdoorpanels_products-name":"Paneli Nordic Outdoor FR PRO","outdoorpanels_products-description":"Paneli Nordic Outdoor FR PRO so zasnovani za polodprte in pokrite zunanje prostore, kjer sta varnost in estetika enako pomembni. Izdelani so iz negorljivih plo\u0161\u010d iz kamene volne in letvic ThermoWood ter zdru\u017eujejo nordijski dizajn s certificirano po\u017earno odpornostjo (B-s2,d0). Zagotavljajo dolgotrajno delovanje z minimalnim vzdr\u017eevanjem, zato so idealni tako za novogradnje kot za prenove.","outdoorpanels_products-usp_headline":"Zakaj izbrati panele Nordic Outdoor FR PRO?","outdoorpanels_products-usp":[{"outdoorpanels_products-usp_text":"Negorljiva re\u0161itev (B-s2,d0) za zunanjo uporabo"},{"outdoorpanels_products-usp_text":"Zdru\u017euje varnost z estetiko nordijskega dizajna"},{"outdoorpanels_products-usp_text":"Enostavna in hitra monta\u017ea"}]},"outdoorpanels_products-datasheet":{"outdoorpanels_products-button_text":25139,"category_datasheet-issuu_link":"https:\/\/issuu.com\/fogveno\/docs\/en_nordic_outdoor_fr_pro_panel?fr=xKAE9_zMzMw"},"outdoorpanels_products-installation":{"outdoorpanels_products_installation-button_cta":"","outdoorpanels_products_installation-headline":"","outdoorpanels_products_installation-guide":"","outdoorpanels_products_installation-video_url":""}}],"product_category-selected":false,"product_category-headline_p1":"REAL WOOD,","product_category-headline_p2":"REAL ACOUSTIC IMPROVEMENTS","product_category-introduction":"All BY VEN\u00d8 acoustic panels are much more than just a visual product. You get a product that makes the room\u2019s acoustics and level of reverberation significantly better!\r\n\r\nOur Danish-made acoustic panels break the sound and absorb the sound wave, so it dies out when it hits the panels.\r\n\r\nThis means that the sound wave is eliminated and the reverberation time is shortened, which will improve the indoor climate and the feeling of well-being in the room, whether we are talking about private, commercial or public buildings.\r\n\r\nThe combination of the slat structure and the acoustic polyester felt divides the sound waves and absorbs them when they hit the panel. This means that the sound is not reflected back into the room, but is absorbed into the panel.\r\n\r\nThe panel is made of slats of black MDF with a surface of real wood veneer, which is attached to a 9mm \/ 0.35 in black polyester felt of recycled plastic. Our wood panels are also made from materials from responsibly managed FSC\u2122certified forests and other controlled sources.","product_category-highlighted_media":"","product_category-cta":{"product_category_cta":null},"comparrison_image":"","product_category-some_of_our_combinations":"","hero-media":[28560,28569,28578],"hero-h1":"Nordic Outdoor Paneli","hero-sub_header":""},"_links":{"self":[{"href":"https:\/\/denpanels.com\/sl\/wp-json\/wp\/v2\/pages\/28751","targetHints":{"allow":["GET"]}}],"collection":[{"href":"https:\/\/denpanels.com\/sl\/wp-json\/wp\/v2\/pages"}],"about":[{"href":"https:\/\/denpanels.com\/sl\/wp-json\/wp\/v2\/types\/page"}],"author":[{"embeddable":true,"href":"https:\/\/denpanels.com\/sl\/wp-json\/wp\/v2\/users\/1"}],"replies":[{"embeddable":true,"href":"https:\/\/denpanels.com\/sl\/wp-json\/wp\/v2\/comments?post=28751"}],"version-history":[{"count":4,"href":"https:\/\/denpanels.com\/sl\/wp-json\/wp\/v2\/pages\/28751\/revisions"}],"predecessor-version":[{"id":30183,"href":"https:\/\/denpanels.com\/sl\/wp-json\/wp\/v2\/pages\/28751\/revisions\/30183"}],"up":[{"embeddable":true,"href":"https:\/\/denpanels.com\/sl\/wp-json\/wp\/v2\/pages\/25592"}],"acf:attachment":[{"embeddable":true,"href":"https:\/\/denpanels.com\/sl\/wp-json\/wp\/v2\/media\/28578"},{"embeddable":true,"href":"https:\/\/denpanels.com\/sl\/wp-json\/wp\/v2\/media\/28569"},{"embeddable":true,"href":"https:\/\/denpanels.com\/sl\/wp-json\/wp\/v2\/media\/28560"}],"wp:attachment":[{"href":"https:\/\/denpanels.com\/sl\/wp-json\/wp\/v2\/media?parent=28751"}],"wp:term":[{"taxonomy":"page-section","embeddable":true,"href":"https:\/\/denpanels.com\/sl\/wp-json\/wp\/v2\/page-section?post=28751"},{"taxonomy":"page-template","embeddable":true,"href":"https:\/\/denpanels.com\/sl\/wp-json\/wp\/v2\/page-template?post=28751"}],"curies":[{"name":"wp","href":"https:\/\/api.w.org\/{rel}","templated":true}]}}