{"id":25706,"date":"2025-01-09T12:21:06","date_gmt":"2025-01-09T11:21:06","guid":{"rendered":"https:\/\/denpanels.com\/plosce\/dodatki\/adhesive\/"},"modified":"2025-03-13T10:50:50","modified_gmt":"2025-03-13T09:50:50","slug":"gradbeni-lepilni-trak","status":"publish","type":"page","link":"https:\/\/denpanels.com\/sl\/plosce\/dodatki\/gradbeni-lepilni-trak\/","title":{"rendered":"Gradbeni lepilni trak"},"content":{"rendered":"","protected":false},"excerpt":{"rendered":"","protected":false},"author":3,"featured_media":0,"parent":25478,"menu_order":0,"comment_status":"closed","ping_status":"closed","template":"","meta":{"_acf_changed":false,"footnotes":""},"page-section":[525,529,528,526],"page-template":[370],"class_list":["post-25706","page","type-page","status-publish","hentry","page-section-hero","page-section-highlighted-inspiration","page-section-megamenu","page-section-product-category","page-template-product-sub-category"],"acf":{"product_category-selected":696,"product_category-headline_p1":"Mo\u010dan in zanesljiv monta\u017eni lepilni trak","product_category-headline_p2":"za akusti\u010dne plo\u0161\u010de","product_category-introduction":"Pri Denpanels enostavno namestite z na\u0161im visokozmogljivim monta\u017enim lepilom \u2013 zasnovanim za mo\u010dan, fleksibilen in trajen oprijem.\r\n\r\n<strong>Izjemno mo\u010dan oprijem<\/strong> \u2013 plo\u0161\u010de trdno dr\u017ei na mestu, tudi ko so \u0161e mokre.  \r\n<strong>Trajen in fleksibilen<\/strong> \u2013 absorbira premike med gradbenimi komponentami.  \r\n<strong>Vsestranska uporaba<\/strong> \u2013 oprime se na les, steklo, beton, opeko, kovino in druge materiale.  \r\n<strong>Enostavna uporaba<\/strong> \u2013 enostavno se nanese pri temperaturah od +5\u00b0C do +40\u00b0C.\r\n\r\nDosezite profesionalen in dolgotrajen zaklju\u010dek brez potrebe po dodatni podpori.\r\n\r\nVsebina: 290 ml na steklenico.","product_category-highlighted_media":25709,"product_category-cta":{"product_category_cta":null},"comparrison_image":null,"product_category-some_of_our_combinations":25136,"hero-media":[25258],"hero-h1":"Gradbeni lepilni trak","hero-sub_header":""},"_links":{"self":[{"href":"https:\/\/denpanels.com\/sl\/wp-json\/wp\/v2\/pages\/25706","targetHints":{"allow":["GET"]}}],"collection":[{"href":"https:\/\/denpanels.com\/sl\/wp-json\/wp\/v2\/pages"}],"about":[{"href":"https:\/\/denpanels.com\/sl\/wp-json\/wp\/v2\/types\/page"}],"author":[{"embeddable":true,"href":"https:\/\/denpanels.com\/sl\/wp-json\/wp\/v2\/users\/3"}],"replies":[{"embeddable":true,"href":"https:\/\/denpanels.com\/sl\/wp-json\/wp\/v2\/comments?post=25706"}],"version-history":[{"count":3,"href":"https:\/\/denpanels.com\/sl\/wp-json\/wp\/v2\/pages\/25706\/revisions"}],"predecessor-version":[{"id":25711,"href":"https:\/\/denpanels.com\/sl\/wp-json\/wp\/v2\/pages\/25706\/revisions\/25711"}],"up":[{"embeddable":true,"href":"https:\/\/denpanels.com\/sl\/wp-json\/wp\/v2\/pages\/25478"}],"acf:attachment":[{"embeddable":true,"href":"https:\/\/denpanels.com\/sl\/wp-json\/wp\/v2\/media\/25258"}],"acf:post":[{"embeddable":true,"href":"https:\/\/denpanels.com\/sl\/wp-json\/wp\/v2\/translation\/25136"}],"acf:term":[{"embeddable":true,"taxonomy":"product-category","href":"https:\/\/denpanels.com\/sl\/wp-json\/wp\/v2\/product-category\/696"}],"wp:attachment":[{"href":"https:\/\/denpanels.com\/sl\/wp-json\/wp\/v2\/media?parent=25706"}],"wp:term":[{"taxonomy":"page-section","embeddable":true,"href":"https:\/\/denpanels.com\/sl\/wp-json\/wp\/v2\/page-section?post=25706"},{"taxonomy":"page-template","embeddable":true,"href":"https:\/\/denpanels.com\/sl\/wp-json\/wp\/v2\/page-template?post=25706"}],"curies":[{"name":"wp","href":"https:\/\/api.w.org\/{rel}","templated":true}]}}