{"id":25699,"date":"2025-01-09T12:16:51","date_gmt":"2025-01-09T11:16:51","guid":{"rendered":"https:\/\/denpanels.com\/plosce\/dodatki\/screws\/"},"modified":"2025-03-13T10:48:55","modified_gmt":"2025-03-13T09:48:55","slug":"montazni-vijaki","status":"publish","type":"page","link":"https:\/\/denpanels.com\/sl\/plosce\/dodatki\/montazni-vijaki\/","title":{"rendered":"Monta\u017eni vijaki"},"content":{"rendered":"","protected":false},"excerpt":{"rendered":"","protected":false},"author":3,"featured_media":0,"parent":25478,"menu_order":0,"comment_status":"closed","ping_status":"closed","template":"","meta":{"_acf_changed":false,"footnotes":""},"page-section":[525,529,526],"page-template":[370],"class_list":["post-25699","page","type-page","status-publish","hentry","page-section-hero","page-section-highlighted-inspiration","page-section-product-category","page-template-product-sub-category"],"acf":{"product_category-selected":709,"product_category-headline_p1":"Varna in brezskrbna monta\u017ea","product_category-headline_p2":"za va\u0161e plo\u0161\u010de","product_category-introduction":"Pri Denpanels vam omogo\u010damo enostavno in diskretno monta\u017eo z na\u0161imi natan\u010dno zasnovanimi monta\u017enimi vijaki, ki zagotavljajo trdno in elegantno namestitev.\r\n\r\n<strong>Popoln prilegajo\u010d<\/strong> \u2013 zasnovani za varno pritrditev med letvicami.  \r\n<strong>Diskreten videz<\/strong> \u2013 na voljo v \u0161tirih barvah, ki se usklajujejo z filcem plo\u0161\u010de.  \r\n<strong>Kompletna set<\/strong> \u2013 vklju\u010duje TX-20 bit za enostavno monta\u017eo.\r\n\r\nPodrobnosti o paketu:  \r\nDimenzije: 4,0 x 30 mm  \r\nKoli\u010dina: 50 kosov  \r\nVsebuje: TX-20 bit\r\n\r\nZ Denpanels monta\u017enimi vijaki dobite vse, kar potrebujete za profesionalno, brezskrbno in zanesljivo monta\u017eo.","product_category-highlighted_media":28347,"product_category-cta":{"product_category_cta":null},"comparrison_image":null,"product_category-some_of_our_combinations":25136,"hero-media":[25397],"hero-h1":"Monta\u017eni vijaki","hero-sub_header":""},"_links":{"self":[{"href":"https:\/\/denpanels.com\/sl\/wp-json\/wp\/v2\/pages\/25699","targetHints":{"allow":["GET"]}}],"collection":[{"href":"https:\/\/denpanels.com\/sl\/wp-json\/wp\/v2\/pages"}],"about":[{"href":"https:\/\/denpanels.com\/sl\/wp-json\/wp\/v2\/types\/page"}],"author":[{"embeddable":true,"href":"https:\/\/denpanels.com\/sl\/wp-json\/wp\/v2\/users\/3"}],"replies":[{"embeddable":true,"href":"https:\/\/denpanels.com\/sl\/wp-json\/wp\/v2\/comments?post=25699"}],"version-history":[{"count":3,"href":"https:\/\/denpanels.com\/sl\/wp-json\/wp\/v2\/pages\/25699\/revisions"}],"predecessor-version":[{"id":25705,"href":"https:\/\/denpanels.com\/sl\/wp-json\/wp\/v2\/pages\/25699\/revisions\/25705"}],"up":[{"embeddable":true,"href":"https:\/\/denpanels.com\/sl\/wp-json\/wp\/v2\/pages\/25478"}],"acf:attachment":[{"embeddable":true,"href":"https:\/\/denpanels.com\/sl\/wp-json\/wp\/v2\/media\/25397"}],"acf:post":[{"embeddable":true,"href":"https:\/\/denpanels.com\/sl\/wp-json\/wp\/v2\/translation\/25136"}],"acf:term":[{"embeddable":true,"taxonomy":"product-category","href":"https:\/\/denpanels.com\/sl\/wp-json\/wp\/v2\/product-category\/709"}],"wp:attachment":[{"href":"https:\/\/denpanels.com\/sl\/wp-json\/wp\/v2\/media?parent=25699"}],"wp:term":[{"taxonomy":"page-section","embeddable":true,"href":"https:\/\/denpanels.com\/sl\/wp-json\/wp\/v2\/page-section?post=25699"},{"taxonomy":"page-template","embeddable":true,"href":"https:\/\/denpanels.com\/sl\/wp-json\/wp\/v2\/page-template?post=25699"}],"curies":[{"name":"wp","href":"https:\/\/api.w.org\/{rel}","templated":true}]}}