{"id":25691,"date":"2025-01-09T12:01:39","date_gmt":"2025-01-09T11:01:39","guid":{"rendered":"https:\/\/denpanels.com\/plosce\/dodatki\/led-light-cover\/"},"modified":"2025-04-15T13:22:10","modified_gmt":"2025-04-15T11:22:10","slug":"led-light-cover","status":"publish","type":"page","link":"https:\/\/denpanels.com\/sl\/plosce\/dodatki\/led-light-cover\/","title":{"rendered":"LED Light Cover"},"content":{"rendered":"","protected":false},"excerpt":{"rendered":"","protected":false},"author":3,"featured_media":0,"parent":25478,"menu_order":0,"comment_status":"closed","ping_status":"closed","template":"","meta":{"_acf_changed":false,"footnotes":""},"page-section":[524,525,529,526],"page-template":[370],"class_list":["post-25691","page","type-page","status-publish","hentry","page-section-datasheet","page-section-hero","page-section-highlighted-inspiration","page-section-product-category","page-template-product-sub-category"],"acf":{"product_category-selected":690,"product_category-headline_p1":"Izbolj\u0161ajte svoje akusti\u010dne plo\u0161\u010de","product_category-headline_p2":"z LED Light Covers","product_category-introduction":"Pri Denpanels vam omogo\u010damo enostavno integracijo stilske razsvetljave v va\u0161e akusti\u010dne plo\u0161\u010de z na\u0161im LED Light Cover.\r\n\r\nZasnovan za brezskrbno namestitev, ta profil se brez te\u017eav namesti \u010dez LED trak, postavljen med letvicami, zagotavljajo\u010d enakomerno porazdelitev svetlobe in brez\u0161iven estetski videz, brez spreminjanja samega LED traku.\r\n\r\n<strong>Sofisticiran in sodoben<\/strong> \u2013 izbolj\u0161a tako razsvetljavo kot dizajn plo\u0161\u010d.  \r\n<strong>Enostavna namestitev<\/strong> \u2013 preprosto ga polo\u017eite \u010dez va\u0161 LED trak.  \r\n<strong>Popoln prilegajo\u010d<\/strong> \u2013 zasnovano za uporabo z Denpanels akusti\u010dnimi plo\u0161\u010dami.\r\n\r\nPodrobnosti o izdelku:  \r\nDimenzije: 600 x 45 x 10 mm  \r\nVsebuje: 4 LED Light Covers\r\n\r\nLED trak ni vklju\u010den.\r\n\r\nUstvarite \u010dudovito osvetljen prostor z minimalnim naporom!","product_category-highlighted_media":25692,"product_category-cta":{"product_category_cta":null},"comparrison_image":null,"product_category-some_of_our_combinations":25136,"hero-media":[25693],"hero-h1":"LED Light Cover","hero-sub_header":""},"_links":{"self":[{"href":"https:\/\/denpanels.com\/sl\/wp-json\/wp\/v2\/pages\/25691","targetHints":{"allow":["GET"]}}],"collection":[{"href":"https:\/\/denpanels.com\/sl\/wp-json\/wp\/v2\/pages"}],"about":[{"href":"https:\/\/denpanels.com\/sl\/wp-json\/wp\/v2\/types\/page"}],"author":[{"embeddable":true,"href":"https:\/\/denpanels.com\/sl\/wp-json\/wp\/v2\/users\/3"}],"replies":[{"embeddable":true,"href":"https:\/\/denpanels.com\/sl\/wp-json\/wp\/v2\/comments?post=25691"}],"version-history":[{"count":2,"href":"https:\/\/denpanels.com\/sl\/wp-json\/wp\/v2\/pages\/25691\/revisions"}],"predecessor-version":[{"id":28097,"href":"https:\/\/denpanels.com\/sl\/wp-json\/wp\/v2\/pages\/25691\/revisions\/28097"}],"up":[{"embeddable":true,"href":"https:\/\/denpanels.com\/sl\/wp-json\/wp\/v2\/pages\/25478"}],"acf:attachment":[{"embeddable":true,"href":"https:\/\/denpanels.com\/sl\/wp-json\/wp\/v2\/media\/25693"}],"acf:post":[{"embeddable":true,"href":"https:\/\/denpanels.com\/sl\/wp-json\/wp\/v2\/translation\/25136"}],"acf:term":[{"embeddable":true,"taxonomy":"product-category","href":"https:\/\/denpanels.com\/sl\/wp-json\/wp\/v2\/product-category\/690"}],"wp:attachment":[{"href":"https:\/\/denpanels.com\/sl\/wp-json\/wp\/v2\/media?parent=25691"}],"wp:term":[{"taxonomy":"page-section","embeddable":true,"href":"https:\/\/denpanels.com\/sl\/wp-json\/wp\/v2\/page-section?post=25691"},{"taxonomy":"page-template","embeddable":true,"href":"https:\/\/denpanels.com\/sl\/wp-json\/wp\/v2\/page-template?post=25691"}],"curies":[{"name":"wp","href":"https:\/\/api.w.org\/{rel}","templated":true}]}}