{"id":25686,"date":"2025-01-09T12:05:05","date_gmt":"2025-01-09T11:05:05","guid":{"rendered":"https:\/\/denpanels.com\/plosce\/dodatki\/storage\/"},"modified":"2025-04-15T13:10:15","modified_gmt":"2025-04-15T11:10:15","slug":"shranjevanje","status":"publish","type":"page","link":"https:\/\/denpanels.com\/sl\/plosce\/dodatki\/shranjevanje\/","title":{"rendered":"Shranjevanje"},"content":{"rendered":"<div><\/div>\n<div><\/div>\n<p>&nbsp;<\/p>\n<p>&nbsp;<\/p>\n<ul>\n<li><\/li>\n<li><\/li>\n<li><\/li>\n<li><\/li>\n<\/ul>\n<ul>\n<li><\/li>\n<li><\/li>\n<li><\/li>\n<li><\/li>\n<\/ul>\n<ul>\n<li><\/li>\n<li><\/li>\n<li><\/li>\n<li><\/li>\n<\/ul>\n<ul>\n<li><\/li>\n<li><\/li>\n<li><\/li>\n<li><\/li>\n<\/ul>\n<div><\/div>\n<p><!--more--><\/p>\n","protected":false},"excerpt":{"rendered":"<p>&nbsp; &nbsp;<\/p>\n","protected":false},"author":3,"featured_media":0,"parent":25478,"menu_order":0,"comment_status":"closed","ping_status":"closed","template":"","meta":{"_acf_changed":false,"footnotes":""},"page-section":[524,525,529,528,526],"page-template":[370],"class_list":["post-25686","page","type-page","status-publish","hentry","page-section-datasheet","page-section-hero","page-section-highlighted-inspiration","page-section-megamenu","page-section-product-category","page-template-product-sub-category"],"acf":{"product_category-selected":695,"product_category-headline_p1":"Pametno shranjevanje","product_category-headline_p2":"Se sre\u010duje s stilskim dizajnom","product_category-introduction":"Pri Denpanels va\u0161im akusti\u010dnim plo\u0161\u010dam dodamo funkcionalne re\u0161itve za shranjevanje z na\u0161imi elegantnimi in prakti\u010dnimi policami. Zasnovane za enostavno monta\u017eo, te police ponujajo pameten na\u010din za shranjevanje in prikazovanje vsakodnevnih potreb\u0161\u010din, brez \u017ertvovanja akustike.\r\n\r\n<strong>Enostavna namestitev<\/strong> \u2013 brezskrbno se integrirajo z va\u0161imi akusti\u010dnimi plo\u0161\u010dami.  \r\n<strong>Vsestranski dizajn<\/strong> \u2013 idealne za rastline, knjige in dekorativne predmete.  \r\n<strong>Mo\u010dne in vzdr\u017eljive<\/strong> \u2013 podpirajo do 5 kg \/ 11 lbs.\r\n\r\nPolice za shranjevanje s kljukami  \r\nDodajte funkcionalnost in slog svoji predsobi, pisarni ali bivalnem prostoru z na\u0161imi policami za shranjevanje, ki vsebujejo \u0161tiri integrirane kljuke. Idealne so za klju\u010de, torbe in druge male potreb\u0161\u010dine, pomagajo pa ohranjati va\u0161 prostor organiziran in eleganten, hkrati pa ohranjajo optimalno akustiko prostora.\r\n\r\nDimenzije: 50 x 215 x 70 mm  \r\nNosilnost: 5 kg \/ 11 lbs\r\n\r\nPametno shranjevanje, enostavno izvedeno.","product_category-highlighted_media":25687,"product_category-cta":{"product_category_cta":null},"comparrison_image":null,"product_category-some_of_our_combinations":25136,"hero-media":[12382,25485],"hero-h1":"Shranjevanje","hero-sub_header":""},"_links":{"self":[{"href":"https:\/\/denpanels.com\/sl\/wp-json\/wp\/v2\/pages\/25686","targetHints":{"allow":["GET"]}}],"collection":[{"href":"https:\/\/denpanels.com\/sl\/wp-json\/wp\/v2\/pages"}],"about":[{"href":"https:\/\/denpanels.com\/sl\/wp-json\/wp\/v2\/types\/page"}],"author":[{"embeddable":true,"href":"https:\/\/denpanels.com\/sl\/wp-json\/wp\/v2\/users\/3"}],"replies":[{"embeddable":true,"href":"https:\/\/denpanels.com\/sl\/wp-json\/wp\/v2\/comments?post=25686"}],"version-history":[{"count":4,"href":"https:\/\/denpanels.com\/sl\/wp-json\/wp\/v2\/pages\/25686\/revisions"}],"predecessor-version":[{"id":28083,"href":"https:\/\/denpanels.com\/sl\/wp-json\/wp\/v2\/pages\/25686\/revisions\/28083"}],"up":[{"embeddable":true,"href":"https:\/\/denpanels.com\/sl\/wp-json\/wp\/v2\/pages\/25478"}],"acf:attachment":[{"embeddable":true,"href":"https:\/\/denpanels.com\/sl\/wp-json\/wp\/v2\/media\/25485"},{"embeddable":true,"href":"https:\/\/denpanels.com\/sl\/wp-json\/wp\/v2\/media\/12382"}],"acf:post":[{"embeddable":true,"href":"https:\/\/denpanels.com\/sl\/wp-json\/wp\/v2\/translation\/25136"}],"acf:term":[{"embeddable":true,"taxonomy":"product-category","href":"https:\/\/denpanels.com\/sl\/wp-json\/wp\/v2\/product-category\/695"}],"wp:attachment":[{"href":"https:\/\/denpanels.com\/sl\/wp-json\/wp\/v2\/media?parent=25686"}],"wp:term":[{"taxonomy":"page-section","embeddable":true,"href":"https:\/\/denpanels.com\/sl\/wp-json\/wp\/v2\/page-section?post=25686"},{"taxonomy":"page-template","embeddable":true,"href":"https:\/\/denpanels.com\/sl\/wp-json\/wp\/v2\/page-template?post=25686"}],"curies":[{"name":"wp","href":"https:\/\/api.w.org\/{rel}","templated":true}]}}