{"id":25680,"date":"2024-11-28T10:50:59","date_gmt":"2024-11-28T09:50:59","guid":{"rendered":"https:\/\/denpanels.com\/plosce\/dodatki\/hooks-brackets\/"},"modified":"2025-04-15T13:15:46","modified_gmt":"2025-04-15T11:15:46","slug":"kljuke-in-nosilci","status":"publish","type":"page","link":"https:\/\/denpanels.com\/sl\/plosce\/dodatki\/kljuke-in-nosilci\/","title":{"rendered":"Kljuke in nosilci"},"content":{"rendered":"","protected":false},"excerpt":{"rendered":"","protected":false},"author":1,"featured_media":0,"parent":25478,"menu_order":0,"comment_status":"closed","ping_status":"closed","template":"","meta":{"_acf_changed":false,"footnotes":""},"page-section":[524,525,529,526],"page-template":[370],"class_list":["post-25680","page","type-page","status-publish","hentry","page-section-datasheet","page-section-hero","page-section-highlighted-inspiration","page-section-product-category","page-template-product-sub-category"],"acf":{"product_category-selected":697,"product_category-headline_p1":"Izbolj\u0161ajte svoje akusti\u010dne plo\u0161\u010de","product_category-headline_p2":"z pametno in stilsko funkcionalnostjo","product_category-introduction":"Pri Denpanels vam omogo\u010damo enostavno zdru\u017eevanje dizajna in funkcionalnosti z na\u0161imi inovativnimi kljukami in nosilci, ki va\u0161e akusti\u010dne plo\u0161\u010de preoblikujejo v funkcionalne re\u0161itve za shranjevanje.\r\n\r\n- Pametno in stilsko \u2013 brezskrbno vklju\u010dite shranjevanje v va\u0161 dizajn plo\u0161\u010d.\r\n- Enostavna monta\u017ea \u2013 deluje tako z horizontalnimi kot vertikalnimi postavitvami plo\u0161\u010d.\r\n- Mo\u010dno in varno \u2013 dr\u017ei do 5 kg \/ 11 lbs na kljuko.\r\n\r\nUporabite na\u0161e kljuke za obe\u0161anje jaken, torb in klju\u010dev ali prilagodite s pomo\u010djo nosilcev za police, ro\u010daje ali dodatne kljuke, ki ustrezajo va\u0161emu slogu.\r\n\r\nNamestitev je hitra in enostavna:\r\n- Horizontalne plo\u0161\u010de: Trdno zaklenite nosilec za letvico za skrit in stabilen prilegajo\u010d.\r\n- Vertikalne plo\u0161\u010de: Prilo\u017eite vertikalno monta\u017eo (prodaja se lo\u010deno) na filc, nato zaklenite nosilec na mestu za prilagodljivo pozicioniranje.\r\n\r\nZ na\u0161imi kljukami in nosilci va\u0161e akusti\u010dne plo\u0161\u010de postanejo ve\u010d kot le oblikovalski element \u2013 postanejo organiziran in stilski del va\u0161ega prostora.\r\n\r\nVsak paket vsebuje 2 kosa.","product_category-highlighted_media":25683,"product_category-cta":{"product_category_cta":null},"comparrison_image":null,"product_category-some_of_our_combinations":25136,"hero-media":[25682],"hero-h1":"Kljuke in nosilci","hero-sub_header":""},"_links":{"self":[{"href":"https:\/\/denpanels.com\/sl\/wp-json\/wp\/v2\/pages\/25680","targetHints":{"allow":["GET"]}}],"collection":[{"href":"https:\/\/denpanels.com\/sl\/wp-json\/wp\/v2\/pages"}],"about":[{"href":"https:\/\/denpanels.com\/sl\/wp-json\/wp\/v2\/types\/page"}],"author":[{"embeddable":true,"href":"https:\/\/denpanels.com\/sl\/wp-json\/wp\/v2\/users\/1"}],"replies":[{"embeddable":true,"href":"https:\/\/denpanels.com\/sl\/wp-json\/wp\/v2\/comments?post=25680"}],"version-history":[{"count":3,"href":"https:\/\/denpanels.com\/sl\/wp-json\/wp\/v2\/pages\/25680\/revisions"}],"predecessor-version":[{"id":28090,"href":"https:\/\/denpanels.com\/sl\/wp-json\/wp\/v2\/pages\/25680\/revisions\/28090"}],"up":[{"embeddable":true,"href":"https:\/\/denpanels.com\/sl\/wp-json\/wp\/v2\/pages\/25478"}],"acf:attachment":[{"embeddable":true,"href":"https:\/\/denpanels.com\/sl\/wp-json\/wp\/v2\/media\/25682"}],"acf:post":[{"embeddable":true,"href":"https:\/\/denpanels.com\/sl\/wp-json\/wp\/v2\/translation\/25136"}],"acf:term":[{"embeddable":true,"taxonomy":"product-category","href":"https:\/\/denpanels.com\/sl\/wp-json\/wp\/v2\/product-category\/697"}],"wp:attachment":[{"href":"https:\/\/denpanels.com\/sl\/wp-json\/wp\/v2\/media?parent=25680"}],"wp:term":[{"taxonomy":"page-section","embeddable":true,"href":"https:\/\/denpanels.com\/sl\/wp-json\/wp\/v2\/page-section?post=25680"},{"taxonomy":"page-template","embeddable":true,"href":"https:\/\/denpanels.com\/sl\/wp-json\/wp\/v2\/page-template?post=25680"}],"curies":[{"name":"wp","href":"https:\/\/api.w.org\/{rel}","templated":true}]}}