{"id":25676,"date":"2025-01-09T12:08:22","date_gmt":"2025-01-09T11:08:22","guid":{"rendered":"https:\/\/denpanels.com\/plosce\/dodatki\/frames\/"},"modified":"2026-02-12T10:20:58","modified_gmt":"2026-02-12T09:20:58","slug":"frames","status":"publish","type":"page","link":"https:\/\/denpanels.com\/sl\/plosce\/dodatki\/frames\/","title":{"rendered":"Frames"},"content":{"rendered":"","protected":false},"excerpt":{"rendered":"","protected":false},"author":3,"featured_media":0,"parent":25478,"menu_order":0,"comment_status":"closed","ping_status":"closed","template":"","meta":{"_acf_changed":false,"footnotes":""},"page-section":[524,525,529,528,526],"page-template":[370],"class_list":["post-25676","page","type-page","status-publish","hentry","page-section-datasheet","page-section-hero","page-section-highlighted-inspiration","page-section-megamenu","page-section-product-category","page-template-product-sub-category"],"acf":{"product_category-selected":706,"product_category-headline_p1":"Popoln prilegajo\u010d","product_category-headline_p2":"za brezskrbno zaklju\u010devanje","product_category-introduction":"\u017delite \u010disti in profesionalen na\u010din za vgradnjo vti\u010dnic v akusti\u010dne plo\u0161\u010de?\r\n\r\nOkvirji Denpanels so zasnovani tako, da ustvarjajo natan\u010dno in brezhibno re\u0161itev, ki ohranja vizualni izraz in akusti\u010dne lastnosti va\u0161ih plo\u0161\u010d. Okvirji so zasnovani tako, da se popolnoma ujemajo z va\u0161imi lesenimi plo\u0161\u010dami. Vsak okvir je izdelan iz MDF plo\u0161\u010de, oblo\u017eene z furnirjem iz pravega lesa, ki se ujema z va\u0161imi plo\u0161\u010dami Denpanels, kar zagotavlja harmoni\u010den in dosleden videz.\r\n\r\nOkvirji so po meri prilagojeni va\u0161i specifi\u010dni namestitvi vti\u010dnic, tako da tehni\u010dni elementi postanejo naraven in izpopolnjen del celotnega dizajna. Z okvirjem, ki vti\u010dnico lepo obdaja v povr\u0161ini plo\u0161\u010de, dose\u017eete \u010disto, kohezivno kon\u010dno obdelavo, ne da bi pri tem ogro\u017eali elegantno estetiko plo\u0161\u010de ali njene zvo\u010dno absorpcijske lastnosti.\r\n\r\nOkvirji so natan\u010dno izdelani in temeljijo na visokokakovostnem danskem dizajnu, zdru\u017eujejo pa pozornost do detajlov, funkcionalnost in vizualno skladnost. Rezultat je premi\u0161ljen zaklju\u010dni detajl, ki izbolj\u0161a prostor \u2013 stilsko, integrirano in popolnoma funkcionalno.","product_category-highlighted_media":29453,"product_category-cta":{"product_category_cta":null},"comparrison_image":29444,"product_category-some_of_our_combinations":25136,"hero-media":[25678],"hero-h1":"Frames","hero-sub_header":""},"_links":{"self":[{"href":"https:\/\/denpanels.com\/sl\/wp-json\/wp\/v2\/pages\/25676","targetHints":{"allow":["GET"]}}],"collection":[{"href":"https:\/\/denpanels.com\/sl\/wp-json\/wp\/v2\/pages"}],"about":[{"href":"https:\/\/denpanels.com\/sl\/wp-json\/wp\/v2\/types\/page"}],"author":[{"embeddable":true,"href":"https:\/\/denpanels.com\/sl\/wp-json\/wp\/v2\/users\/3"}],"replies":[{"embeddable":true,"href":"https:\/\/denpanels.com\/sl\/wp-json\/wp\/v2\/comments?post=25676"}],"version-history":[{"count":2,"href":"https:\/\/denpanels.com\/sl\/wp-json\/wp\/v2\/pages\/25676\/revisions"}],"predecessor-version":[{"id":31015,"href":"https:\/\/denpanels.com\/sl\/wp-json\/wp\/v2\/pages\/25676\/revisions\/31015"}],"up":[{"embeddable":true,"href":"https:\/\/denpanels.com\/sl\/wp-json\/wp\/v2\/pages\/25478"}],"acf:attachment":[{"embeddable":true,"href":"https:\/\/denpanels.com\/sl\/wp-json\/wp\/v2\/media\/25678"}],"acf:post":[{"embeddable":true,"href":"https:\/\/denpanels.com\/sl\/wp-json\/wp\/v2\/translation\/25136"}],"acf:term":[{"embeddable":true,"taxonomy":"product-category","href":"https:\/\/denpanels.com\/sl\/wp-json\/wp\/v2\/product-category\/706"}],"wp:attachment":[{"href":"https:\/\/denpanels.com\/sl\/wp-json\/wp\/v2\/media?parent=25676"}],"wp:term":[{"taxonomy":"page-section","embeddable":true,"href":"https:\/\/denpanels.com\/sl\/wp-json\/wp\/v2\/page-section?post=25676"},{"taxonomy":"page-template","embeddable":true,"href":"https:\/\/denpanels.com\/sl\/wp-json\/wp\/v2\/page-template?post=25676"}],"curies":[{"name":"wp","href":"https:\/\/api.w.org\/{rel}","templated":true}]}}