{"id":25670,"date":"2025-01-09T12:14:33","date_gmt":"2025-01-09T11:14:33","guid":{"rendered":"https:\/\/denpanels.com\/plosce\/dodatki\/oils\/"},"modified":"2025-03-13T10:35:04","modified_gmt":"2025-03-13T09:35:04","slug":"olja","status":"publish","type":"page","link":"https:\/\/denpanels.com\/sl\/plosce\/dodatki\/olja\/","title":{"rendered":"Olja"},"content":{"rendered":"","protected":false},"excerpt":{"rendered":"","protected":false},"author":3,"featured_media":0,"parent":25478,"menu_order":0,"comment_status":"closed","ping_status":"closed","template":"","meta":{"_acf_changed":false,"footnotes":""},"page-section":[525,529,528,526],"page-template":[370],"class_list":["post-25670","page","type-page","status-publish","hentry","page-section-hero","page-section-highlighted-inspiration","page-section-megamenu","page-section-product-category","page-template-product-sub-category"],"acf":{"product_category-selected":688,"product_category-headline_p1":"Za\u0161\u010ditite, izbolj\u0161ajte in","product_category-headline_p2":"Personalizirajte svoje lesene plo\u0161\u010de","product_category-introduction":"Pri Denpanels vam pomagamo podalj\u0161ati trajnost, izbolj\u0161ati naravno lepoto in prilagoditi va\u0161e plo\u0161\u010de z na\u0161imi visokokakovostnimi olji za nego.\r\n\r\n<strong>O\u017eivi in za\u0161\u010diti<\/strong> \u2013 neguje les in zagotavlja trpe\u017een zaklju\u010dek.  \r\n<strong>Izbolj\u0161a teksturo<\/strong> \u2013 poudari naravni vzorec lesa za prefinjen videz.  \r\n<strong>Prilagodljivo<\/strong> \u2013 na voljo v petih elegantnih barvah, ki se uskladijo z va\u0161im stilom.\r\n\r\nVsaka 500 ml steklenica je enostavna za uporabo \u2013 preprosto sledite navodilom za najbolj\u0161e rezultate.\r\n\r\nOhranite. Izbolj\u0161ajte. Personalizirajte.","product_category-highlighted_media":25673,"product_category-cta":{"product_category_cta":null},"comparrison_image":null,"product_category-some_of_our_combinations":25136,"hero-media":[25671],"hero-h1":"Olja","hero-sub_header":""},"_links":{"self":[{"href":"https:\/\/denpanels.com\/sl\/wp-json\/wp\/v2\/pages\/25670","targetHints":{"allow":["GET"]}}],"collection":[{"href":"https:\/\/denpanels.com\/sl\/wp-json\/wp\/v2\/pages"}],"about":[{"href":"https:\/\/denpanels.com\/sl\/wp-json\/wp\/v2\/types\/page"}],"author":[{"embeddable":true,"href":"https:\/\/denpanels.com\/sl\/wp-json\/wp\/v2\/users\/3"}],"replies":[{"embeddable":true,"href":"https:\/\/denpanels.com\/sl\/wp-json\/wp\/v2\/comments?post=25670"}],"version-history":[{"count":2,"href":"https:\/\/denpanels.com\/sl\/wp-json\/wp\/v2\/pages\/25670\/revisions"}],"predecessor-version":[{"id":25675,"href":"https:\/\/denpanels.com\/sl\/wp-json\/wp\/v2\/pages\/25670\/revisions\/25675"}],"up":[{"embeddable":true,"href":"https:\/\/denpanels.com\/sl\/wp-json\/wp\/v2\/pages\/25478"}],"acf:attachment":[{"embeddable":true,"href":"https:\/\/denpanels.com\/sl\/wp-json\/wp\/v2\/media\/25671"}],"acf:post":[{"embeddable":true,"href":"https:\/\/denpanels.com\/sl\/wp-json\/wp\/v2\/translation\/25136"}],"acf:term":[{"embeddable":true,"taxonomy":"product-category","href":"https:\/\/denpanels.com\/sl\/wp-json\/wp\/v2\/product-category\/688"}],"wp:attachment":[{"href":"https:\/\/denpanels.com\/sl\/wp-json\/wp\/v2\/media?parent=25670"}],"wp:term":[{"taxonomy":"page-section","embeddable":true,"href":"https:\/\/denpanels.com\/sl\/wp-json\/wp\/v2\/page-section?post=25670"},{"taxonomy":"page-template","embeddable":true,"href":"https:\/\/denpanels.com\/sl\/wp-json\/wp\/v2\/page-template?post=25670"}],"curies":[{"name":"wp","href":"https:\/\/api.w.org\/{rel}","templated":true}]}}