{"id":25653,"date":"2025-01-09T12:11:21","date_gmt":"2025-01-09T11:11:21","guid":{"rendered":"https:\/\/denpanels.com\/plosce\/dodatki\/finishing-slats\/"},"modified":"2025-03-13T10:32:50","modified_gmt":"2025-03-13T09:32:50","slug":"zakljucne-letvice","status":"publish","type":"page","link":"https:\/\/denpanels.com\/sl\/plosce\/dodatki\/zakljucne-letvice\/","title":{"rendered":"Zaklju\u010dne letvice"},"content":{"rendered":"","protected":false},"excerpt":{"rendered":"","protected":false},"author":3,"featured_media":0,"parent":25478,"menu_order":0,"comment_status":"closed","ping_status":"closed","template":"","meta":{"_acf_changed":false,"footnotes":""},"page-section":[536,524,525,528,526],"page-template":[497],"class_list":["post-25653","page","type-page","status-publish","hentry","page-section-content-blocks","page-section-datasheet","page-section-hero","page-section-megamenu","page-section-product-category","page-template-category-finishing-slates"],"acf":{"finishing_slats-sub_categories_copy":[498,499],"product_category-selected":705,"product_category-headline_p1":"Zaklju\u010dne letvice:","product_category-headline_p2":"Popoln kon\u010dni dotik","product_category-introduction":"Pri Denpanels ponujamo zaklju\u010dne letvice za brez\u0161iven in usklajen lesen zaklju\u010dek pri namestitvi va\u0161ih akusti\u010dnih plo\u0161\u010d. Medtem ko nekateri raje \u010drne robove, drugi \u017eelijo naravni leseni videz \u2013 in tukaj pridejo na\u0161e zaklju\u010dne letvice!\r\n\r\n<strong>Usklajeno z va\u0161imi plo\u0161\u010dami<\/strong> \u2013 izdelane iz barvno celovitega MDF-ja z pravim lesenim furnirjem.  \r\n<strong>Enostavna namestitev<\/strong> \u2013 preprosto jih pritrdite z monta\u017enim lepilom.  \r\n<strong>Prilagojene velikosti<\/strong> \u2013 na voljo v razli\u010dnih dol\u017einah in \u0161irinah do 3000 mm.  \r\n\r\nIzbira prave velikosti:  \r\n27 mm letvica \u2013 za plo\u0161\u010de, name\u0161\u010dene neposredno na steno.  \r\n62 mm letvica \u2013 za plo\u0161\u010de, name\u0161\u010dene na letvice.\r\n\r\nZ zaklju\u010dnimi letvicami dose\u017eete u\u010dinek trdnega lesa in lep, poliran videz za va\u0161 Denpanels projekt.\r\n\r\nBrez\u0161iven dizajn. Preprosta namestitev. Osupljivi rezultati.","product_category-highlighted_media":25656,"product_category-cta":{"product_category_cta":null},"comparrison_image":null,"product_category-some_of_our_combinations":25136,"hero-media":[25657],"hero-h1":"Zaklju\u010dne letvice","hero-sub_header":""},"_links":{"self":[{"href":"https:\/\/denpanels.com\/sl\/wp-json\/wp\/v2\/pages\/25653","targetHints":{"allow":["GET"]}}],"collection":[{"href":"https:\/\/denpanels.com\/sl\/wp-json\/wp\/v2\/pages"}],"about":[{"href":"https:\/\/denpanels.com\/sl\/wp-json\/wp\/v2\/types\/page"}],"author":[{"embeddable":true,"href":"https:\/\/denpanels.com\/sl\/wp-json\/wp\/v2\/users\/3"}],"replies":[{"embeddable":true,"href":"https:\/\/denpanels.com\/sl\/wp-json\/wp\/v2\/comments?post=25653"}],"version-history":[{"count":3,"href":"https:\/\/denpanels.com\/sl\/wp-json\/wp\/v2\/pages\/25653\/revisions"}],"predecessor-version":[{"id":25669,"href":"https:\/\/denpanels.com\/sl\/wp-json\/wp\/v2\/pages\/25653\/revisions\/25669"}],"up":[{"embeddable":true,"href":"https:\/\/denpanels.com\/sl\/wp-json\/wp\/v2\/pages\/25478"}],"acf:attachment":[{"embeddable":true,"href":"https:\/\/denpanels.com\/sl\/wp-json\/wp\/v2\/media\/25657"}],"acf:post":[{"embeddable":true,"href":"https:\/\/denpanels.com\/sl\/wp-json\/wp\/v2\/translation\/25136"}],"acf:term":[{"embeddable":true,"taxonomy":"product-category","href":"https:\/\/denpanels.com\/sl\/wp-json\/wp\/v2\/product-category\/705"},{"embeddable":true,"taxonomy":"product-category","href":"https:\/\/denpanels.com\/sl\/wp-json\/wp\/v2\/product-category\/499"},{"embeddable":true,"taxonomy":"product-category","href":"https:\/\/denpanels.com\/sl\/wp-json\/wp\/v2\/product-category\/498"}],"wp:attachment":[{"href":"https:\/\/denpanels.com\/sl\/wp-json\/wp\/v2\/media?parent=25653"}],"wp:term":[{"taxonomy":"page-section","embeddable":true,"href":"https:\/\/denpanels.com\/sl\/wp-json\/wp\/v2\/page-section?post=25653"},{"taxonomy":"page-template","embeddable":true,"href":"https:\/\/denpanels.com\/sl\/wp-json\/wp\/v2\/page-template?post=25653"}],"curies":[{"name":"wp","href":"https:\/\/api.w.org\/{rel}","templated":true}]}}