{"id":25647,"date":"2024-07-15T10:28:54","date_gmt":"2024-07-15T08:28:54","guid":{"rendered":"https:\/\/denpanels.com\/plosce\/dizajnerske-plosce\/sticks\/"},"modified":"2025-03-13T10:27:53","modified_gmt":"2025-03-13T09:27:53","slug":"sticks","status":"publish","type":"page","link":"https:\/\/denpanels.com\/sl\/plosce\/dizajnerske-plosce\/sticks\/","title":{"rendered":"Sticks"},"content":{"rendered":"","protected":false},"excerpt":{"rendered":"","protected":false},"author":3,"featured_media":0,"parent":25452,"menu_order":4,"comment_status":"closed","ping_status":"closed","template":"","meta":{"_acf_changed":false,"footnotes":""},"page-section":[525,528,526],"page-template":[493],"class_list":["post-25647","page","type-page","status-publish","hentry","page-section-hero","page-section-megamenu","page-section-product-category","page-template-category-sticks"],"acf":{"product_category-selected":704,"product_category-headline_p1":"Denpanels Sticks:","product_category-headline_p2":"Preprosta eleganca in neomejena ustvarjalnost","product_category-introduction":"Pri Denpanels vam predstavljamo Sticks \u2013 vsestranski in stilski na\u010din za enostavno personalizacijo va\u0161ih sten in stropov. Z razli\u010dnimi teksturami, barvami in zaklju\u010dki je va\u0161a ustvarjalnost edina omejitev.\r\n\r\n<strong>Izpopolnjen dizajn<\/strong> \u2013 na voljo v lesenem furnirju, linoleju, laminatu in foliji.  \r\n<strong>Vrhunsk\u0430 kakovost<\/strong> \u2013 izdelano iz 9 mm MDF, ki izpolnjuje okoljske standarde Carb2 in AgBB.  \r\n<strong>Enostavna monta\u017ea<\/strong> \u2013 samolepilna podloga za hitro in enostavno monta\u017eo.\r\n\r\nNe glede na to, ali imate raje eleganco linoleja, toplino lesa ali eleganten videz laminata, Sticks ponujajo brezskrbno zdru\u017eevanje estetike in prakti\u010dnosti za vsak interier \u2013 od sodobnega minimalizma do brez\u010dasne tradicije.\r\n\r\nPreprosta namestitev. Osupljivi rezultati. Neomejene mo\u017enosti.","product_category-highlighted_media":25651,"product_category-cta":{"product_category_cta":null},"comparrison_image":null,"product_category-some_of_our_combinations":25136,"hero-media":[25650],"hero-h1":"Sticks","hero-sub_header":""},"_links":{"self":[{"href":"https:\/\/denpanels.com\/sl\/wp-json\/wp\/v2\/pages\/25647","targetHints":{"allow":["GET"]}}],"collection":[{"href":"https:\/\/denpanels.com\/sl\/wp-json\/wp\/v2\/pages"}],"about":[{"href":"https:\/\/denpanels.com\/sl\/wp-json\/wp\/v2\/types\/page"}],"author":[{"embeddable":true,"href":"https:\/\/denpanels.com\/sl\/wp-json\/wp\/v2\/users\/3"}],"replies":[{"embeddable":true,"href":"https:\/\/denpanels.com\/sl\/wp-json\/wp\/v2\/comments?post=25647"}],"version-history":[{"count":1,"href":"https:\/\/denpanels.com\/sl\/wp-json\/wp\/v2\/pages\/25647\/revisions"}],"predecessor-version":[{"id":25652,"href":"https:\/\/denpanels.com\/sl\/wp-json\/wp\/v2\/pages\/25647\/revisions\/25652"}],"up":[{"embeddable":true,"href":"https:\/\/denpanels.com\/sl\/wp-json\/wp\/v2\/pages\/25452"}],"acf:attachment":[{"embeddable":true,"href":"https:\/\/denpanels.com\/sl\/wp-json\/wp\/v2\/media\/25650"}],"acf:post":[{"embeddable":true,"href":"https:\/\/denpanels.com\/sl\/wp-json\/wp\/v2\/translation\/25136"}],"acf:term":[{"embeddable":true,"taxonomy":"product-category","href":"https:\/\/denpanels.com\/sl\/wp-json\/wp\/v2\/product-category\/704"}],"wp:attachment":[{"href":"https:\/\/denpanels.com\/sl\/wp-json\/wp\/v2\/media?parent=25647"}],"wp:term":[{"taxonomy":"page-section","embeddable":true,"href":"https:\/\/denpanels.com\/sl\/wp-json\/wp\/v2\/page-section?post=25647"},{"taxonomy":"page-template","embeddable":true,"href":"https:\/\/denpanels.com\/sl\/wp-json\/wp\/v2\/page-template?post=25647"}],"curies":[{"name":"wp","href":"https:\/\/api.w.org\/{rel}","templated":true}]}}