{"id":25631,"date":"2024-07-10T13:55:56","date_gmt":"2024-07-10T11:55:56","guid":{"rendered":"https:\/\/denpanels.com\/plosce\/dizajnerske-plosce\/wall-tiles-system\/"},"modified":"2025-03-13T10:26:20","modified_gmt":"2025-03-13T09:26:20","slug":"wall-tiles-system","status":"publish","type":"page","link":"https:\/\/denpanels.com\/sl\/plosce\/dizajnerske-plosce\/wall-tiles-system\/","title":{"rendered":"Wall tiles"},"content":{"rendered":"","protected":false},"excerpt":{"rendered":"","protected":false},"author":1,"featured_media":0,"parent":25452,"menu_order":3,"comment_status":"closed","ping_status":"closed","template":"","meta":{"_acf_changed":false,"footnotes":""},"page-section":[524,525,528,526],"page-template":[496],"class_list":["post-25631","page","type-page","status-publish","hentry","page-section-datasheet","page-section-hero","page-section-megamenu","page-section-product-category","page-template-category-wall-tiles"],"acf":{"product_category-selected":703,"product_category-headline_p1":"Denpanels Wall Tiles:","product_category-headline_p2":"Kjer tradicija sre\u010da ustvarjalnost","product_category-introduction":"Pri Denpanels vam predstavljamo Wall Tiles System \u2013 zdru\u017eitev klasi\u010dnega dizajna in moderne ustvarjalnosti, ki je popolna za preoblikovanje vsakega prostora.\r\n\r\n<strong>Vsestranska izbira<\/strong> \u2013 na voljo v furnirju, heksagonih, rombih, linoleju in filcu.  \r\n<strong>Neskon\u010dna prilagoditev<\/strong> \u2013 me\u0161ajte in usklajujte teksture za edinstven tridimenzionalni u\u010dinek.  \r\n<strong>Stilsko, ne le akusti\u010dno<\/strong> \u2013 zasnovano za vizualno privla\u010dnost, ne le za absorpcijo zvoka.  \r\n\r\n<strong>Navdihnjeno z geometrijo narave<\/strong>  \r\nPoi\u0161\u010dite navdih v naravni eleganci heksagonov z na\u0161imi modularnimi MDF Hexagon Wall Tiles. Na voljo v razli\u010dnih povr\u0161inah in barvah, vam omogo\u010dajo ustvarjanje personaliziranih vzorcev, ki odra\u017eajo va\u0161 stil \u2013 naj bo drzen in dramati\u010den ali subtilen in prefinjen.\r\n\r\nPopolne za domove, pisarne in ustvarjalne prostore, Denpanels Wall Tiles ponujajo enostaven na\u010din za dodajanje globine, karakterja in oblikovalske prilagodljivosti vsakemu interierju.\r\n\r\nInovativna zasnova. Neomejena ustvarjalnost. Enostavna preobrazba.","product_category-highlighted_media":25644,"product_category-cta":{"product_category_cta":null},"comparrison_image":null,"product_category-some_of_our_combinations":25136,"hero-media":[25643],"hero-h1":"Wall Tiles System","hero-sub_header":""},"_links":{"self":[{"href":"https:\/\/denpanels.com\/sl\/wp-json\/wp\/v2\/pages\/25631","targetHints":{"allow":["GET"]}}],"collection":[{"href":"https:\/\/denpanels.com\/sl\/wp-json\/wp\/v2\/pages"}],"about":[{"href":"https:\/\/denpanels.com\/sl\/wp-json\/wp\/v2\/types\/page"}],"author":[{"embeddable":true,"href":"https:\/\/denpanels.com\/sl\/wp-json\/wp\/v2\/users\/1"}],"replies":[{"embeddable":true,"href":"https:\/\/denpanels.com\/sl\/wp-json\/wp\/v2\/comments?post=25631"}],"version-history":[{"count":1,"href":"https:\/\/denpanels.com\/sl\/wp-json\/wp\/v2\/pages\/25631\/revisions"}],"predecessor-version":[{"id":25646,"href":"https:\/\/denpanels.com\/sl\/wp-json\/wp\/v2\/pages\/25631\/revisions\/25646"}],"up":[{"embeddable":true,"href":"https:\/\/denpanels.com\/sl\/wp-json\/wp\/v2\/pages\/25452"}],"acf:attachment":[{"embeddable":true,"href":"https:\/\/denpanels.com\/sl\/wp-json\/wp\/v2\/media\/25643"}],"acf:post":[{"embeddable":true,"href":"https:\/\/denpanels.com\/sl\/wp-json\/wp\/v2\/translation\/25136"}],"acf:term":[{"embeddable":true,"taxonomy":"product-category","href":"https:\/\/denpanels.com\/sl\/wp-json\/wp\/v2\/product-category\/703"}],"wp:attachment":[{"href":"https:\/\/denpanels.com\/sl\/wp-json\/wp\/v2\/media?parent=25631"}],"wp:term":[{"taxonomy":"page-section","embeddable":true,"href":"https:\/\/denpanels.com\/sl\/wp-json\/wp\/v2\/page-section?post=25631"},{"taxonomy":"page-template","embeddable":true,"href":"https:\/\/denpanels.com\/sl\/wp-json\/wp\/v2\/page-template?post=25631"}],"curies":[{"name":"wp","href":"https:\/\/api.w.org\/{rel}","templated":true}]}}