{"id":25607,"date":"2024-07-15T10:05:41","date_gmt":"2024-07-15T08:05:41","guid":{"rendered":"https:\/\/denpanels.com\/plosce\/dizajnerske-plosce\/acoustic-design\/"},"modified":"2025-03-13T10:23:23","modified_gmt":"2025-03-13T09:23:23","slug":"akusticne-dizajnerske-plosce","status":"publish","type":"page","link":"https:\/\/denpanels.com\/sl\/plosce\/dizajnerske-plosce\/akusticne-dizajnerske-plosce\/","title":{"rendered":"Akusti\u010dne dizajnerske plo\u0161\u010de"},"content":{"rendered":"","protected":false},"excerpt":{"rendered":"","protected":false},"author":3,"featured_media":0,"parent":25452,"menu_order":2,"comment_status":"closed","ping_status":"closed","template":"","meta":{"_acf_changed":false,"footnotes":""},"page-section":[524,525,528,526],"page-template":[491],"class_list":["post-25607","page","type-page","status-publish","hentry","page-section-datasheet","page-section-hero","page-section-megamenu","page-section-product-category","page-template-category-acoustic-design-panels"],"acf":{"product_category-selected":702,"product_category-headline_p1":"Odklenite ustvarjalnost z","product_category-headline_p2":"Denpanels dizajnerske plo\u0161\u010de","product_category-introduction":"Pri Denpanels vam ponujamo dizajnerske plo\u0161\u010de v velikostih 60\u00d760 in 60\u00d7120 cm, ki ponujajo neskon\u010dne mo\u017enosti za ustvarjanje edinstvenih vzorcev in stilsko notranjost.\r\n\r\n<strong>Prilagodljive postavitve<\/strong> \u2013 postavite jih v ve\u010d konfiguracijah za edinstven videz.  \r\n<strong>Vrhunskih zaklju\u010dkov<\/strong> \u2013 zasnovane za estetsko privla\u010dnost in akusti\u010dne koristi.\r\n\r\nNe glede na to, ali izbolj\u0161ujete majhen poudarek na steni ali oblikujete drzno izjavo, na\u0161e vsestranske dizajnerske plo\u0161\u010de dodajo karakter, stil in akusti\u010dno udobje vsakemu prostoru.\r\n\r\nDanski dizajn. Neskon\u010dna ustvarjalnost. Trajnostna kakovost.","product_category-highlighted_media":22804,"product_category-cta":{"product_category_cta":null},"comparrison_image":null,"product_category-some_of_our_combinations":25136,"hero-media":[25628],"hero-h1":"Akusti\u010dne dizajnerske plo\u0161\u010de","hero-sub_header":""},"_links":{"self":[{"href":"https:\/\/denpanels.com\/sl\/wp-json\/wp\/v2\/pages\/25607","targetHints":{"allow":["GET"]}}],"collection":[{"href":"https:\/\/denpanels.com\/sl\/wp-json\/wp\/v2\/pages"}],"about":[{"href":"https:\/\/denpanels.com\/sl\/wp-json\/wp\/v2\/types\/page"}],"author":[{"embeddable":true,"href":"https:\/\/denpanels.com\/sl\/wp-json\/wp\/v2\/users\/3"}],"replies":[{"embeddable":true,"href":"https:\/\/denpanels.com\/sl\/wp-json\/wp\/v2\/comments?post=25607"}],"version-history":[{"count":3,"href":"https:\/\/denpanels.com\/sl\/wp-json\/wp\/v2\/pages\/25607\/revisions"}],"predecessor-version":[{"id":25630,"href":"https:\/\/denpanels.com\/sl\/wp-json\/wp\/v2\/pages\/25607\/revisions\/25630"}],"up":[{"embeddable":true,"href":"https:\/\/denpanels.com\/sl\/wp-json\/wp\/v2\/pages\/25452"}],"acf:attachment":[{"embeddable":true,"href":"https:\/\/denpanels.com\/sl\/wp-json\/wp\/v2\/media\/25628"}],"acf:post":[{"embeddable":true,"href":"https:\/\/denpanels.com\/sl\/wp-json\/wp\/v2\/translation\/25136"}],"acf:term":[{"embeddable":true,"taxonomy":"product-category","href":"https:\/\/denpanels.com\/sl\/wp-json\/wp\/v2\/product-category\/702"}],"wp:attachment":[{"href":"https:\/\/denpanels.com\/sl\/wp-json\/wp\/v2\/media?parent=25607"}],"wp:term":[{"taxonomy":"page-section","embeddable":true,"href":"https:\/\/denpanels.com\/sl\/wp-json\/wp\/v2\/page-section?post=25607"},{"taxonomy":"page-template","embeddable":true,"href":"https:\/\/denpanels.com\/sl\/wp-json\/wp\/v2\/page-template?post=25607"}],"curies":[{"name":"wp","href":"https:\/\/api.w.org\/{rel}","templated":true}]}}