{"id":25595,"date":"2024-07-15T10:19:12","date_gmt":"2024-07-15T08:19:12","guid":{"rendered":"https:\/\/denpanels.com\/plosce\/dizajnerske-plosce\/clear\/"},"modified":"2025-03-13T10:21:19","modified_gmt":"2025-03-13T09:21:19","slug":"clear-plosce","status":"publish","type":"page","link":"https:\/\/denpanels.com\/sl\/plosce\/dizajnerske-plosce\/clear-plosce\/","title":{"rendered":"Clear plo\u0161\u010de"},"content":{"rendered":"","protected":false},"excerpt":{"rendered":"","protected":false},"author":3,"featured_media":0,"parent":25452,"menu_order":1,"comment_status":"closed","ping_status":"closed","template":"","meta":{"_acf_changed":false,"footnotes":""},"page-section":[524,525,528,526],"page-template":[495],"class_list":["post-25595","page","type-page","status-publish","hentry","page-section-datasheet","page-section-hero","page-section-megamenu","page-section-product-category","page-template-category-clear-panels"],"acf":{"product_category-selected":701,"product_category-headline_p1":"Clear plo\u0161\u010de","product_category-headline_p2":"\u2013 Naravna eleganca","product_category-introduction":"Obo\u017eujete videz pravega lesa v svojem interierju? Clear plo\u0161\u010de podjetja Denpanels vam omogo\u010dajo ustvarjanje sodobnega in elegantnega vzdu\u0161ja, hkrati pa dodajajo toplino in naravno lepoto vsakemu prostoru \u2013 naj bo to dnevna soba, kuhinja ali pisarna.\r\n\r\n<ul>\r\n    <li><strong>Izpopolnjen dizajn<\/strong> \u2013 trden MDF jedro z pravim lesenim furnirjem za vrhunski zaklju\u010dek.<\/li>\r\n    <li><strong>Prilagodljive mo\u017enosti<\/strong> \u2013 na voljo v hrastu, ameri\u0161kem orehu in dimljenem hrastu, z \u010drnim ali rjavim MDF jedrom.<\/li>\r\n    <li><strong>Enostavna integracija<\/strong> \u2013 zasnovano za dopolnjevanje na\u0161ih akusti\u010dnih plo\u0161\u010d, obdr\u017eanje enotnega videza.<\/li>\r\n    <li><strong>Enostavna namestitev in vzdr\u017eevanje<\/strong> \u2013 hitro monta\u017eo z minimalnim orodjem in enostavno \u010di\u0161\u010denje z vla\u017eno krpo.<\/li>\r\n<\/ul>\r\n\r\n\u017delite izbolj\u0161ati videz in dolgotrajnost va\u0161ih Clear plo\u0161\u010d? Dodajte obdelavo z naravnim oljem, da ohranite in obogatite edinstveno teksturo lesa za dolga leta.\r\n\r\n<i>Preprosta eleganca. Prilagodljiv dizajn. Brez\u010dasna kakovost.<\/i>","product_category-highlighted_media":27197,"product_category-cta":{"product_category_cta":null},"comparrison_image":null,"product_category-some_of_our_combinations":25136,"hero-media":[25596],"hero-h1":"Clear plo\u0161\u010de","hero-sub_header":""},"_links":{"self":[{"href":"https:\/\/denpanels.com\/sl\/wp-json\/wp\/v2\/pages\/25595","targetHints":{"allow":["GET"]}}],"collection":[{"href":"https:\/\/denpanels.com\/sl\/wp-json\/wp\/v2\/pages"}],"about":[{"href":"https:\/\/denpanels.com\/sl\/wp-json\/wp\/v2\/types\/page"}],"author":[{"embeddable":true,"href":"https:\/\/denpanels.com\/sl\/wp-json\/wp\/v2\/users\/3"}],"replies":[{"embeddable":true,"href":"https:\/\/denpanels.com\/sl\/wp-json\/wp\/v2\/comments?post=25595"}],"version-history":[{"count":3,"href":"https:\/\/denpanels.com\/sl\/wp-json\/wp\/v2\/pages\/25595\/revisions"}],"predecessor-version":[{"id":25606,"href":"https:\/\/denpanels.com\/sl\/wp-json\/wp\/v2\/pages\/25595\/revisions\/25606"}],"up":[{"embeddable":true,"href":"https:\/\/denpanels.com\/sl\/wp-json\/wp\/v2\/pages\/25452"}],"acf:attachment":[{"embeddable":true,"href":"https:\/\/denpanels.com\/sl\/wp-json\/wp\/v2\/media\/25596"}],"acf:post":[{"embeddable":true,"href":"https:\/\/denpanels.com\/sl\/wp-json\/wp\/v2\/translation\/25136"}],"acf:term":[{"embeddable":true,"taxonomy":"product-category","href":"https:\/\/denpanels.com\/sl\/wp-json\/wp\/v2\/product-category\/701"}],"wp:attachment":[{"href":"https:\/\/denpanels.com\/sl\/wp-json\/wp\/v2\/media?parent=25595"}],"wp:term":[{"taxonomy":"page-section","embeddable":true,"href":"https:\/\/denpanels.com\/sl\/wp-json\/wp\/v2\/page-section?post=25595"},{"taxonomy":"page-template","embeddable":true,"href":"https:\/\/denpanels.com\/sl\/wp-json\/wp\/v2\/page-template?post=25595"}],"curies":[{"name":"wp","href":"https:\/\/api.w.org\/{rel}","templated":true}]}}