{"id":25555,"date":"2024-06-06T12:06:29","date_gmt":"2024-06-06T10:06:29","guid":{"rendered":"https:\/\/denpanels.com\/fire-retardant\/"},"modified":"2025-03-13T10:17:56","modified_gmt":"2025-03-13T09:17:56","slug":"plosce-z-zascito-pred-ognjem","status":"publish","type":"page","link":"https:\/\/denpanels.com\/sl\/plosce\/plosce-z-zascito-pred-ognjem\/","title":{"rendered":"Plo\u0161\u010de z za\u0161\u010dito pred ognjem"},"content":{"rendered":"","protected":false},"excerpt":{"rendered":"","protected":false},"author":3,"featured_media":0,"parent":25592,"menu_order":2,"comment_status":"closed","ping_status":"closed","template":"","meta":{"_acf_changed":false,"footnotes":""},"page-section":[533,536,524,525,528,526,534],"page-template":[360],"class_list":["post-25555","page","type-page","status-publish","hentry","page-section-certificates","page-section-content-blocks","page-section-datasheet","page-section-hero","page-section-megamenu","page-section-product-category","page-section-the-panels-construction","page-template-fr-panels"],"acf":{"fr_panel-sub_categories":[357,358,359],"product_category-selected":700,"product_category-headline_p1":"FR-Filt akusti\u010dne plo\u0161\u010de","product_category-headline_p2":"\u2013 Za\u0161\u010dita pred ognjem in vrhunska akustika","product_category-introduction":"<strong>I\u0161\u010dete akusti\u010dno re\u0161itev z za\u0161\u010dito pred ognjem, ki zdru\u017euje varnost, stil in funkcionalnost? FR-filt akusti\u010dne plo\u0161\u010de podjetja Denpanels so certificirane za razred B (EN 13823) in izpolnjujejo stroge evropske standarde za po\u017earno varnost. Idealne so za zasebne in komercialne prostore, kjer so potrebne akusti\u010dne plo\u0161\u010de s po\u017earno za\u0161\u010dito za stene in strope.<\/strong>\r\n\r\n<ul>\r\n    <li><strong>Hitro in enostavno name\u0161\u010danje<\/strong> \u2013 enostavno jih namestite na strope in stene.<\/li>\r\n    <li><strong>U\u010dinkovita absorpcija zvoka<\/strong> \u2013 bistveno izbolj\u0161a akustiko.<\/li>\r\n    <li><strong>Ekolo\u0161ka izbira<\/strong> \u2013 materiali s certifikatom FSC\u00ae.<\/li>\r\n    <li><strong>Primerne za komercialne objekte<\/strong> \u2013 idealne za pisarne, hotele in javne prostore.<\/li>\r\n    <li><strong>Danski dizajn in kakovost<\/strong> \u2013 lokalno izdelano na Danskem.<\/li>\r\n<\/ul>\r\n\r\nZ pametno kombinacijo lesenih letvic in akusti\u010dnega PET filca, FR-filt akusti\u010dne plo\u0161\u010de u\u010dinkovito absorbirajo zvo\u010dne valove, kar izbolj\u0161a tako varnost kot akusti\u010dno udobje.\r\n\r\n<i>Za\u0161\u010dita pred ognjem. Nadzor zvoka. Trajnosten dizajn.<\/i>","product_category-highlighted_media":25566,"product_category-cta":{"product_category_cta":null},"comparrison_image":null,"product_category-some_of_our_combinations":25136,"hero-media":[25556],"hero-h1":"Plo\u0161\u010de z za\u0161\u010dito pred ognjem","hero-sub_header":""},"_links":{"self":[{"href":"https:\/\/denpanels.com\/sl\/wp-json\/wp\/v2\/pages\/25555","targetHints":{"allow":["GET"]}}],"collection":[{"href":"https:\/\/denpanels.com\/sl\/wp-json\/wp\/v2\/pages"}],"about":[{"href":"https:\/\/denpanels.com\/sl\/wp-json\/wp\/v2\/types\/page"}],"author":[{"embeddable":true,"href":"https:\/\/denpanels.com\/sl\/wp-json\/wp\/v2\/users\/3"}],"replies":[{"embeddable":true,"href":"https:\/\/denpanels.com\/sl\/wp-json\/wp\/v2\/comments?post=25555"}],"version-history":[{"count":3,"href":"https:\/\/denpanels.com\/sl\/wp-json\/wp\/v2\/pages\/25555\/revisions"}],"predecessor-version":[{"id":25590,"href":"https:\/\/denpanels.com\/sl\/wp-json\/wp\/v2\/pages\/25555\/revisions\/25590"}],"up":[{"embeddable":true,"href":"https:\/\/denpanels.com\/sl\/wp-json\/wp\/v2\/pages\/25592"}],"acf:attachment":[{"embeddable":true,"href":"https:\/\/denpanels.com\/sl\/wp-json\/wp\/v2\/media\/25556"}],"acf:post":[{"embeddable":true,"href":"https:\/\/denpanels.com\/sl\/wp-json\/wp\/v2\/translation\/25136"}],"acf:term":[{"embeddable":true,"taxonomy":"product-category","href":"https:\/\/denpanels.com\/sl\/wp-json\/wp\/v2\/product-category\/700"},{"embeddable":true,"taxonomy":"product-category","href":"https:\/\/denpanels.com\/sl\/wp-json\/wp\/v2\/product-category\/359"},{"embeddable":true,"taxonomy":"product-category","href":"https:\/\/denpanels.com\/sl\/wp-json\/wp\/v2\/product-category\/358"},{"embeddable":true,"taxonomy":"product-category","href":"https:\/\/denpanels.com\/sl\/wp-json\/wp\/v2\/product-category\/357"}],"wp:attachment":[{"href":"https:\/\/denpanels.com\/sl\/wp-json\/wp\/v2\/media?parent=25555"}],"wp:term":[{"taxonomy":"page-section","embeddable":true,"href":"https:\/\/denpanels.com\/sl\/wp-json\/wp\/v2\/page-section?post=25555"},{"taxonomy":"page-template","embeddable":true,"href":"https:\/\/denpanels.com\/sl\/wp-json\/wp\/v2\/page-template?post=25555"}],"curies":[{"name":"wp","href":"https:\/\/api.w.org\/{rel}","templated":true}]}}