{"id":25537,"date":"2024-06-06T13:48:46","date_gmt":"2024-06-06T11:48:46","guid":{"rendered":"https:\/\/denpanels.com\/stone\/"},"modified":"2025-07-31T11:59:38","modified_gmt":"2025-07-31T09:59:38","slug":"kamnite-plosce","status":"publish","type":"page","link":"https:\/\/denpanels.com\/sl\/plosce\/kamnite-plosce\/","title":{"rendered":"Kamnite plo\u0161\u010de"},"content":{"rendered":"","protected":false},"excerpt":{"rendered":"","protected":false},"author":3,"featured_media":0,"parent":25592,"menu_order":11,"comment_status":"closed","ping_status":"closed","template":"","meta":{"_acf_changed":false,"footnotes":""},"page-section":[535,524,525,528,526,534],"page-template":[542],"class_list":["post-25537","page","type-page","status-publish","hentry","page-section-category-options","page-section-datasheet","page-section-hero","page-section-megamenu","page-section-product-category","page-section-the-panels-construction","page-template-category-stone"],"acf":{"product_category-selected":699,"product_category-headline_p1":"Kamnite akusti\u010dne plo\u0161\u010de","product_category-headline_p2":"- Naravna eleganca in vrhunska akustika","product_category-introduction":"<strong>\u017delite v svoj prostor vnesti mo\u010d narave? Kamnite akusti\u010dne plo\u0161\u010de podjetja Denpanels so oblo\u017eene z avtenti\u010dnim himalajskim kamnom, ki v vsak interier doda surovo lepoto in brez\u010dasno eleganco. Vsaka plo\u0161\u010da je edinstvena, saj nosi naravne teksture in zna\u010daj, oblikovane skozi \u010das in elemente.<\/strong>\r\n\r\n<ul>\r\n    <li><strong>Prava himalajska kamnita povr\u0161ina<\/strong> \u2013 bogate teksture in naravne variacije.<\/li>\r\n    <li><strong>Izpopolnjena izdelava<\/strong> \u2013 ultra-tanek kamniti furnir, strokovno name\u0161\u010den na \u010drn MDF.<\/li>\r\n    <li><strong>Bre\u0161ivni dizajn<\/strong> \u2013 zasnovan tako, da se uskladi preko dveh plo\u0161\u010d za koheziven videz.<\/li>\r\n    <li><strong>Izjemna absorpcija zvoka<\/strong> \u2013 izbolj\u0161a akustiko, hkrati pa ohranja drzno estetiko.<\/li>\r\n    <li><strong>Trajnostni materiali<\/strong> \u2013 akusti\u010dna osnova iz najmanj 50 % reciklirane plastike.<\/li>\r\n    <li><strong>Visokokakovosten danski dizajn<\/strong> \u2013 zdru\u017eevanje naravne lepote z moderno inovacijo.<\/li>\r\n<\/ul>\r\n\r\nNavdihnjene z veli\u010dastnimi pokrajinami Himalaje, te plo\u0161\u010de niso le vizualna izjava\u2014ustvarjajo mirno, vabljivo vzdu\u0161je z zmanj\u0161anjem hrupa in izbolj\u0161anjem akustike.\r\n\r\n<i>Vnesite naravo v notranjost. Pove\u010dajte svoj prostor. Do\u017eivite pravo eleganco.<\/i>","product_category-highlighted_media":25543,"product_category-cta":{"product_category_cta":null},"comparrison_image":"","product_category-some_of_our_combinations":25136,"hero-media":[25543],"hero-h1":"Kamnite plo\u0161\u010de","hero-sub_header":""},"_links":{"self":[{"href":"https:\/\/denpanels.com\/sl\/wp-json\/wp\/v2\/pages\/25537","targetHints":{"allow":["GET"]}}],"collection":[{"href":"https:\/\/denpanels.com\/sl\/wp-json\/wp\/v2\/pages"}],"about":[{"href":"https:\/\/denpanels.com\/sl\/wp-json\/wp\/v2\/types\/page"}],"author":[{"embeddable":true,"href":"https:\/\/denpanels.com\/sl\/wp-json\/wp\/v2\/users\/3"}],"replies":[{"embeddable":true,"href":"https:\/\/denpanels.com\/sl\/wp-json\/wp\/v2\/comments?post=25537"}],"version-history":[{"count":5,"href":"https:\/\/denpanels.com\/sl\/wp-json\/wp\/v2\/pages\/25537\/revisions"}],"predecessor-version":[{"id":29642,"href":"https:\/\/denpanels.com\/sl\/wp-json\/wp\/v2\/pages\/25537\/revisions\/29642"}],"up":[{"embeddable":true,"href":"https:\/\/denpanels.com\/sl\/wp-json\/wp\/v2\/pages\/25592"}],"acf:attachment":[{"embeddable":true,"href":"https:\/\/denpanels.com\/sl\/wp-json\/wp\/v2\/media\/25543"}],"acf:post":[{"embeddable":true,"href":"https:\/\/denpanels.com\/sl\/wp-json\/wp\/v2\/translation\/25136"}],"acf:term":[{"embeddable":true,"taxonomy":"product-category","href":"https:\/\/denpanels.com\/sl\/wp-json\/wp\/v2\/product-category\/699"}],"wp:attachment":[{"href":"https:\/\/denpanels.com\/sl\/wp-json\/wp\/v2\/media?parent=25537"}],"wp:term":[{"taxonomy":"page-section","embeddable":true,"href":"https:\/\/denpanels.com\/sl\/wp-json\/wp\/v2\/page-section?post=25537"},{"taxonomy":"page-template","embeddable":true,"href":"https:\/\/denpanels.com\/sl\/wp-json\/wp\/v2\/page-template?post=25537"}],"curies":[{"name":"wp","href":"https:\/\/api.w.org\/{rel}","templated":true}]}}