{"id":25513,"date":"2024-06-06T13:48:02","date_gmt":"2024-06-06T11:48:02","guid":{"rendered":"https:\/\/denpanels.com\/lux\/"},"modified":"2025-03-13T10:09:20","modified_gmt":"2025-03-13T09:09:20","slug":"lux-plosce","status":"publish","type":"page","link":"https:\/\/denpanels.com\/sl\/plosce\/lux-plosce\/","title":{"rendered":"LUX plo\u0161\u010de"},"content":{"rendered":"","protected":false},"excerpt":{"rendered":"","protected":false},"author":3,"featured_media":0,"parent":25592,"menu_order":5,"comment_status":"closed","ping_status":"closed","template":"","meta":{"_acf_changed":false,"footnotes":""},"page-section":[535,533,524,525,528,526,534],"page-template":[541],"class_list":["post-25513","page","type-page","status-publish","hentry","page-section-category-options","page-section-certificates","page-section-datasheet","page-section-hero","page-section-megamenu","page-section-product-category","page-section-the-panels-construction","page-template-category-lux"],"acf":{"product_category-selected":694,"product_category-headline_p1":"LUX akusti\u010dne plo\u0161\u010de","product_category-headline_p2":"Ekskluziven dizajn in vrhunska akustika","product_category-introduction":"<strong>Sanjarite o stilsko in harmoni\u010dno prostor? LUX akusti\u010dne plo\u0161\u010de zdru\u017eujejo eleganco in funkcionalnost, z 40 mm \u0161irokimi letvicami, ki ustvarijo mirno, prefinjeno povr\u0161ino in dodajo naravno, sofisticirano estetiko.<\/strong>\r\n\r\n<ul>\r\n    <li><strong>Prina\u0161a eleganco in mirnost<\/strong> \u2013 \u0161ir\u0161e letvice za uravnote\u017een videz.<\/li>\r\n    <li><strong>Leseni furnir na treh straneh<\/strong> \u2013 vrhunski in brez\u0161ivni zaklju\u010dek.<\/li>\r\n    <li><strong>U\u010dinkovita absorpcija zvoka<\/strong> \u2013 zmanj\u0161uje hrup in izbolj\u0161a akustiko.<\/li>\r\n    <li><strong>FSC\u2122-certificirani materiali<\/strong> \u2013 odgovorno pridobljen les.<\/li>\r\n    <li><strong>Trajnostna konstrukcija<\/strong> \u2013 akusti\u010dni filc iz najmanj 50 % reciklirane plastike.<\/li>\r\n<\/ul>\r\n\r\nEdinstvena kombinacija lesenih letvic in akusti\u010dnega poliestrskega filca zagotavlja ob\u010dutno izbolj\u0161anje akustike, zaradi \u010desar so LUX plo\u0161\u010de popolne za domove, pisarne in javne prostore.\r\n\r\n<i>Ekskluziven dizajn. Bolj\u0161a akustika. Naravna kakovost.<\/i>","product_category-highlighted_media":25532,"product_category-cta":{"product_category_cta":null},"comparrison_image":null,"product_category-some_of_our_combinations":25136,"hero-media":[25534,25533],"hero-h1":"LUX plo\u0161\u010de","hero-sub_header":""},"_links":{"self":[{"href":"https:\/\/denpanels.com\/sl\/wp-json\/wp\/v2\/pages\/25513","targetHints":{"allow":["GET"]}}],"collection":[{"href":"https:\/\/denpanels.com\/sl\/wp-json\/wp\/v2\/pages"}],"about":[{"href":"https:\/\/denpanels.com\/sl\/wp-json\/wp\/v2\/types\/page"}],"author":[{"embeddable":true,"href":"https:\/\/denpanels.com\/sl\/wp-json\/wp\/v2\/users\/3"}],"replies":[{"embeddable":true,"href":"https:\/\/denpanels.com\/sl\/wp-json\/wp\/v2\/comments?post=25513"}],"version-history":[{"count":3,"href":"https:\/\/denpanels.com\/sl\/wp-json\/wp\/v2\/pages\/25513\/revisions"}],"predecessor-version":[{"id":25536,"href":"https:\/\/denpanels.com\/sl\/wp-json\/wp\/v2\/pages\/25513\/revisions\/25536"}],"up":[{"embeddable":true,"href":"https:\/\/denpanels.com\/sl\/wp-json\/wp\/v2\/pages\/25592"}],"acf:attachment":[{"embeddable":true,"href":"https:\/\/denpanels.com\/sl\/wp-json\/wp\/v2\/media\/25533"},{"embeddable":true,"href":"https:\/\/denpanels.com\/sl\/wp-json\/wp\/v2\/media\/25534"}],"acf:post":[{"embeddable":true,"href":"https:\/\/denpanels.com\/sl\/wp-json\/wp\/v2\/translation\/25136"}],"acf:term":[{"embeddable":true,"taxonomy":"product-category","href":"https:\/\/denpanels.com\/sl\/wp-json\/wp\/v2\/product-category\/694"}],"wp:attachment":[{"href":"https:\/\/denpanels.com\/sl\/wp-json\/wp\/v2\/media?parent=25513"}],"wp:term":[{"taxonomy":"page-section","embeddable":true,"href":"https:\/\/denpanels.com\/sl\/wp-json\/wp\/v2\/page-section?post=25513"},{"taxonomy":"page-template","embeddable":true,"href":"https:\/\/denpanels.com\/sl\/wp-json\/wp\/v2\/page-template?post=25513"}],"curies":[{"name":"wp","href":"https:\/\/api.w.org\/{rel}","templated":true}]}}