{"id":25488,"date":"2024-06-06T13:47:44","date_gmt":"2024-06-06T11:47:44","guid":{"rendered":"https:\/\/denpanels.com\/linoleum\/"},"modified":"2025-03-13T10:04:27","modified_gmt":"2025-03-13T09:04:27","slug":"linoleum-plosce","status":"publish","type":"page","link":"https:\/\/denpanels.com\/sl\/plosce\/linoleum-plosce\/","title":{"rendered":"Linoleum plo\u0161\u010de"},"content":{"rendered":"","protected":false},"excerpt":{"rendered":"","protected":false},"author":3,"featured_media":0,"parent":25592,"menu_order":9,"comment_status":"closed","ping_status":"closed","template":"","meta":{"_acf_changed":false,"footnotes":""},"page-section":[535,533,524,525,528,526,534],"page-template":[540],"class_list":["post-25488","page","type-page","status-publish","hentry","page-section-category-options","page-section-certificates","page-section-datasheet","page-section-hero","page-section-megamenu","page-section-product-category","page-section-the-panels-construction","page-template-category-linoleum"],"acf":{"product_category-selected":693,"product_category-headline_p1":"Linolejne akusti\u010dne plo\u0161\u010de","product_category-headline_p2":"\u2013 Mehka eleganca in vrhunska akustika","product_category-introduction":"<strong>I\u0161\u010dete prefinjeno in funkcionalno stensko re\u0161itev? Linolejne akusti\u010dne plo\u0161\u010de podjetja Denpanels zdru\u017eujejo naravno lepoto, akusti\u010dno udobje in enostavno vzdr\u017eevanje, kar vam omogo\u010da, da ustvarite harmoni\u010den in eleganten notranji prostor.<\/strong>\r\n\r\n<ul>\r\n    <li><strong>Mehka, mat povr\u0161ina<\/strong> \u2013 doda kan\u010dek elegance in topline vsakemu prostoru.<\/li>\r\n    <li><strong>\u0160irok spekter barv<\/strong> \u2013 20 stilskih odtenkov, ki se prilegajo vsakemu dekorju.<\/li>\r\n    <li><strong>Naraven in antistati\u010den material<\/strong> \u2013 enostaven za \u010di\u0161\u010denje, odporen na prah in umazanijo.<\/li>\r\n    <li><strong>U\u010dinkovita absorpcija zvoka<\/strong> \u2013 zmanj\u0161uje hrup in izbolj\u0161uje akustiko v zasebnih in profesionalnih okoljih.<\/li>\r\n<\/ul>\r\n\r\nNa\u0161e linolejne plo\u0161\u010de so trajnostna in vzdr\u017eljiva re\u0161itev, ki izbolj\u0161a tako notranje podnebje kot estetiko. Popolne so za tiste, ki \u017eelijo eleganten videz, ne da bi \u017ertvovali funkcionalnost.\r\n\r\n<i>Brez\u010dasni dizajn. Izbolj\u0161ana akustika. Naravna kakovost.<\/i>","product_category-highlighted_media":25506,"product_category-cta":{"product_category_cta":null},"comparrison_image":null,"product_category-some_of_our_combinations":25136,"hero-media":[25510],"hero-h1":"Linoleum plo\u0161\u010de","hero-sub_header":""},"_links":{"self":[{"href":"https:\/\/denpanels.com\/sl\/wp-json\/wp\/v2\/pages\/25488","targetHints":{"allow":["GET"]}}],"collection":[{"href":"https:\/\/denpanels.com\/sl\/wp-json\/wp\/v2\/pages"}],"about":[{"href":"https:\/\/denpanels.com\/sl\/wp-json\/wp\/v2\/types\/page"}],"author":[{"embeddable":true,"href":"https:\/\/denpanels.com\/sl\/wp-json\/wp\/v2\/users\/3"}],"replies":[{"embeddable":true,"href":"https:\/\/denpanels.com\/sl\/wp-json\/wp\/v2\/comments?post=25488"}],"version-history":[{"count":3,"href":"https:\/\/denpanels.com\/sl\/wp-json\/wp\/v2\/pages\/25488\/revisions"}],"predecessor-version":[{"id":25512,"href":"https:\/\/denpanels.com\/sl\/wp-json\/wp\/v2\/pages\/25488\/revisions\/25512"}],"up":[{"embeddable":true,"href":"https:\/\/denpanels.com\/sl\/wp-json\/wp\/v2\/pages\/25592"}],"acf:attachment":[{"embeddable":true,"href":"https:\/\/denpanels.com\/sl\/wp-json\/wp\/v2\/media\/25510"}],"acf:post":[{"embeddable":true,"href":"https:\/\/denpanels.com\/sl\/wp-json\/wp\/v2\/translation\/25136"}],"acf:term":[{"embeddable":true,"taxonomy":"product-category","href":"https:\/\/denpanels.com\/sl\/wp-json\/wp\/v2\/product-category\/693"}],"wp:attachment":[{"href":"https:\/\/denpanels.com\/sl\/wp-json\/wp\/v2\/media?parent=25488"}],"wp:term":[{"taxonomy":"page-section","embeddable":true,"href":"https:\/\/denpanels.com\/sl\/wp-json\/wp\/v2\/page-section?post=25488"},{"taxonomy":"page-template","embeddable":true,"href":"https:\/\/denpanels.com\/sl\/wp-json\/wp\/v2\/page-template?post=25488"}],"curies":[{"name":"wp","href":"https:\/\/api.w.org\/{rel}","templated":true}]}}