{"id":25459,"date":"2024-06-06T13:48:20","date_gmt":"2024-06-06T11:48:20","guid":{"rendered":"https:\/\/denpanels.com\/raw\/"},"modified":"2025-08-13T11:52:28","modified_gmt":"2025-08-13T09:52:28","slug":"raw-plosce","status":"publish","type":"page","link":"https:\/\/denpanels.com\/sl\/plosce\/raw-plosce\/","title":{"rendered":"RAW plo\u0161\u010de"},"content":{"rendered":"","protected":false},"excerpt":{"rendered":"","protected":false},"author":3,"featured_media":0,"parent":25592,"menu_order":6,"comment_status":"closed","ping_status":"closed","template":"","meta":{"_acf_changed":false,"footnotes":""},"page-section":[535,533,524,525,528,526,534],"page-template":[470],"class_list":["post-25459","page","type-page","status-publish","hentry","page-section-category-options","page-section-certificates","page-section-datasheet","page-section-hero","page-section-megamenu","page-section-product-category","page-section-the-panels-construction","page-template-raw"],"acf":{"product_category-selected":692,"product_category-headline_p1":"RAW akusti\u010dne plo\u0161\u010de","product_category-headline_p2":"Odklenite svojo ustvarjalnost","product_category-introduction":"<strong>\u017delite ustvariti resni\u010dno edinstven in personaliziran prostor? RAW akusti\u010dne plo\u0161\u010de vam nudijo svobodo, da prilagodite svoje stene to\u010dno tako, kot si jih predstavljate. Dostavljene brez lesenega furnirja, so te plo\u0161\u010de pripravljene, da jih pobarvate, obdelate z naravnim oljem ali pustite neobdelane za surov, industrijski videz. Ne glede na to, ali ste ljubitelj DIY projektov ali preprosto \u017eelite edinstven interier, RAW plo\u0161\u010de vam omogo\u010dajo popoln nadzor nad va\u0161im dizajnom.<\/strong>\r\n\r\n<ul>\r\n    <li><strong>Popolne za DIY projekte<\/strong> \u2013 pobarvajte, obdelajte z oljem ali pustite naravne za drzen, surov estetski videz.<\/li>\r\n    <li><strong>Odli\u010dna absorpcija zvoka<\/strong> \u2013 zmanj\u0161uje odmev in izbolj\u0161a akustiko v vsakem prostoru.<\/li>\r\n    <li><strong>Trajnostni materiali<\/strong> \u2013 narejene iz FSC\u2122-certificiranih MDF letvic na akusti\u010dnem PET filcu, ki vsebuje vsaj 50 % reciklirane plastike.<\/li>\r\n    <li><strong>Dokumentacija profesionalne kakovosti<\/strong> \u2013 certificirane z LCA in podpirajo certifikate DGNB, LEED in BREEAM za trajnostno gradnjo.<\/li>\r\n<\/ul>\r\n\r\nZ RAW akusti\u010dnimi plo\u0161\u010dami dobite vsestransko, visoko kakovostno re\u0161itev, ki ne samo da izbolj\u0161a va\u0161 prostor, ampak tudi prispeva k bolj\u0161i akustiki in odgovornim gradbenim praksam.\r\n\r\n<i>Prilagodite. Absorbirajte zvok. Ustvarite nekaj edinstvenega.<\/i>","product_category-highlighted_media":25467,"product_category-cta":{"product_category_cta":null},"comparrison_image":"","product_category-some_of_our_combinations":25136,"hero-media":[28529],"hero-h1":"RAW plo\u0161\u010de","hero-sub_header":""},"_links":{"self":[{"href":"https:\/\/denpanels.com\/sl\/wp-json\/wp\/v2\/pages\/25459","targetHints":{"allow":["GET"]}}],"collection":[{"href":"https:\/\/denpanels.com\/sl\/wp-json\/wp\/v2\/pages"}],"about":[{"href":"https:\/\/denpanels.com\/sl\/wp-json\/wp\/v2\/types\/page"}],"author":[{"embeddable":true,"href":"https:\/\/denpanels.com\/sl\/wp-json\/wp\/v2\/users\/3"}],"replies":[{"embeddable":true,"href":"https:\/\/denpanels.com\/sl\/wp-json\/wp\/v2\/comments?post=25459"}],"version-history":[{"count":4,"href":"https:\/\/denpanels.com\/sl\/wp-json\/wp\/v2\/pages\/25459\/revisions"}],"predecessor-version":[{"id":30113,"href":"https:\/\/denpanels.com\/sl\/wp-json\/wp\/v2\/pages\/25459\/revisions\/30113"}],"up":[{"embeddable":true,"href":"https:\/\/denpanels.com\/sl\/wp-json\/wp\/v2\/pages\/25592"}],"acf:attachment":[{"embeddable":true,"href":"https:\/\/denpanels.com\/sl\/wp-json\/wp\/v2\/media\/28529"}],"acf:post":[{"embeddable":true,"href":"https:\/\/denpanels.com\/sl\/wp-json\/wp\/v2\/translation\/25136"}],"acf:term":[{"embeddable":true,"taxonomy":"product-category","href":"https:\/\/denpanels.com\/sl\/wp-json\/wp\/v2\/product-category\/692"}],"wp:attachment":[{"href":"https:\/\/denpanels.com\/sl\/wp-json\/wp\/v2\/media?parent=25459"}],"wp:term":[{"taxonomy":"page-section","embeddable":true,"href":"https:\/\/denpanels.com\/sl\/wp-json\/wp\/v2\/page-section?post=25459"},{"taxonomy":"page-template","embeddable":true,"href":"https:\/\/denpanels.com\/sl\/wp-json\/wp\/v2\/page-template?post=25459"}],"curies":[{"name":"wp","href":"https:\/\/api.w.org\/{rel}","templated":true}]}}