{"id":25405,"date":"2024-06-06T13:46:15","date_gmt":"2024-06-06T11:46:15","guid":{"rendered":"https:\/\/denpanels.com\/foiled\/"},"modified":"2025-03-13T09:20:18","modified_gmt":"2025-03-13T08:20:18","slug":"folirane-plosce","status":"publish","type":"page","link":"https:\/\/denpanels.com\/sl\/plosce\/folirane-plosce\/","title":{"rendered":"Folirane plo\u0161\u010de"},"content":{"rendered":"","protected":false},"excerpt":{"rendered":"","protected":false},"author":3,"featured_media":0,"parent":25592,"menu_order":7,"comment_status":"closed","ping_status":"closed","template":"","meta":{"_acf_changed":false,"footnotes":""},"page-section":[535,524,525,530,528,526,534],"page-template":[539],"class_list":["post-25405","page","type-page","status-publish","hentry","page-section-category-options","page-section-datasheet","page-section-hero","page-section-main-category","page-section-megamenu","page-section-product-category","page-section-the-panels-construction","page-template-category-foiled"],"acf":{"product_category-selected":698,"product_category-headline_p1":"Folirane akusti\u010dne plo\u0161\u010de","product_category-headline_p2":"- Sodobna eleganca","product_category-introduction":"<strong>I\u0161\u010dete elegantno in enostavno vzdr\u017eljivo stensko re\u0161itev, ki izbolj\u0161a tako dizajn kot akustiko? Folirane akusti\u010dne plo\u0161\u010de ponujajo prefinjen, enoten videz, hkrati pa u\u010dinkovito izbolj\u0161ujejo kakovost zvoka v va\u0161em domu ali delovnem prostoru.<\/strong>  \r\n\r\n<ul>  \r\n    <li><strong>\u0160iroka izbira barv in slogov<\/strong> \u2013 enostavno prilagodite svoji viziji.<\/li>  \r\n    <li><strong>Folija ovija vse tri vidne strani<\/strong> \u2013 za brezhiben in ekskluziven videz.<\/li>  \r\n    <li><strong>Vzdr\u017eljive in enostavne za \u010di\u0161\u010denje<\/strong> \u2013 dolgotrajna re\u0161itev z minimalnim vzdr\u017eevanjem.<\/li>  \r\n    <li><strong>Oblikovane za bolj\u0161o akustiko<\/strong> \u2013 zmanj\u0161ujejo hrup in odmev za prijetnej\u0161e okolje.<\/li>  \r\n    <li><strong>Danski dizajn<\/strong> \u2013 izdelano z mislijo na estetiko in funkcionalnost.<\/li>  \r\n<\/ul>  \r\n\r\nS svojo masivno in prefinjeno estetiko te plo\u0161\u010de prina\u0161ajo toplino in stil v vsak prostor \u2013 brez naravnih variacij lesa, kar zagotavlja dosleden in brezhiben zaklju\u010dek.  \r\n\r\n<i>Osve\u017eite svoj prostor s foliranimi akusti\u010dnimi plo\u0161\u010dami \u2013 preprosta pot do brez\u010dasne elegance in vrhunske zvo\u010dne udobnosti.<\/i>","product_category-highlighted_media":25422,"product_category-cta":{"product_category_cta":null},"comparrison_image":null,"product_category-some_of_our_combinations":25136,"hero-media":[25420],"hero-h1":"Folirane plo\u0161\u010de","hero-sub_header":""},"_links":{"self":[{"href":"https:\/\/denpanels.com\/sl\/wp-json\/wp\/v2\/pages\/25405","targetHints":{"allow":["GET"]}}],"collection":[{"href":"https:\/\/denpanels.com\/sl\/wp-json\/wp\/v2\/pages"}],"about":[{"href":"https:\/\/denpanels.com\/sl\/wp-json\/wp\/v2\/types\/page"}],"author":[{"embeddable":true,"href":"https:\/\/denpanels.com\/sl\/wp-json\/wp\/v2\/users\/3"}],"replies":[{"embeddable":true,"href":"https:\/\/denpanels.com\/sl\/wp-json\/wp\/v2\/comments?post=25405"}],"version-history":[{"count":3,"href":"https:\/\/denpanels.com\/sl\/wp-json\/wp\/v2\/pages\/25405\/revisions"}],"predecessor-version":[{"id":25424,"href":"https:\/\/denpanels.com\/sl\/wp-json\/wp\/v2\/pages\/25405\/revisions\/25424"}],"up":[{"embeddable":true,"href":"https:\/\/denpanels.com\/sl\/wp-json\/wp\/v2\/pages\/25592"}],"acf:attachment":[{"embeddable":true,"href":"https:\/\/denpanels.com\/sl\/wp-json\/wp\/v2\/media\/25420"}],"acf:post":[{"embeddable":true,"href":"https:\/\/denpanels.com\/sl\/wp-json\/wp\/v2\/translation\/25136"}],"acf:term":[{"embeddable":true,"taxonomy":"product-category","href":"https:\/\/denpanels.com\/sl\/wp-json\/wp\/v2\/product-category\/698"}],"wp:attachment":[{"href":"https:\/\/denpanels.com\/sl\/wp-json\/wp\/v2\/media?parent=25405"}],"wp:term":[{"taxonomy":"page-section","embeddable":true,"href":"https:\/\/denpanels.com\/sl\/wp-json\/wp\/v2\/page-section?post=25405"},{"taxonomy":"page-template","embeddable":true,"href":"https:\/\/denpanels.com\/sl\/wp-json\/wp\/v2\/page-template?post=25405"}],"curies":[{"name":"wp","href":"https:\/\/api.w.org\/{rel}","templated":true}]}}