{"id":25365,"date":"2024-06-03T12:02:55","date_gmt":"2024-06-03T10:02:55","guid":{"rendered":"https:\/\/denpanels.com\/wood\/"},"modified":"2026-03-24T15:48:17","modified_gmt":"2026-03-24T14:48:17","slug":"lesene-plosce","status":"publish","type":"page","link":"https:\/\/denpanels.com\/sl\/plosce\/lesene-plosce\/","title":{"rendered":"Lesene plo\u0161\u010de"},"content":{"rendered":"","protected":false},"excerpt":{"rendered":"","protected":false},"author":1,"featured_media":0,"parent":25592,"menu_order":1,"comment_status":"closed","ping_status":"closed","template":"","meta":{"_acf_changed":false,"footnotes":""},"page-section":[535,533,536,524,525,529,528,526,534],"page-template":[480],"class_list":["post-25365","page","type-page","status-publish","hentry","page-section-category-options","page-section-certificates","page-section-content-blocks","page-section-datasheet","page-section-hero","page-section-highlighted-inspiration","page-section-megamenu","page-section-product-category","page-section-the-panels-construction","page-template-wood-panels"],"acf":{"product_category-selected":691,"product_category-headline_p1":"Lesene plo\u0161\u010de","product_category-headline_p2":"Preoblikujte svoj prostor z naravno lepoto","product_category-introduction":"<strong>\u017delite ustvariti prostor, ki je hkrati lep in udoben? Lesene plo\u0161\u010de Denpanels ponujajo naravno in elegantno re\u0161itev, ki izbolj\u0161a tako notranji dizajn kot akustiko prostora.<\/strong>  \r\n\r\n<ul>\r\n    <li><strong> Prinesite naravo v svoj dom<\/strong> \u2013 ustvarite toplo in prijetno vzdu\u0161je.<\/li>\r\n    <li><strong> Nordic Swan Ecolabel & okolju prijazna izbira<\/strong> \u2013 premi\u0161ljena odlo\u010ditev za vas in naravo.<\/li>\r\n    <li><strong> Naravne lesene povr\u0161ine<\/strong> \u2013 pravi leseni furnir, ki doda eleganco in globino.<\/li>\r\n    <li><strong> Trajnosten & FSC\u2122-certificiran les<\/strong> \u2013 odgovorno pridobljeni in trpe\u017eni materiali.<\/li>\r\n    <li><strong> Vrhunski danski dizajn<\/strong> \u2013 izdelano z mislijo na estetiko in funkcionalnost.<\/li>\r\n<\/ul>  \r\n\r\nNa\u0161e lesene plo\u0161\u010de so zasnovane za absorpcijo zvoka in zmanj\u0161anje odmeva, kar ustvarja bolj mirno in udobno akusti\u010dno okolje \u2013 popolno za domove, pisarne in javne prostore.  \r\n\r\n<strong>Enostavna monta\u017ea, osupljiv dizajn in akustika, ki jo lahko ob\u010dutite.<\/strong>\r\n\r\n*Izdelano iz in\u017eenirskega lesa, ki zagotavlja enoten videz.","product_category-highlighted_media":25397,"product_category-cta":{"product_category_cta":null},"comparrison_image":"","product_category-some_of_our_combinations":25136,"hero-media":[25402],"hero-h1":"Lesene plo\u0161\u010de","hero-sub_header":""},"_links":{"self":[{"href":"https:\/\/denpanels.com\/sl\/wp-json\/wp\/v2\/pages\/25365","targetHints":{"allow":["GET"]}}],"collection":[{"href":"https:\/\/denpanels.com\/sl\/wp-json\/wp\/v2\/pages"}],"about":[{"href":"https:\/\/denpanels.com\/sl\/wp-json\/wp\/v2\/types\/page"}],"author":[{"embeddable":true,"href":"https:\/\/denpanels.com\/sl\/wp-json\/wp\/v2\/users\/1"}],"replies":[{"embeddable":true,"href":"https:\/\/denpanels.com\/sl\/wp-json\/wp\/v2\/comments?post=25365"}],"version-history":[{"count":4,"href":"https:\/\/denpanels.com\/sl\/wp-json\/wp\/v2\/pages\/25365\/revisions"}],"predecessor-version":[{"id":31101,"href":"https:\/\/denpanels.com\/sl\/wp-json\/wp\/v2\/pages\/25365\/revisions\/31101"}],"up":[{"embeddable":true,"href":"https:\/\/denpanels.com\/sl\/wp-json\/wp\/v2\/pages\/25592"}],"acf:attachment":[{"embeddable":true,"href":"https:\/\/denpanels.com\/sl\/wp-json\/wp\/v2\/media\/25402"}],"acf:post":[{"embeddable":true,"href":"https:\/\/denpanels.com\/sl\/wp-json\/wp\/v2\/translation\/25136"}],"acf:term":[{"embeddable":true,"taxonomy":"product-category","href":"https:\/\/denpanels.com\/sl\/wp-json\/wp\/v2\/product-category\/691"}],"wp:attachment":[{"href":"https:\/\/denpanels.com\/sl\/wp-json\/wp\/v2\/media?parent=25365"}],"wp:term":[{"taxonomy":"page-section","embeddable":true,"href":"https:\/\/denpanels.com\/sl\/wp-json\/wp\/v2\/page-section?post=25365"},{"taxonomy":"page-template","embeddable":true,"href":"https:\/\/denpanels.com\/sl\/wp-json\/wp\/v2\/page-template?post=25365"}],"curies":[{"name":"wp","href":"https:\/\/api.w.org\/{rel}","templated":true}]}}