{"id":25360,"date":"2024-07-11T14:10:27","date_gmt":"2024-07-11T12:10:27","guid":{"rendered":"https:\/\/denpanels.com\/responsibility\/"},"modified":"2025-03-13T09:09:16","modified_gmt":"2025-03-13T08:09:16","slug":"odgovornost","status":"publish","type":"page","link":"https:\/\/denpanels.com\/sl\/odgovornost\/","title":{"rendered":"Odgovornost"},"content":{"rendered":"","protected":false},"excerpt":{"rendered":"","protected":false},"author":3,"featured_media":0,"parent":0,"menu_order":0,"comment_status":"closed","ping_status":"closed","template":"","meta":{"_acf_changed":false,"footnotes":""},"page-section":[525],"page-template":[543],"class_list":["post-25360","page","type-page","status-publish","hentry","page-section-hero","page-template-page-responsibility"],"acf":{"responsibility-intro_section":{"responsibility_intro-headline":"Predanost \u043a","responsibility_intro-headline_p2":"Odgovorna proizvodnja","responsibility_intro-content":"Pri Denpanels odgovornost ni le modna beseda, temve\u010d na\u0161a ambicija. Okoljske vidike skrbno vklju\u010dujemo v vsak korak na\u0161e vrednostne verige \u2013 od zasnove do kon\u010dnega kupca. Na\u0161 poudarek na trajnih in kakovostnih izdelkih, kot so na\u0161i elegantni in brez\u010dasni akusti\u010dni paneli, odra\u017ea na\u0161o predanost inteligentnim in bolj trajnostnim re\u0161itvam.  \r\n\r\nNa\u0161a zavezanost odgovornosti je potrjena skozi razli\u010dne certifikate. Uporaba lesa s certifikatom FSC\u2122 v na\u0161ih panelih zagotavlja odgovorno in okolju prijazno proizvodnjo. Sodelovanje z Nordijskim labodom (Svanem\u00e6rket) krepi na\u0161o predanost zmanj\u0161evanju odpadkov in izogibanju toksi\u010dnim kemikalijam. Aktivno se zavzemamo za cilje trajnostnega razvoja ZN in usklajujemo na\u0161a prizadevanja z globalnimi pobudami za bolj\u0161i svet.  \r\n\r\nPri Denpanels odgovorna potro\u0161nja in proizvodnja nista le ideala, temve\u010d vsakodnevna praksa. Na\u0161 strogi nadzor kakovosti zagotavlja, da do kupcev pridejo le izdelki najvi\u0161je kakovosti. V primeru proizvodnih napak pa s popravilom in recikliranjem materialov dokazujemo svojo zavezanost k zmanj\u0161evanju odpadkov in prepre\u010devanju nepotrebne porabe virov.  \r\n\r\nOb zavedanju vpliva plasti\u010dnega onesna\u017eevanja na vodne ekosisteme Denpanels prispeva k kro\u017enemu gospodarstvu z recikliranjem materialov v na\u0161ih akusti\u010dnih panelih. PET-filc, ki ga uporabljamo, je izdelan iz najmanj 50 % recikliranih plasti\u010dnih steklenic, kar je dokaz na\u0161e predanosti ohranjanju vodnih ekosistemov. Poleg tega kot podjetje s certifikatom FSC\u2122 zagotavljamo, da na\u0161i leseni paneli prispevajo k ohranjanju zdravega ravnovesja v svetovnih gozdovih in kopenskih ekosistemih."},"responsibility-background_image":"","responsibility-certificates":{"certificate":[{"responsibility_certificates-logo":22734,"responsibility_certificates-title":"Forest Stewardship council","responsibility_certificates-description":"Na\u0161e akusti\u010dne plo\u0161\u010de izdelujemo iz lesa s certifikatom FSC\u2122, ki izvira iz odgovorno upravljanih gozdov in drugih nadzorovanih virov.  \r\n\r\nForest Stewardship Council\u2122 (FSC\u2122) je mednarodni, neprofitni certifikacijski sistem za les in papir. Logotip FSC\u2122 lahko najdete na lesnih in papirnatih izdelkih, kar pomeni, da jih lahko kupite z mirno vestjo. V gozdovih s certifikatom FSC\u2122 se drevesa posekajo le s hitrostjo, ki omogo\u010da njihovo naravno obnavljanje. Poleg tega FSC\u2122 zagotavlja, da se lokalne skupnosti, biotska raznovrstnost in gozdni delavci obravnavajo s spo\u0161tovanjem.  \r\n\r\n\u010ce imate kakr\u0161nakoli vpra\u0161anja glede na\u0161ega FSC\u2122-certifikata ali na\u0161e osredoto\u010denosti na trajnost, nas prosimo kontaktirajte.","responsibility_certificates-cta_link":"","responsibility_certificates-cta_text":""},{"responsibility_certificates-logo":24191,"responsibility_certificates-title":"Nordic Swan Ecolabel","responsibility_certificates-description":"Nordic Swan Ecolabel ni zgolj \u0161e ena oznaka ali certifikat. Je uradna okoljska oznaka nordijskih dr\u017eav in velja za eno najstro\u017ejih ter najbolj ambicioznih okoljskih certifikacij na svetu. Nordic Swan Ecolabel slu\u017ei kot vodilo za potro\u0161nike in jim olaj\u0161a prehod k bolj trajnostnemu \u017eivljenjskemu slogu. Pomen te oznake v celotni nordijski regiji nenehno raste.  \r\n\r\nSamo na Danskem je 95 % prebivalstva seznanjenih s to oznako, 67 % pa jo aktivno i\u0161\u010de pri nakupnih odlo\u010ditvah \u2013 zdaj jo lahko najdete tudi na akusti\u010dnih plo\u0161\u010dah. Kar 68 % Dancev se aktivno zavzema za osebne ukrepe za za\u0161\u010dito okolja. Imetniki licence Nordic Swan Ecolabel lahko izkoristijo okoljsko prijaznost kot strate\u0161ko konkuren\u010dno prednost in tako prispevajo k bolj trajnostni dru\u017ebi.","responsibility_certificates-cta_link":"","responsibility_certificates-cta_text":""},{"responsibility_certificates-logo":25371,"responsibility_certificates-title":"Preizku\u0161eno za kakovost zraka","responsibility_certificates-description":"Ko izberete akusti\u010dne plo\u0161\u010de Denpanels, ki so testirane in odobrene za notranje okolje v skladu z nem\u0161kim standardom AgBB, pridobite ve\u010d kot le izbolj\u0161ano akustiko v svojem domu. Dobite re\u0161itev, ki aktivno prispeva k bolj zdravemu in \u010distej\u0161emu notranjemu okolju.  \r\n\r\nAgBB certifikat zagotavlja, da so plo\u0161\u010de brez \u0161kodljivih emisij, kar pomeni, da lahko brez skrbi u\u017eivate v udobnem in zdravem bivalnem prostoru. Z akusti\u010dnimi plo\u0161\u010dami Denpanels pridobite tako optimalno akustiko kot tudi zagotovilo, da je zrak, ki ga dihate, kar se da \u010dist. To je nalo\u017eba v udobje in zdravje.","responsibility_certificates-cta_link":"","responsibility_certificates-cta_text":""}]},"hero-media":"","hero-h1":"","hero-sub_header":""},"_links":{"self":[{"href":"https:\/\/denpanels.com\/sl\/wp-json\/wp\/v2\/pages\/25360","targetHints":{"allow":["GET"]}}],"collection":[{"href":"https:\/\/denpanels.com\/sl\/wp-json\/wp\/v2\/pages"}],"about":[{"href":"https:\/\/denpanels.com\/sl\/wp-json\/wp\/v2\/types\/page"}],"author":[{"embeddable":true,"href":"https:\/\/denpanels.com\/sl\/wp-json\/wp\/v2\/users\/3"}],"replies":[{"embeddable":true,"href":"https:\/\/denpanels.com\/sl\/wp-json\/wp\/v2\/comments?post=25360"}],"version-history":[{"count":3,"href":"https:\/\/denpanels.com\/sl\/wp-json\/wp\/v2\/pages\/25360\/revisions"}],"predecessor-version":[{"id":25364,"href":"https:\/\/denpanels.com\/sl\/wp-json\/wp\/v2\/pages\/25360\/revisions\/25364"}],"wp:attachment":[{"href":"https:\/\/denpanels.com\/sl\/wp-json\/wp\/v2\/media?parent=25360"}],"wp:term":[{"taxonomy":"page-section","embeddable":true,"href":"https:\/\/denpanels.com\/sl\/wp-json\/wp\/v2\/page-section?post=25360"},{"taxonomy":"page-template","embeddable":true,"href":"https:\/\/denpanels.com\/sl\/wp-json\/wp\/v2\/page-template?post=25360"}],"curies":[{"name":"wp","href":"https:\/\/api.w.org\/{rel}","templated":true}]}}