{"id":25355,"date":"2024-05-23T15:21:12","date_gmt":"2024-05-23T13:21:12","guid":{"rendered":"https:\/\/denpanels.com\/about\/"},"modified":"2025-03-13T09:01:46","modified_gmt":"2025-03-13T08:01:46","slug":"o-nas","status":"publish","type":"page","link":"https:\/\/denpanels.com\/sl\/o-nas\/","title":{"rendered":"O nas"},"content":{"rendered":"","protected":false},"excerpt":{"rendered":"","protected":false},"author":1,"featured_media":0,"parent":0,"menu_order":0,"comment_status":"closed","ping_status":"closed","template":"","meta":{"_acf_changed":false,"footnotes":""},"page-section":[536,525,526],"page-template":[111],"class_list":["post-25355","page","type-page","status-publish","hentry","page-section-content-blocks","page-section-hero","page-section-product-category","page-template-about-us"],"acf":{"product_category-selected":false,"product_category-headline_p1":"O nas","product_category-headline_p2":"Denpanels","product_category-introduction":"Denpanels je bil ustanovljen z vizijo ustvariti blagovno znamko, ki se ne le prilagaja evropskemu trgu, temve\u010d tudi slavi njegovo raznolikost in bogato oblikovalsko tradicijo. S koreninami na Danskem in kot del podjetja Fog & Ven\u00f8 se je Denpanels hitro uveljavil kot simbol kakovostne izdelave in estetske inovacije.  \r\n\r\nA smo ve\u010d kot le \u010dudovite povr\u0161ine \u2013 tukaj smo za vse, ki radi ustvarjate. Ne glede na to, ali gradite od za\u010detka, prenavljate ali preprosto dodajate osebni pe\u010dat svojemu prostoru, so na\u0161e plo\u0161\u010de zasnovane tako, da jih je enostavno uporabljati. Namestite jih, re\u017eite, pobarvajte ali kombinirajte na nove na\u010dine \u2013 izbira je va\u0161a!  \r\n\r\nPri Denpanels \u017eelimo, da vam olaj\u0161amo ustvarjanje prostora, ki se vam zdi popolnoma pravi. Hkrati pa prevzemamo odgovornost z izbiro trajnostnih materialov, zmanj\u0161evanjem odpadkov in zagotavljanjem dolgotrajnih izdelkov.  \r\n\r\nTorej, ne glede na to, ali ste izku\u0161en mojster DIY projektov ali preprosto u\u017eivate v ustvarjanju \u2013 vzemite orodje in skupaj zgradimo nekaj izjemnega!","product_category-highlighted_media":25717,"product_category-cta":{"product_category_cta":null},"comparrison_image":null,"product_category-some_of_our_combinations":25136,"hero-media":[25356],"hero-h1":"Denpanels","hero-sub_header":"eleganten evropski slog"},"_links":{"self":[{"href":"https:\/\/denpanels.com\/sl\/wp-json\/wp\/v2\/pages\/25355","targetHints":{"allow":["GET"]}}],"collection":[{"href":"https:\/\/denpanels.com\/sl\/wp-json\/wp\/v2\/pages"}],"about":[{"href":"https:\/\/denpanels.com\/sl\/wp-json\/wp\/v2\/types\/page"}],"author":[{"embeddable":true,"href":"https:\/\/denpanels.com\/sl\/wp-json\/wp\/v2\/users\/1"}],"replies":[{"embeddable":true,"href":"https:\/\/denpanels.com\/sl\/wp-json\/wp\/v2\/comments?post=25355"}],"version-history":[{"count":3,"href":"https:\/\/denpanels.com\/sl\/wp-json\/wp\/v2\/pages\/25355\/revisions"}],"predecessor-version":[{"id":25359,"href":"https:\/\/denpanels.com\/sl\/wp-json\/wp\/v2\/pages\/25355\/revisions\/25359"}],"acf:attachment":[{"embeddable":true,"href":"https:\/\/denpanels.com\/sl\/wp-json\/wp\/v2\/media\/25356"}],"acf:post":[{"embeddable":true,"href":"https:\/\/denpanels.com\/sl\/wp-json\/wp\/v2\/translation\/25136"}],"wp:attachment":[{"href":"https:\/\/denpanels.com\/sl\/wp-json\/wp\/v2\/media?parent=25355"}],"wp:term":[{"taxonomy":"page-section","embeddable":true,"href":"https:\/\/denpanels.com\/sl\/wp-json\/wp\/v2\/page-section?post=25355"},{"taxonomy":"page-template","embeddable":true,"href":"https:\/\/denpanels.com\/sl\/wp-json\/wp\/v2\/page-template?post=25355"}],"curies":[{"name":"wp","href":"https:\/\/api.w.org\/{rel}","templated":true}]}}