{"id":30775,"date":"2026-02-02T15:45:49","date_gmt":"2026-02-02T14:45:49","guid":{"rendered":"https:\/\/denpanels.com\/metallic-panels\/"},"modified":"2026-02-03T12:59:39","modified_gmt":"2026-02-03T11:59:39","slug":"metallic-panely","status":"publish","type":"page","link":"https:\/\/denpanels.com\/sk\/metallic-panely\/","title":{"rendered":"Metallic Panely"},"content":{"rendered":"","protected":false},"excerpt":{"rendered":"","protected":false},"author":3,"featured_media":0,"parent":0,"menu_order":0,"comment_status":"closed","ping_status":"closed","template":"","meta":{"_acf_changed":false,"footnotes":""},"page-section":[535,524,525,530,526,532,527,534],"page-template":[945],"class_list":["post-30775","page","type-page","status-publish","hentry","page-section-category-options","page-section-datasheet","page-section-hero","page-section-main-category","page-section-product-category","page-section-specific-products","page-section-sub-category","page-section-the-panels-construction","page-template-category-metallic"],"acf":{"product_category-selected":939,"product_category-headline_p1":"Dodajte odv\u00e1\u017eny, modern\u00fd vzh\u013ead","product_category-headline_p2":"v\u00e1\u0161mu interi\u00e9ru","product_category-introduction":"H\u013ead\u00e1te elegantn\u00e9 a modern\u00e9 rie\u0161enie steny s exkluz\u00edvnym industri\u00e1lnym n\u00e1dychom? Metalick\u00e9 panely od Denpanels kombinuj\u00fa vzh\u013ead br\u00fasenej ocele s jemn\u00fdmi metalick\u00fdmi odtie\u0148mi, v\u010faka \u010domu m\u00f4\u017eete vytvori\u0165 priestor, ktor\u00fd p\u00f4sob\u00ed z\u00e1rove\u0148 \u0161t\u00fdlovo aj pokojne.\r\n\r\nIde\u00e1lne pre dom\u00e1cnosti, kancel\u00e1rie aj verejn\u00e9 priestory \u2013 tieto panely zlep\u0161uj\u00fa akustiku miestnosti a z\u00e1rove\u0148 prin\u00e1\u0161aj\u00fa \u010dist\u00fd, sofistikovan\u00fd vzh\u013ead, s povrchom navrhnut\u00fdm pre ka\u017edodenn\u00e9 pou\u017e\u00edvanie.\r\n\r\n<strong>S Metalick\u00fdmi panelmi Denpanels z\u00edskate:<\/strong>\r\n\r\n<ul>\r\n  <li>Modern\u00fd vzh\u013ead br\u00fasenej ocele \u2013 pre minimalistick\u00fa a exkluz\u00edvnu povrchov\u00fa \u00fapravu<\/li>\r\n  <li>6 metalick\u00fdch farieb \u2013 Aluminium, Bronze, Copper, Gold, Inox a Titan<\/li>\r\n  <li>Lep\u0161iu akustiku \u2013 pohlcovanie zvuku a zn\u00ed\u017eenie dozvuku<\/li>\r\n  <li>Jednoduch\u00fa \u00fadr\u017ebu \u2013 odoln\u00fd lamin\u00e1tov\u00fd povrch, ktor\u00fd sa \u013eahko \u010dist\u00ed<\/li>\r\n  <li>Menej vidite\u013en\u00e9 odtla\u010dky prstov \u2013 pre \u010dist\u00fd a jednotn\u00fd vzh\u013ead<\/li>\r\n  <li>D\u00e1nsky dizajn a kvalitu \u2013 vyroben\u00e9 s d\u00f4razom na funk\u010dnos\u0165 a estetiku<\/li>\r\n<\/ul>\r\n","product_category-highlighted_media":30763,"product_category-cta":{"product_category_cta":null},"comparrison_image":"","product_category-some_of_our_combinations":25798,"hero-media":[30732],"hero-h1":"Metallic Panely","hero-sub_header":""},"_links":{"self":[{"href":"https:\/\/denpanels.com\/sk\/wp-json\/wp\/v2\/pages\/30775","targetHints":{"allow":["GET"]}}],"collection":[{"href":"https:\/\/denpanels.com\/sk\/wp-json\/wp\/v2\/pages"}],"about":[{"href":"https:\/\/denpanels.com\/sk\/wp-json\/wp\/v2\/types\/page"}],"author":[{"embeddable":true,"href":"https:\/\/denpanels.com\/sk\/wp-json\/wp\/v2\/users\/3"}],"replies":[{"embeddable":true,"href":"https:\/\/denpanels.com\/sk\/wp-json\/wp\/v2\/comments?post=30775"}],"version-history":[{"count":4,"href":"https:\/\/denpanels.com\/sk\/wp-json\/wp\/v2\/pages\/30775\/revisions"}],"predecessor-version":[{"id":30835,"href":"https:\/\/denpanels.com\/sk\/wp-json\/wp\/v2\/pages\/30775\/revisions\/30835"}],"acf:attachment":[{"embeddable":true,"href":"https:\/\/denpanels.com\/sk\/wp-json\/wp\/v2\/media\/30732"}],"acf:post":[{"embeddable":true,"href":"https:\/\/denpanels.com\/sk\/wp-json\/wp\/v2\/translation\/25798"}],"acf:term":[{"embeddable":true,"taxonomy":"product-category","href":"https:\/\/denpanels.com\/sk\/wp-json\/wp\/v2\/product-category\/939"}],"wp:attachment":[{"href":"https:\/\/denpanels.com\/sk\/wp-json\/wp\/v2\/media?parent=30775"}],"wp:term":[{"taxonomy":"page-section","embeddable":true,"href":"https:\/\/denpanels.com\/sk\/wp-json\/wp\/v2\/page-section?post=30775"},{"taxonomy":"page-template","embeddable":true,"href":"https:\/\/denpanels.com\/sk\/wp-json\/wp\/v2\/page-template?post=30775"}],"curies":[{"name":"wp","href":"https:\/\/api.w.org\/{rel}","templated":true}]}}