{"id":29401,"date":"2025-06-17T14:52:19","date_gmt":"2025-06-17T12:52:19","guid":{"rendered":"https:\/\/denpanels.com\/faq\/"},"modified":"2025-06-25T08:27:53","modified_gmt":"2025-06-25T06:27:53","slug":"faq","status":"publish","type":"page","link":"https:\/\/denpanels.com\/sk\/faq\/","title":{"rendered":"FAQ"},"content":{"rendered":"","protected":false},"excerpt":{"rendered":"","protected":false},"author":1,"featured_media":0,"parent":0,"menu_order":0,"comment_status":"closed","ping_status":"closed","template":"","meta":{"_acf_changed":false,"footnotes":""},"page-section":[536,525,526],"page-template":[766],"class_list":["post-29401","page","type-page","status-publish","hentry","page-section-content-blocks","page-section-hero","page-section-product-category","page-template-faq"],"acf":{"product_category-selected":false,"product_category-headline_p1":"Nem\u00f4\u017eem n\u00e1js\u0165","product_category-headline_p2":"\u010do h\u013ead\u00e1te?","product_category-introduction":"V\u017edy n\u00e1s m\u00f4\u017eete kontaktova\u0165 - sme tu, aby sme v\u00e1m pomohli.\r\n\r\n<strong>Kontakt<\/strong>\r\ndenpanels@fog-veno.com\r\n(+45) 88 77 83 70\r\n\r\n<strong>Telefonick\u00e9 hodiny (SE\u010c)<\/strong>\r\nPondelok 08:00 - 16:00\r\nUtorok 08:00 - 16:00\r\nStreda 08:00 - 16:00\r\n\u0160tvrtok 08:00 - 16:00\r\nPiatok 08:00 - 14:00","product_category-highlighted_media":29420,"product_category-cta":{"product_category_cta":null},"comparrison_image":null,"product_category-some_of_our_combinations":"","hero-media":[29295],"hero-h1":"FAQ","hero-sub_header":""},"_links":{"self":[{"href":"https:\/\/denpanels.com\/sk\/wp-json\/wp\/v2\/pages\/29401","targetHints":{"allow":["GET"]}}],"collection":[{"href":"https:\/\/denpanels.com\/sk\/wp-json\/wp\/v2\/pages"}],"about":[{"href":"https:\/\/denpanels.com\/sk\/wp-json\/wp\/v2\/types\/page"}],"author":[{"embeddable":true,"href":"https:\/\/denpanels.com\/sk\/wp-json\/wp\/v2\/users\/1"}],"replies":[{"embeddable":true,"href":"https:\/\/denpanels.com\/sk\/wp-json\/wp\/v2\/comments?post=29401"}],"version-history":[{"count":1,"href":"https:\/\/denpanels.com\/sk\/wp-json\/wp\/v2\/pages\/29401\/revisions"}],"predecessor-version":[{"id":29410,"href":"https:\/\/denpanels.com\/sk\/wp-json\/wp\/v2\/pages\/29401\/revisions\/29410"}],"acf:attachment":[{"embeddable":true,"href":"https:\/\/denpanels.com\/sk\/wp-json\/wp\/v2\/media\/29295"}],"wp:attachment":[{"href":"https:\/\/denpanels.com\/sk\/wp-json\/wp\/v2\/media?parent=29401"}],"wp:term":[{"taxonomy":"page-section","embeddable":true,"href":"https:\/\/denpanels.com\/sk\/wp-json\/wp\/v2\/page-section?post=29401"},{"taxonomy":"page-template","embeddable":true,"href":"https:\/\/denpanels.com\/sk\/wp-json\/wp\/v2\/page-template?post=29401"}],"curies":[{"name":"wp","href":"https:\/\/api.w.org\/{rel}","templated":true}]}}