{"id":28750,"date":"2025-06-05T08:51:11","date_gmt":"2025-06-05T06:51:11","guid":{"rendered":"https:\/\/denpanels.com\/?page_id=28750"},"modified":"2025-09-03T12:21:32","modified_gmt":"2025-09-03T10:21:32","slug":"nordic-outdoor-panely","status":"publish","type":"page","link":"https:\/\/denpanels.com\/sk\/panely\/nordic-outdoor-panely\/","title":{"rendered":"Nordic Outdoor Panely"},"content":{"rendered":"<p class=\"p1\"><b>Panely Nordic Outdoor FR PRO<\/b><b><\/b><\/p>\n","protected":false},"excerpt":{"rendered":"<p>Panely Nordic Outdoor FR PRO<\/p>\n","protected":false},"author":1,"featured_media":0,"parent":26185,"menu_order":3,"comment_status":"closed","ping_status":"closed","template":"","meta":{"_acf_changed":false,"footnotes":""},"page-section":[525,530,528,526],"page-template":[765],"class_list":["post-28750","page","type-page","status-publish","hentry","page-section-hero","page-section-main-category","page-section-megamenu","page-section-product-category","page-template-category-outdoor-panels"],"acf":{"outdoorpanels_products":[{"outdoorpanels_products-images":[28586,28595,28622,28604,28613],"outdoorpanels_products-info":{"outdoorpanels_products-name":"Nordic Outdoor panel dekorat\u00edvny","outdoorpanels_products-description":"Nordic Outdoor panely dekorat\u00edvne boli vyvinut\u00e9 pre kryt\u00e9 vonkaj\u0161ie priestory, ako s\u00fa terasy, pr\u00edstre\u0161ky na aut\u00e1 a balk\u00f3ny. Kombinuj\u00fa estetiku a funk\u010dnos\u0165 a s\u00fa vyroben\u00e9 z odoln\u00fdch lamiel ThermoWood upevnen\u00fdch na filci odolnom vo\u010di vlhkosti. Dekorat\u00edvne panely vytv\u00e1raj\u00fa harmonick\u00fd a jednotn\u00fd vzh\u013ead, ktor\u00fd dod\u00e1va h\u013abku a teplo va\u0161im kryt\u00fdm vonkaj\u0161\u00edm priestorom.","outdoorpanels_products-usp_headline":"Pre\u010do si vybra\u0165 Nordic Outdoor panely dekorat\u00edvne?","outdoorpanels_products-usp":[{"outdoorpanels_products-usp_text":"Ide\u00e1lne pre kryt\u00e9 vonkaj\u0161ie priestory \u2013 vytvorte exkluz\u00edvny vzh\u013ead"},{"outdoorpanels_products-usp_text":"Rie\u0161enie \u0161etriace \u010das"},{"outdoorpanels_products-usp_text":"Jednoduch\u00e1 in\u0161tal\u00e1cia bez potreby \u0161peci\u00e1lnych n\u00e1rad\u00ed"}]},"outdoorpanels_products-datasheet":{"outdoorpanels_products-button_text":25800,"category_datasheet-issuu_link":"https:\/\/issuu.com\/fogveno\/docs\/en_nordic_outdoor_design_panel?fr=xKAE9_zMzMw"},"outdoorpanels_products-installation":{"outdoorpanels_products_installation-button_cta":28632,"outdoorpanels_products_installation-headline":28632,"outdoorpanels_products_installation-guide":"In\u0161tal\u00e1cia krok za krokom\r\n\r\nPr\u00edprava: Zabezpe\u010dte rovn\u00fd a stabiln\u00fd m\u00far. V pr\u00edpade potreby nain\u0161talujte vetruvzdorn\u00fa membr\u00e1nu. Pre\u010d\u00edtajte si mont\u00e1\u017eny n\u00e1vod prilo\u017een\u00fd v balen\u00ed.\r\n\r\nMont\u00e1\u017e latiek: Pou\u017eite vhodn\u00e9 dreven\u00e9 laty so spr\u00e1vnym rozostupom. Pou\u017eite minim\u00e1lne 15 fas\u00e1dnych skrutiek Nordic Outdoor PRO na panel (\u00d84,0 x 30 mm). Panely by mali by\u0165 namontovan\u00e9 filcom pokrytou stranou smeruj\u00facou k lat\u00e1m.\r\n\r\nUpevnenie panelov: Namontujte panely pomocou fas\u00e1dnych skrutiek Nordic Outdoor PRO.\r\n\r\n\u00daprava panelu: Ak potrebujete upravi\u0165 \u0161\u00edrku alebo d\u013a\u017eku panelov, odpor\u00fa\u010dame pou\u017ei\u0165 pr\u00edmo\u010diaru alebo okru\u017en\u00fa p\u00edlu na rezanie.\r\n\r\n","outdoorpanels_products_installation-video_url":"https:\/\/youtu.be\/xeJ2UGuPZbQ"}},{"outdoorpanels_products-images":[28649,28658,28685,28676,28667],"outdoorpanels_products-info":{"outdoorpanels_products-name":"Nordic Outdoor FLEX panel","outdoorpanels_products-description":"Nordic Outdoor FLEX panely s\u00fa robustn\u00fdm a estetick\u00fdm rie\u0161en\u00edm obkladu, navrhnut\u00fdm pre r\u00fdchlu a presn\u00fa in\u0161tal\u00e1ciu. Panel pozost\u00e1va z lamiel ThermoWood namontovan\u00fdch na podklade z rovnak\u00e9ho materi\u00e1lu \u2013 tento podklad je vidite\u013enou a integrovanou s\u00fa\u010das\u0165ou dizajnu. Vytv\u00e1ra harmonick\u00fd a jednotn\u00fd vzh\u013ead medzi lamelami a dod\u00e1va fas\u00e1de h\u013abku a teplo.","outdoorpanels_products-usp_headline":"Pre\u010do si vybra\u0165 Nordic Outdoor FLEX panely?","outdoorpanels_products-usp":[{"outdoorpanels_products-usp_text":"Vidite\u013en\u00fd podklad za panelom"},{"outdoorpanels_products-usp_text":"U\u0161etrite \u010das: r\u00fdchla in\u0161tal\u00e1cia a flexibiln\u00e9 prisp\u00f4sobenie"},{"outdoorpanels_products-usp_text":"Odoln\u00e9 vo\u010di vlhkosti, plesniam a teplotn\u00fdm v\u00fdkyvom"}]},"outdoorpanels_products-datasheet":{"outdoorpanels_products-button_text":25800,"category_datasheet-issuu_link":"https:\/\/issuu.com\/fogveno\/docs\/en_nordic_outdoor_flex_panel?fr=xKAE9_zMzMw"},"outdoorpanels_products-installation":{"outdoorpanels_products_installation-button_cta":28632,"outdoorpanels_products_installation-headline":28632,"outdoorpanels_products_installation-guide":"In\u0161tal\u00e1cia krok za krokom\r\n\r\nPr\u00edprava: Zabezpe\u010dte, aby okolit\u00e1 stavebn\u00e1 kon\u0161trukcia bola spr\u00e1vne vyhotoven\u00e1 a poskytovala dostato\u010dn\u00fa ochranu a podporu pre obklad. Zabezpe\u010dte odvodnenie, ventil\u00e1ciu a priestor pre pohyb kon\u0161trukcie. Obklad nesmie by\u0165 v priamom kontakte so zemou (minim\u00e1lna vzdialenos\u0165 200 mm od ter\u00e9nu).\r\n\r\nUpevnenie panelov: Pou\u017eite kr\u00fa\u017ekov\u00e9 klince alebo fas\u00e1dne skrutky Nordic Outdoor FLEX. Odpor\u00fa\u010da sa predv\u0155tanie koncov profilov, aby sa predi\u0161lo prasknutiu.\r\n\r\nMont\u00e1\u017e panelov: Za\u010dnite zdola a pokra\u010dujte nahor. Priebe\u017ene kontrolujte vertik\u00e1lne a horizont\u00e1lne vyrovnanie.\r\n\r\n\u00daprava panelov: Na presn\u00e9 rezanie pou\u017eite pr\u00edmo\u010diaru p\u00edlu alebo okru\u017en\u00fa p\u00edlu.","outdoorpanels_products_installation-video_url":"https:\/\/youtu.be\/xeJ2UGuPZbQ"}},{"outdoorpanels_products-images":[28694,28712,28739,28730,28703,28721],"outdoorpanels_products-info":{"outdoorpanels_products-name":"Nordic Outdoor PRO panel","outdoorpanels_products-description":"Nordic Outdoor PRO panely s\u00fa odoln\u00fdm a estetick\u00fdm rie\u0161en\u00edm fas\u00e1dy. Panel je vyroben\u00fd z dosiek z kamennej vlny a exkluz\u00edvnych lamiel ThermoWood, \u010do zabezpe\u010duje dlh\u00fa \u017eivotnos\u0165, minim\u00e1lnu \u00fadr\u017ebu a odolnos\u0165 vo\u010di vlhkosti a teplotn\u00fdm v\u00fdkyvom.","outdoorpanels_products-usp_headline":"Pre\u010do si vybra\u0165 Nordic Outdoor PRO panely?","outdoorpanels_products-usp":[{"outdoorpanels_products-usp_text":"Unik\u00e1tna kon\u0161trukcia z dosiek z kamennej vlny a lamiel ThermoWood"},{"outdoorpanels_products-usp_text":"Odoln\u00e1 a poveternostne odoln\u00e1 fas\u00e1da s minim\u00e1lnou \u00fadr\u017ebou"},{"outdoorpanels_products-usp_text":"Jednoduch\u00e1 in\u0161tal\u00e1cia bez potreby \u0161peci\u00e1lnych n\u00e1strojov"}]},"outdoorpanels_products-datasheet":{"outdoorpanels_products-button_text":25800,"category_datasheet-issuu_link":"https:\/\/issuu.com\/fogveno\/docs\/en_nordic_outdoor_pro_panel?fr=xKAE9_zMzMw"},"outdoorpanels_products-installation":{"outdoorpanels_products_installation-button_cta":28632,"outdoorpanels_products_installation-headline":28632,"outdoorpanels_products_installation-guide":"In\u0161tal\u00e1cia krok za krokom\r\n\r\nPr\u00edprava: Vy\u010distite a pripravte povrch. Pre\u010d\u00edtajte si mont\u00e1\u017eny n\u00e1vod prilo\u017een\u00fd k baleniu. V pr\u00edpade potreby nain\u0161talujte vetruvzdorn\u00fa z\u00e1branu.\r\n\r\nMont\u00e1\u017e latiek: Nain\u0161talujte laty s maxim\u00e1lnym rozostupom C\/C 300 mm. Zabezpe\u010dte spr\u00e1vnu ventil\u00e1ciu.\r\n\r\nUpevnenie panelov: Namontujte panely pomocou fas\u00e1dnych skrutiek, minim\u00e1lne 10 skrutiek na m\u00b2.\r\n\r\nDokon\u010denie: Skontrolujte, \u010di s\u00fa v\u0161etky panely spr\u00e1vne zarovnan\u00e9. V pr\u00edpade potreby nain\u0161talujte sie\u0165ku proti hmyzu hore a dole.","outdoorpanels_products_installation-video_url":"https:\/\/youtu.be\/KEGL-QCWLq8"}},{"outdoorpanels_products-images":[30164],"outdoorpanels_products-info":{"outdoorpanels_products-name":"Panely Nordic Outdoor FR PRO","outdoorpanels_products-description":"Panely Nordic Outdoor FR PRO s\u00fa navrhnut\u00e9 pre polootvoren\u00e9 a kryt\u00e9 vonkaj\u0161ie priestory, kde s\u00fa rozhoduj\u00face bezpe\u010dnos\u0165 aj estetika. S\u00fa vyroben\u00e9 z nehor\u013eav\u00fdch dosiek z kamennej vlny a l\u00ed\u0161t ThermoWood, sp\u00e1jaj\u00fa \u0161kandin\u00e1vsky dizajn s certifikovanou po\u017eiarnou odolnos\u0165ou (B-s2,d0). Pon\u00fakaj\u00fa dlhodob\u00fd v\u00fdkon s minim\u00e1lnou \u00fadr\u017ebou, \u010do z nich rob\u00ed ide\u00e1lne rie\u0161enie pre nov\u00e9 stavby aj rekon\u0161trukcie.","outdoorpanels_products-usp_headline":"Pre\u010do si vybra\u0165 panely Nordic Outdoor FR PRO?","outdoorpanels_products-usp":[{"outdoorpanels_products-usp_text":"Nehor\u013eav\u00e9 rie\u0161enie (B-s2,d0) na vonkaj\u0161ie pou\u017eitie"},{"outdoorpanels_products-usp_text":"Kombinuje bezpe\u010dnos\u0165 s estetikou \u0161kandin\u00e1vskeho dizajnu"},{"outdoorpanels_products-usp_text":"Jednoduch\u00e1 a r\u00fdchla mont\u00e1\u017e"}]},"outdoorpanels_products-datasheet":{"outdoorpanels_products-button_text":25800,"category_datasheet-issuu_link":"https:\/\/issuu.com\/fogveno\/docs\/en_nordic_outdoor_fr_pro_panel?fr=xKAE9_zMzMw"},"outdoorpanels_products-installation":{"outdoorpanels_products_installation-button_cta":"","outdoorpanels_products_installation-headline":"","outdoorpanels_products_installation-guide":"","outdoorpanels_products_installation-video_url":""}}],"product_category-selected":false,"product_category-headline_p1":"REAL WOOD,","product_category-headline_p2":"REAL ACOUSTIC IMPROVEMENTS","product_category-introduction":"All BY VEN\u00d8 acoustic panels are much more than just a visual product. You get a product that makes the room\u2019s acoustics and level of reverberation significantly better!\r\n\r\nOur Danish-made acoustic panels break the sound and absorb the sound wave, so it dies out when it hits the panels.\r\n\r\nThis means that the sound wave is eliminated and the reverberation time is shortened, which will improve the indoor climate and the feeling of well-being in the room, whether we are talking about private, commercial or public buildings.\r\n\r\nThe combination of the slat structure and the acoustic polyester felt divides the sound waves and absorbs them when they hit the panel. This means that the sound is not reflected back into the room, but is absorbed into the panel.\r\n\r\nThe panel is made of slats of black MDF with a surface of real wood veneer, which is attached to a 9mm \/ 0.35 in black polyester felt of recycled plastic. Our wood panels are also made from materials from responsibly managed FSC\u2122certified forests and other controlled sources.","product_category-highlighted_media":"","product_category-cta":{"product_category_cta":null},"comparrison_image":"","product_category-some_of_our_combinations":"","hero-media":[28559,28568,28577],"hero-h1":"Nordic Outdoor Panely","hero-sub_header":""},"_links":{"self":[{"href":"https:\/\/denpanels.com\/sk\/wp-json\/wp\/v2\/pages\/28750","targetHints":{"allow":["GET"]}}],"collection":[{"href":"https:\/\/denpanels.com\/sk\/wp-json\/wp\/v2\/pages"}],"about":[{"href":"https:\/\/denpanels.com\/sk\/wp-json\/wp\/v2\/types\/page"}],"author":[{"embeddable":true,"href":"https:\/\/denpanels.com\/sk\/wp-json\/wp\/v2\/users\/1"}],"replies":[{"embeddable":true,"href":"https:\/\/denpanels.com\/sk\/wp-json\/wp\/v2\/comments?post=28750"}],"version-history":[{"count":4,"href":"https:\/\/denpanels.com\/sk\/wp-json\/wp\/v2\/pages\/28750\/revisions"}],"predecessor-version":[{"id":30182,"href":"https:\/\/denpanels.com\/sk\/wp-json\/wp\/v2\/pages\/28750\/revisions\/30182"}],"up":[{"embeddable":true,"href":"https:\/\/denpanels.com\/sk\/wp-json\/wp\/v2\/pages\/26185"}],"acf:attachment":[{"embeddable":true,"href":"https:\/\/denpanels.com\/sk\/wp-json\/wp\/v2\/media\/28577"},{"embeddable":true,"href":"https:\/\/denpanels.com\/sk\/wp-json\/wp\/v2\/media\/28568"},{"embeddable":true,"href":"https:\/\/denpanels.com\/sk\/wp-json\/wp\/v2\/media\/28559"}],"wp:attachment":[{"href":"https:\/\/denpanels.com\/sk\/wp-json\/wp\/v2\/media?parent=28750"}],"wp:term":[{"taxonomy":"page-section","embeddable":true,"href":"https:\/\/denpanels.com\/sk\/wp-json\/wp\/v2\/page-section?post=28750"},{"taxonomy":"page-template","embeddable":true,"href":"https:\/\/denpanels.com\/sk\/wp-json\/wp\/v2\/page-template?post=28750"}],"curies":[{"name":"wp","href":"https:\/\/api.w.org\/{rel}","templated":true}]}}