{"id":26325,"date":"2024-06-06T12:03:39","date_gmt":"2024-06-06T10:03:39","guid":{"rendered":"https:\/\/denpanels.com\/nordic-swan-ecolabel\/"},"modified":"2025-03-19T13:23:11","modified_gmt":"2025-03-19T12:23:11","slug":"nordic-swan-ecolabel","status":"publish","type":"page","link":"https:\/\/denpanels.com\/sk\/nordic-swan-ecolabel\/","title":{"rendered":"Nordic Swan Ecolabel"},"content":{"rendered":"<div>\n<p>        <video src=\"\/wp-content\/uploads\/Nordic-Swan-Ecolabel.mp4\"><\/video><\/p>\n<\/div>\n<div>\n<h1>Nordic Swan Ecolabel<\/h1>\n<\/div>\n<h2>K\u013e\u00fa\u010dov\u00fd m\u00ed\u013enik<\/h2>\n<h2>pre udr\u017eate\u013enos\u0165 a kvalitu<\/h2>\n<div>\n<p>V s\u00fa\u010dasnom stavebnom priemysle sa Nordic Swan Ecolabel stal z\u00e1sadn\u00fdm meradlom udr\u017eate\u013enosti a kvality. Tento symbol sa etabloval ako uzn\u00e1van\u00fd \u0161tandard environment\u00e1lnej zodpovednosti, udr\u017eate\u013enosti a spotrebite\u013esk\u00e9ho povedomia nielen v D\u00e1nsku, ale v celom severskom regi\u00f3ne.<\/p>\n<p>Ako zabezpe\u010di\u0165, aby priestory, ktor\u00e9 vytv\u00e1rame, boli esteticky pr\u00ed\u0165a\u017eliv\u00e9, funk\u010dn\u00e9 a z\u00e1rove\u0148 \u0161etrn\u00e9 k \u017eivotn\u00e9mu prostrediu?<\/p>\n<p>Odpove\u010fou je Nordic Swan Ecolabel. V\u00fdznam tohto ozna\u010denia v seversk\u00fdch krajin\u00e1ch neust\u00e1le rastie. Len v D\u00e1nsku pozn\u00e1 tento certifik\u00e1t 95 % popul\u00e1cie a 67 % ho akt\u00edvne vyh\u013ead\u00e1va pri rozhodovan\u00ed o n\u00e1kupe. Tieto \u010d\u00edsla odr\u00e1\u017eaj\u00fa \u0161ir\u0161\u00ed seversk\u00fd trend, kde spotrebitelia aj firmy \u010doraz viac uprednost\u0148uj\u00fa udr\u017eate\u013enos\u0165 a environment\u00e1lne h\u013eadisk\u00e1.<\/p>\n<p>Zl\u00e1 akustika m\u00f4\u017ee v\u00fdrazne zn\u00ed\u017ei\u0165 kvalitu ak\u00e9hoko\u013evek priestoru \u2013 od pracov\u00edsk cez verejn\u00e9 priestory a\u017e po s\u00fakromn\u00e9 domovy. V\u00fdberom na\u0161ich akustick\u00fdch panelov s certifik\u00e1ciou Nordic Swan Ecolabel v\u0161ak nielen rie\u0161ite akustiku, ale z\u00e1rove\u0148 d\u00e1vate najavo svoj z\u00e1v\u00e4zok vo\u010di plan\u00e9te. V profesion\u00e1lnych prostrediach, kde je produktivita a spokojnos\u0165 zamestnancov k\u013e\u00fa\u010dov\u00e1, sa rie\u0161enia s Nordic Swan Ecolabel st\u00e1vaj\u00fa d\u00f4le\u017eit\u00fdm faktorom. Nielen\u017ee zlep\u0161uj\u00fa akustiku, ale z\u00e1rove\u0148 dokazuj\u00fa z\u00e1v\u00e4zok firmy k udr\u017eate\u013enosti.<\/p>\n<\/div>\n<p><p>\n        <a href=\"https:\/\/fog-veno.com\/en\/nordic-swan-ecolabel\/\" rel=\"nofollow noopener\" target=\"_blank\">Pre\u010d\u00edtajte si viac o na\u0161ej certifik\u00e1cii<\/a>\n    <\/p>\n<\/p>\n<p><img decoding=\"async\" src=\"\/wp-content\/uploads\/Render-1.jpg\" alt=\"\" title=\"\"><\/p>\n<h2>\n<p>V\u00fdhody akustick\u00fdch panelov s certifik\u00e1ciou Nordic Swan Ecolabel<\/p>\n<\/h2>\n<div>\n<p>Nordic Swan Ecolabel je v s\u00falade s cie\u013emi udr\u017eate\u013en\u00e9ho rozvoja OSN, pri\u010dom sa zameriava na udr\u017eate\u013en\u00fa v\u00fdrobu a zodpovedn\u00fa spotrebu. Tu je, v \u010dom na\u0161e akustick\u00e9 panely s certifik\u00e1ciou Nordic Swan Ecolabel vynikaj\u00fa:<\/p>\n<ul>\n<li><strong>Trv\u00e1cnos\u0165<\/strong>: Kombin\u00e1cia kvality a udr\u017eate\u013enosti zabezpe\u010duje dlhodob\u00e9 rie\u0161enie.<\/li>\n<li><strong>Udr\u017eate\u013enos\u0165<\/strong>: Panely podporuj\u00fa ekologickej\u0161\u00ed stavebn\u00fd proces minimaliz\u00e1ciou odpadu a podporou obehov\u00e9ho hospod\u00e1rstva. S\u00fa vyr\u00e1ban\u00e9 s oh\u013eadom na pr\u00edrodu \u2013 od zodpovedn\u00e9ho lesn\u00e9ho hospod\u00e1rstva a\u017e po recykl\u00e1ciu materi\u00e1lov.<\/li>\n<li><strong>Zdravie<\/strong>: Absencia \u0161kodliv\u00fdch chemik\u00e1li\u00ed znamen\u00e1, \u017ee priestory, kde s\u00fa panely in\u0161talovan\u00e9, sa st\u00e1vaj\u00fa zdrav\u0161\u00edmi na b\u00fdvanie, pr\u00e1cu \u010di n\u00e1v\u0161tevu, \u010d\u00edm sa zni\u017euje zdravotn\u00e9 riziko.<\/li>\n<li><strong>Podpora glob\u00e1lnych iniciat\u00edv<\/strong>: V\u00fdberom produktov s certifik\u00e1ciou Nordic Swan Ecolabel podporujete aj ciele udr\u017eate\u013en\u00e9ho rozvoja OSN, najm\u00e4 cie\u013e 12 (Zodpovedn\u00e1 spotreba a v\u00fdroba) a cie\u013e 15 (\u017divot na pevnine).<\/li>\n<\/ul>\n<\/div>\n<div>\n<p>        <img decoding=\"async\" src=\"\/wp-content\/uploads\/nordicsvanecolabel-logo.png\" alt=\"\" title=\"\"><\/p>\n<h2>H\u013eada\u0165<\/h2>\n<p>Nordic Swan Ecolabel<\/p>\n<div>\n<p>Bud\u00facnos\u0165 stavebn\u00edctva je zelen\u00e1, zameran\u00e1 na funk\u010dnos\u0165 a orientovan\u00e1 na pou\u017e\u00edvate\u013ea. Zoh\u013eadnenie akustiky u\u017e od za\u010diatku nie je len nevyhnutnos\u0165ou pre optim\u00e1lny pou\u017e\u00edvate\u013esk\u00fd z\u00e1\u017eitok, ale aj s\u00fa\u010das\u0165ou na\u0161ej \u0161ir\u0161ej zodpovednosti vo\u010di plan\u00e9te a jej obyvate\u013eom. Akustick\u00e9 panely Denpanels s certifik\u00e1ciou Nordic Swan Ecolabel pon\u00fakaj\u00fa rie\u0161enie, ktor\u00e9 zabezpe\u010duje nielen vysok\u00fa kvalitu zvuku, ale aj udr\u017eate\u013enos\u0165 a zdrav\u0161ie prostredie v na\u0161ich budov\u00e1ch.<\/p>\n<\/div>\n<p><a href=\"https:\/\/www.svanemaerket.dk\/en\" rel=\"nofollow noopener\" target=\"_blank\">Read more about the nordic swan ecolabel<\/a><\/p>\n<\/div>\n<p><!--more--><br \/>\n<!-- {\"type\":\"layout\",\"children\":[{\"type\":\"section\",\"props\":{\"\":\"linear-gradient(180deg, rgba(75,93,99,1) 0%, rgba(75,93,99,0.7217480742296919) 31%, rgba(75,93,99,0.14751838235294112) 100%);\",\"animation\":\"scale-up\",\"animation_delay\":\"200\",\"divider_height\":\"120\",\"divider_layers_gap\":\"5\",\"divider_layers_opacity\":\"0.5\",\"divider_position\":\"top\",\"divider_responsive\":true,\"divider_shadow_blur_radius\":\"5\",\"divider_shadow_color\":\"#00000080\",\"divider_shadow_offset_x\":\"0\",\"divider_shadow_offset_y\":\"5\",\"divider_width\":\"100\",\"header_transparent\":true,\"header_transparent_noplaceholder\":true,\"height_viewport\":35,\"image_effect\":\"parallax\",\"image_parallax_bgy\":\"100\",\"image_position\":\"center-center\",\"image_size\":\"cover\",\"image_width\":1920,\"media_background\":\"#4B5D63\",\"media_blend_mode\":\"multiply\",\"padding\":\"none\",\"padding_custom_bottom\":\"70\",\"padding_custom_top\":\"70\",\"style\":\"secondary\",\"style_custom_color\":\"#ccc\",\"text_color\":\"light\",\"title_breakpoint\":\"xl\",\"title_position\":\"top-left\",\"title_rotation\":\"left\",\"vertical_align\":\"middle\",\"width\":\"\"},\"children\":[{\"type\":\"row\",\"props\":{\"divider\":false,\"parallax\":true},\"children\":[{\"type\":\"column\",\"props\":{\"image_position\":\"center-center\",\"position_sticky_breakpoint\":\"m\"},\"children\":[{\"type\":\"slideshow\",\"props\":{\"blend\":false,\"class\":\"gradientoverlay\",\"css\":\".el-element {\\n    margin-bottom: 0px !important;\\n}\",\"image_loading\":true,\"image_width\":\"1920\",\"link_style\":\"default\",\"link_text\":\"Read more\",\"margin\":\"default\",\"meta_align\":\"below-title\",\"meta_element\":\"div\",\"meta_style\":\"text-meta\",\"nav\":\"\",\"nav_align\":\"center\",\"nav_below\":true,\"nav_breakpoint\":\"s\",\"nav_position\":\"bottom-center\",\"nav_position_margin\":\"medium\",\"overlay_animation\":\"parallax\",\"overlay_position\":\"center-left\",\"position\":\"relative\",\"show_content\":false,\"show_link\":false,\"show_meta\":false,\"show_thumbnail\":false,\"show_title\":false,\"slidenav\":\"bottom-left\",\"slidenav_breakpoint\":\"s\",\"slidenav_hover\":true,\"slidenav_large\":true,\"slidenav_margin\":\"medium\",\"slidenav_outside_breakpoint\":\"xl\",\"slideshow_animation\":\"fade\",\"slideshow_autoplay\":true,\"slideshow_autoplay_interval\":\"6\",\"slideshow_autoplay_pause\":true,\"slideshow_height\":\"viewport\",\"slideshow_height_offset_top\":false,\"slideshow_height_viewport\":80,\"slideshow_kenburns\":\"alternate\",\"slideshow_kenburns_duration\":\"20\",\"slideshow_min_height\":300,\"slideshow_parallax\":false,\"slideshow_parallax_easing\":\"0.3\",\"slideshow_ratio\":\"16:9\",\"text_color\":\"light\",\"thumbnav_height\":\"75\",\"thumbnav_nowrap\":true,\"thumbnav_svg_color\":\"emphasis\",\"thumbnav_width\":\"100\",\"title_element\":\"h3\",\"title_hover_style\":\"reset\"},\"children\":[{\"type\":\"slideshow_item\",\"props\":{\"video\":\"wp-content\\\/uploads\\\/Nordic-Swan-Ecolabel.mp4\"}}]},{\"type\":\"panel\",\"props\":{\"content_column_breakpoint\":\"m\",\"icon_width\":80,\"image_align\":\"top\",\"image_grid_breakpoint\":\"m\",\"image_grid_width\":\"1-2\",\"image_svg_color\":\"emphasis\",\"link_style\":\"default\",\"link_text\":\"Read more\",\"margin\":\"default\",\"margin_remove_bottom\":true,\"meta\":\"\",\"meta_align\":\"below-title\",\"meta_element\":\"div\",\"meta_style\":\"h4\",\"position\":\"absolute\",\"position_bottom\":\"5vh\",\"position_z_index\":\"3\",\"text_align\":\"center\",\"title\":\"Nordic Swan Ecolabel\",\"title_align\":\"top\",\"title_element\":\"h1\",\"title_grid_breakpoint\":\"m\",\"title_grid_width\":\"1-2\",\"title_hover_style\":\"reset\",\"title_style\":\"heading-medium\"}}]}]}],\"name\":\"Hero med slider\"},{\"type\":\"section\",\"props\":{\"animation_delay\":\"200\",\"image_position\":\"center-center\",\"style\":\"default\",\"title_breakpoint\":\"xl\",\"title_position\":\"top-left\",\"title_rotation\":\"left\",\"vertical_align\":\"middle\",\"width\":\"default\"},\"children\":[{\"type\":\"row\",\"children\":[{\"type\":\"column\",\"props\":{\"image_position\":\"center-center\",\"position_sticky_breakpoint\":\"m\",\"style\":\"tile-default\",\"vertical_align\":\"middle\"},\"children\":[{\"type\":\"headline\",\"props\":{\"content\":\"K\\u013e\\u00fa\\u010dov\\u00fd m\\u00ed\\u013enik\",\"margin_remove_bottom\":true,\"title_element\":\"h2\",\"title_style\":\"heading-medium\"}},{\"type\":\"headline\",\"props\":{\"content\":\"pre udr\\u017eate\\u013enos\\u0165 a kvalitu\",\"margin_remove_bottom\":false,\"margin_remove_top\":true,\"title_color\":\"primary\",\"title_element\":\"h2\",\"title_style\":\"heading-medium\"}},{\"type\":\"text\",\"props\":{\"column_breakpoint\":\"m\",\"content\":\"\n\n<p>V s\\u00fa\\u010dasnom stavebnom priemysle sa Nordic Swan Ecolabel stal z\\u00e1sadn\\u00fdm meradlom udr\\u017eate\\u013enosti a kvality. Tento symbol sa etabloval ako uzn\\u00e1van\\u00fd \\u0161tandard environment\\u00e1lnej zodpovednosti, udr\\u017eate\\u013enosti a spotrebite\\u013esk\\u00e9ho povedomia nielen v D\\u00e1nsku, ale v celom severskom regi\\u00f3ne.<\\\/p>  \\n\\n\n\n<p>Ako zabezpe\\u010di\\u0165, aby priestory, ktor\\u00e9 vytv\\u00e1rame, boli esteticky pr\\u00ed\\u0165a\\u017eliv\\u00e9, funk\\u010dn\\u00e9 a z\\u00e1rove\\u0148 \\u0161etrn\\u00e9 k \\u017eivotn\\u00e9mu prostrediu?<\\\/p>  \\n\\n\n\n<p>Odpove\\u010fou je Nordic Swan Ecolabel. V\\u00fdznam tohto ozna\\u010denia v seversk\\u00fdch krajin\\u00e1ch neust\\u00e1le rastie. Len v D\\u00e1nsku pozn\\u00e1 tento certifik\\u00e1t 95 % popul\\u00e1cie a 67 % ho akt\\u00edvne vyh\\u013ead\\u00e1va pri rozhodovan\\u00ed o n\\u00e1kupe. Tieto \\u010d\\u00edsla odr\\u00e1\\u017eaj\\u00fa \\u0161ir\\u0161\\u00ed seversk\\u00fd trend, kde spotrebitelia aj firmy \\u010doraz viac uprednost\\u0148uj\\u00fa udr\\u017eate\\u013enos\\u0165 a environment\\u00e1lne h\\u013eadisk\\u00e1.<\\\/p>  \\n\\n\n\n<p>Zl\\u00e1 akustika m\\u00f4\\u017ee v\\u00fdrazne zn\\u00ed\\u017ei\\u0165 kvalitu ak\\u00e9hoko\\u013evek priestoru \\u2013 od pracov\\u00edsk cez verejn\\u00e9 priestory a\\u017e po s\\u00fakromn\\u00e9 domovy. V\\u00fdberom na\\u0161ich akustick\\u00fdch panelov s certifik\\u00e1ciou Nordic Swan Ecolabel v\\u0161ak nielen rie\\u0161ite akustiku, ale z\\u00e1rove\\u0148 d\\u00e1vate najavo svoj z\\u00e1v\\u00e4zok vo\\u010di plan\\u00e9te. V profesion\\u00e1lnych prostrediach, kde je produktivita a spokojnos\\u0165 zamestnancov k\\u013e\\u00fa\\u010dov\\u00e1, sa rie\\u0161enia s Nordic Swan Ecolabel st\\u00e1vaj\\u00fa d\\u00f4le\\u017eit\\u00fdm faktorom. Nielen\\u017ee zlep\\u0161uj\\u00fa akustiku, ale z\\u00e1rove\\u0148 dokazuj\\u00fa z\\u00e1v\\u00e4zok firmy k udr\\u017eate\\u013enosti.<\\\/p>\",\"margin\":\"default\"}},{\"type\":\"button\",\"props\":{\"grid_column_gap\":\"small\",\"grid_row_gap\":\"small\",\"margin\":\"default\"},\"children\":[{\"type\":\"button_item\",\"props\":{\"button_style\":\"primary\",\"content\":\"Pre\\u010d\\u00edtajte si viac o na\\u0161ej certifik\\u00e1cii\",\"dialog_layout\":\"modal\",\"dialog_offcanvas_flip\":true,\"icon_align\":\"left\",\"link\":\"https:\\\/\\\/fog-veno.com\\\/en\\\/nordic-swan-ecolabel\\\/\"}}]}]}]}],\"name\":\"Intro\"},{\"type\":\"section\",\"props\":{\"image_position\":\"center-center\",\"padding_remove_horizontal\":false,\"padding_remove_top\":false,\"style\":\"muted\",\"title_breakpoint\":\"xl\",\"title_position\":\"top-left\",\"title_rotation\":\"left\",\"vertical_align\":\"middle\",\"width\":\"default\"},\"children\":[{\"type\":\"row\",\"props\":{\"layout\":\"1-2,1-2\"},\"children\":[{\"type\":\"column\",\"props\":{\"image_position\":\"center-center\",\"position_sticky_breakpoint\":\"m\",\"vertical_align\":\"middle\",\"width_medium\":\"1-2\"},\"children\":[{\"type\":\"image\",\"props\":{\"image\":\"wp-content\\\/uploads\\\/Render-1.jpg\",\"image_height\":960,\"image_svg_color\":\"emphasis\",\"image_width\":1280,\"margin\":\"default\"}}]},{\"type\":\"column\",\"props\":{\"image_position\":\"center-center\",\"position_sticky_breakpoint\":\"m\",\"vertical_align\":\"middle\",\"width_medium\":\"1-2\"},\"children\":[{\"type\":\"headline\",\"props\":{\"content\":\"\n\n<p>V\\u00fdhody akustick\\u00fdch panelov s certifik\\u00e1ciou Nordic Swan Ecolabel<\\\/p>\",\"title_element\":\"h2\",\"title_style\":\"h1\"}},{\"type\":\"text\",\"props\":{\"column_breakpoint\":\"m\",\"content\":\"\n\n<p>Nordic Swan Ecolabel je v s\\u00falade s cie\\u013emi udr\\u017eate\\u013en\\u00e9ho rozvoja OSN, pri\\u010dom sa zameriava na udr\\u017eate\\u013en\\u00fa v\\u00fdrobu a zodpovedn\\u00fa spotrebu. Tu je, v \\u010dom na\\u0161e akustick\\u00e9 panely s certifik\\u00e1ciou Nordic Swan Ecolabel vynikaj\\u00fa:<\\\/p>  \\n\\n\n\n<ul>  \\n\n\n<li><strong>Trv\\u00e1cnos\\u0165<\\\/strong>: Kombin\\u00e1cia kvality a udr\\u017eate\\u013enosti zabezpe\\u010duje dlhodob\\u00e9 rie\\u0161enie.<\\\/li>  \\n\n\n<li><strong>Udr\\u017eate\\u013enos\\u0165<\\\/strong>: Panely podporuj\\u00fa ekologickej\\u0161\\u00ed stavebn\\u00fd proces minimaliz\\u00e1ciou odpadu a podporou obehov\\u00e9ho hospod\\u00e1rstva. S\\u00fa vyr\\u00e1ban\\u00e9 s oh\\u013eadom na pr\\u00edrodu \\u2013 od zodpovedn\\u00e9ho lesn\\u00e9ho hospod\\u00e1rstva a\\u017e po recykl\\u00e1ciu materi\\u00e1lov.<\\\/li>  \\n\n\n<li><strong>Zdravie<\\\/strong>: Absencia \\u0161kodliv\\u00fdch chemik\\u00e1li\\u00ed znamen\\u00e1, \\u017ee priestory, kde s\\u00fa panely in\\u0161talovan\\u00e9, sa st\\u00e1vaj\\u00fa zdrav\\u0161\\u00edmi na b\\u00fdvanie, pr\\u00e1cu \\u010di n\\u00e1v\\u0161tevu, \\u010d\\u00edm sa zni\\u017euje zdravotn\\u00e9 riziko.<\\\/li>  \\n\n\n<li><strong>Podpora glob\\u00e1lnych iniciat\\u00edv<\\\/strong>: V\\u00fdberom produktov s certifik\\u00e1ciou Nordic Swan Ecolabel podporujete aj ciele udr\\u017eate\\u013en\\u00e9ho rozvoja OSN, najm\\u00e4 cie\\u013e 12 (Zodpovedn\\u00e1 spotreba a v\\u00fdroba) a cie\\u013e 15 (\\u017divot na pevnine).<\\\/li>  \\n<\\\/ul>\",\"margin\":\"default\"}}]}]}]},{\"type\":\"section\",\"props\":{\"image_position\":\"center-center\",\"style\":\"default\",\"title_breakpoint\":\"xl\",\"title_position\":\"top-left\",\"title_rotation\":\"left\",\"vertical_align\":\"middle\",\"width\":\"default\"},\"children\":[{\"type\":\"row\",\"children\":[{\"type\":\"column\",\"props\":{\"image_position\":\"center-center\",\"position_sticky_breakpoint\":\"m\"},\"children\":[{\"type\":\"panel\",\"props\":{\"content\":\"\n\n<p>Bud\\u00facnos\\u0165 stavebn\\u00edctva je zelen\\u00e1, zameran\\u00e1 na funk\\u010dnos\\u0165 a orientovan\\u00e1 na pou\\u017e\\u00edvate\\u013ea. Zoh\\u013eadnenie akustiky u\\u017e od za\\u010diatku nie je len nevyhnutnos\\u0165ou pre optim\\u00e1lny pou\\u017e\\u00edvate\\u013esk\\u00fd z\\u00e1\\u017eitok, ale aj s\\u00fa\\u010das\\u0165ou na\\u0161ej \\u0161ir\\u0161ej zodpovednosti vo\\u010di plan\\u00e9te a jej obyvate\\u013eom. Akustick\\u00e9 panely Denpanels s certifik\\u00e1ciou Nordic Swan Ecolabel pon\\u00fakaj\\u00fa rie\\u0161enie, ktor\\u00e9 zabezpe\\u010duje nielen vysok\\u00fa kvalitu zvuku, ale aj udr\\u017eate\\u013enos\\u0165 a zdrav\\u0161ie prostredie v na\\u0161ich budov\\u00e1ch.<\\\/p>\",\"content_column_breakpoint\":\"m\",\"icon_width\":80,\"image\":\"wp-content\\\/uploads\\\/nordicsvanecolabel-logo.png\",\"image_align\":\"right\",\"image_grid_breakpoint\":\"m\",\"image_grid_width\":\"1-2\",\"image_height\":640,\"image_svg_color\":\"emphasis\",\"image_vertical_align\":true,\"image_width\":640,\"link\":\"https:\\\/\\\/www.svanemaerket.dk\\\/en\",\"link_style\":\"default\",\"link_target\":true,\"link_text\":\"Read more about the nordic swan ecolabel\",\"margin\":\"default\",\"meta\":\"Nordic Swan Ecolabel\",\"meta_align\":\"below-title\",\"meta_color\":\"primary\",\"meta_element\":\"div\",\"meta_margin\":\"remove\",\"meta_style\":\"h1\",\"title\":\"H\\u013eada\\u0165\",\"title_align\":\"top\",\"title_element\":\"h2\",\"title_grid_breakpoint\":\"m\",\"title_grid_width\":\"1-2\",\"title_hover_style\":\"reset\",\"title_style\":\"h1\"}}]}]}],\"name\":\"Panel med rigtige indstillinger\"}],\"version\":\"4.5.10\",\"yooessentialsVersion\":\"2.3.9\"} --><\/p>\n","protected":false},"excerpt":{"rendered":"<p>Nordic Swan Ecolabel K\u013e\u00fa\u010dov\u00fd m\u00ed\u013enik pre udr\u017eate\u013enos\u0165 a kvalitu V s\u00fa\u010dasnom stavebnom priemysle sa Nordic Swan Ecolabel stal z\u00e1sadn\u00fdm meradlom udr\u017eate\u013enosti a kvality. Tento symbol sa etabloval ako uzn\u00e1van\u00fd \u0161tandard environment\u00e1lnej zodpovednosti, udr\u017eate\u013enosti a spotrebite\u013esk\u00e9ho povedomia nielen v D\u00e1nsku, ale v celom severskom regi\u00f3ne. Ako zabezpe\u010di\u0165, aby priestory, ktor\u00e9 vytv\u00e1rame, boli esteticky pr\u00ed\u0165a\u017eliv\u00e9, funk\u010dn\u00e9 a [&hellip;]<\/p>\n","protected":false},"author":3,"featured_media":0,"parent":0,"menu_order":0,"comment_status":"closed","ping_status":"closed","template":"","meta":{"_acf_changed":false,"footnotes":""},"page-section":[],"page-template":[111],"class_list":["post-26325","page","type-page","status-publish","hentry","page-template-about-us"],"acf":[],"_links":{"self":[{"href":"https:\/\/denpanels.com\/sk\/wp-json\/wp\/v2\/pages\/26325","targetHints":{"allow":["GET"]}}],"collection":[{"href":"https:\/\/denpanels.com\/sk\/wp-json\/wp\/v2\/pages"}],"about":[{"href":"https:\/\/denpanels.com\/sk\/wp-json\/wp\/v2\/types\/page"}],"author":[{"embeddable":true,"href":"https:\/\/denpanels.com\/sk\/wp-json\/wp\/v2\/users\/3"}],"replies":[{"embeddable":true,"href":"https:\/\/denpanels.com\/sk\/wp-json\/wp\/v2\/comments?post=26325"}],"version-history":[{"count":4,"href":"https:\/\/denpanels.com\/sk\/wp-json\/wp\/v2\/pages\/26325\/revisions"}],"predecessor-version":[{"id":26334,"href":"https:\/\/denpanels.com\/sk\/wp-json\/wp\/v2\/pages\/26325\/revisions\/26334"}],"wp:attachment":[{"href":"https:\/\/denpanels.com\/sk\/wp-json\/wp\/v2\/media?parent=26325"}],"wp:term":[{"taxonomy":"page-section","embeddable":true,"href":"https:\/\/denpanels.com\/sk\/wp-json\/wp\/v2\/page-section?post=26325"},{"taxonomy":"page-template","embeddable":true,"href":"https:\/\/denpanels.com\/sk\/wp-json\/wp\/v2\/page-template?post=26325"}],"curies":[{"name":"wp","href":"https:\/\/api.w.org\/{rel}","templated":true}]}}