{"id":26301,"date":"2025-01-09T12:21:06","date_gmt":"2025-01-09T11:21:06","guid":{"rendered":"https:\/\/denpanels.com\/panely\/prislusenstvo\/adhesive\/"},"modified":"2025-03-19T12:17:33","modified_gmt":"2025-03-19T11:17:33","slug":"stavebne-lepidlo","status":"publish","type":"page","link":"https:\/\/denpanels.com\/sk\/panely\/prislusenstvo\/stavebne-lepidlo\/","title":{"rendered":"Stavebn\u00e9 lepidlo"},"content":{"rendered":"","protected":false},"excerpt":{"rendered":"","protected":false},"author":3,"featured_media":0,"parent":26072,"menu_order":0,"comment_status":"closed","ping_status":"closed","template":"","meta":{"_acf_changed":false,"footnotes":""},"page-section":[525,529,528,526],"page-template":[370],"class_list":["post-26301","page","type-page","status-publish","hentry","page-section-hero","page-section-highlighted-inspiration","page-section-megamenu","page-section-product-category","page-template-product-sub-category"],"acf":{"product_category-selected":721,"product_category-headline_p1":"Siln\u00e9 a spo\u013eahliv\u00e9 mont\u00e1\u017ene lepidlo","product_category-headline_p2":"pre akustick\u00e9 panely","product_category-introduction":"V spolo\u010dnosti Denpanels u\u013eah\u010dujeme in\u0161tal\u00e1ciu s na\u0161\u00edm lepidlom na mont\u00e1\u017e s vysok\u00fdm v\u00fdkonom \u2013 navrhnut\u00fdm pre siln\u00e9, flexibiln\u00e9 a trv\u00e1cne uchytenie.\r\n\r\n<strong>Extra siln\u00e9 spojenie<\/strong> \u2013 pevne dr\u017e\u00ed panely na mieste aj v mokrom stave.  \r\n<strong>Odoln\u00e9 a flexibiln\u00e9<\/strong> \u2013 absorbuje pohyby medzi stavebn\u00fdmi komponentmi.  \r\n<strong>Univerz\u00e1lna aplik\u00e1cia<\/strong> \u2013 pri\u013ene na drevo, sklo, bet\u00f3n, tehlu, kov a \u010fal\u0161ie materi\u00e1ly.  \r\n<strong>Jednoduch\u00e9 na pou\u017eitie<\/strong> \u2013 hladko sa nan\u00e1\u0161a pri teplot\u00e1ch od +5\u00b0C do +40\u00b0C.\r\n\r\nDosiahnite profesion\u00e1lnu a dlhodob\u00fa povrchov\u00fa \u00fapravu bez potreby \u010fal\u0161ej podpory.\r\n\r\nObsah: 290 ml na f\u013ea\u0161u.","product_category-highlighted_media":26304,"product_category-cta":{"product_category_cta":null},"comparrison_image":null,"product_category-some_of_our_combinations":25798,"hero-media":[25917],"hero-h1":"Stavebn\u00e9 lepidlo","hero-sub_header":""},"_links":{"self":[{"href":"https:\/\/denpanels.com\/sk\/wp-json\/wp\/v2\/pages\/26301","targetHints":{"allow":["GET"]}}],"collection":[{"href":"https:\/\/denpanels.com\/sk\/wp-json\/wp\/v2\/pages"}],"about":[{"href":"https:\/\/denpanels.com\/sk\/wp-json\/wp\/v2\/types\/page"}],"author":[{"embeddable":true,"href":"https:\/\/denpanels.com\/sk\/wp-json\/wp\/v2\/users\/3"}],"replies":[{"embeddable":true,"href":"https:\/\/denpanels.com\/sk\/wp-json\/wp\/v2\/comments?post=26301"}],"version-history":[{"count":3,"href":"https:\/\/denpanels.com\/sk\/wp-json\/wp\/v2\/pages\/26301\/revisions"}],"predecessor-version":[{"id":26306,"href":"https:\/\/denpanels.com\/sk\/wp-json\/wp\/v2\/pages\/26301\/revisions\/26306"}],"up":[{"embeddable":true,"href":"https:\/\/denpanels.com\/sk\/wp-json\/wp\/v2\/pages\/26072"}],"acf:attachment":[{"embeddable":true,"href":"https:\/\/denpanels.com\/sk\/wp-json\/wp\/v2\/media\/25917"}],"acf:post":[{"embeddable":true,"href":"https:\/\/denpanels.com\/sk\/wp-json\/wp\/v2\/translation\/25798"}],"acf:term":[{"embeddable":true,"taxonomy":"product-category","href":"https:\/\/denpanels.com\/sk\/wp-json\/wp\/v2\/product-category\/721"}],"wp:attachment":[{"href":"https:\/\/denpanels.com\/sk\/wp-json\/wp\/v2\/media?parent=26301"}],"wp:term":[{"taxonomy":"page-section","embeddable":true,"href":"https:\/\/denpanels.com\/sk\/wp-json\/wp\/v2\/page-section?post=26301"},{"taxonomy":"page-template","embeddable":true,"href":"https:\/\/denpanels.com\/sk\/wp-json\/wp\/v2\/page-template?post=26301"}],"curies":[{"name":"wp","href":"https:\/\/api.w.org\/{rel}","templated":true}]}}