{"id":26294,"date":"2025-01-09T12:16:51","date_gmt":"2025-01-09T11:16:51","guid":{"rendered":"https:\/\/denpanels.com\/panely\/prislusenstvo\/screws\/"},"modified":"2025-03-19T12:05:43","modified_gmt":"2025-03-19T11:05:43","slug":"montazne-skrutky","status":"publish","type":"page","link":"https:\/\/denpanels.com\/sk\/panely\/prislusenstvo\/montazne-skrutky\/","title":{"rendered":"Mont\u00e1\u017ene skrutky"},"content":{"rendered":"","protected":false},"excerpt":{"rendered":"","protected":false},"author":3,"featured_media":0,"parent":26072,"menu_order":0,"comment_status":"closed","ping_status":"closed","template":"","meta":{"_acf_changed":false,"footnotes":""},"page-section":[525,529,526],"page-template":[370],"class_list":["post-26294","page","type-page","status-publish","hentry","page-section-hero","page-section-highlighted-inspiration","page-section-product-category","page-template-product-sub-category"],"acf":{"product_category-selected":734,"product_category-headline_p1":"Bezpe\u010dn\u00e1 a bezprobl\u00e9mov\u00e1 in\u0161tal\u00e1cia","product_category-headline_p2":"pre va\u0161e panely","product_category-introduction":"V spolo\u010dnosti Denpanels u\u013eah\u010dujeme mont\u00e1\u017e s na\u0161imi presne navrhnut\u00fdmi mont\u00e1\u017enymi skrutkami, ktor\u00e9 zabezpe\u010duj\u00fa pevn\u00e9 a elegantn\u00e9 upevnenie.\r\n\r\n<strong>Dokonal\u00e9 zapadnutie<\/strong> \u2013 navrhnut\u00e9 na bezpe\u010dn\u00e9 uchytenie medzi li\u0161tami.  \r\n<strong>Diskr\u00e9tny vzh\u013ead<\/strong> \u2013 dostupn\u00e9 v \u0161tyroch farb\u00e1ch, ktor\u00e9 ladia s plstnou podlo\u017ekou panela.  \r\n<strong>Kompletn\u00e1 s\u00faprava<\/strong> \u2013 obsahuje bit TX-20 pre jednoduch\u00fa in\u0161tal\u00e1ciu.\r\n\r\nPodrobnosti balenia:  \r\nRozmery: 4.0 x 30 mm  \r\nMno\u017estvo: 50 ks  \r\nObsahuje: bit TX-20\r\n\r\nS mont\u00e1\u017enymi skrutkami Denpanels z\u00edskate v\u0161etko, \u010do potrebujete pre profesion\u00e1lnu, bez\u0161vov\u00fa a spo\u013eahliv\u00fa in\u0161tal\u00e1ciu.","product_category-highlighted_media":28346,"product_category-cta":{"product_category_cta":null},"comparrison_image":null,"product_category-some_of_our_combinations":25798,"hero-media":[25990],"hero-h1":"Mont\u00e1\u017ene skrutky","hero-sub_header":""},"_links":{"self":[{"href":"https:\/\/denpanels.com\/sk\/wp-json\/wp\/v2\/pages\/26294","targetHints":{"allow":["GET"]}}],"collection":[{"href":"https:\/\/denpanels.com\/sk\/wp-json\/wp\/v2\/pages"}],"about":[{"href":"https:\/\/denpanels.com\/sk\/wp-json\/wp\/v2\/types\/page"}],"author":[{"embeddable":true,"href":"https:\/\/denpanels.com\/sk\/wp-json\/wp\/v2\/users\/3"}],"replies":[{"embeddable":true,"href":"https:\/\/denpanels.com\/sk\/wp-json\/wp\/v2\/comments?post=26294"}],"version-history":[{"count":3,"href":"https:\/\/denpanels.com\/sk\/wp-json\/wp\/v2\/pages\/26294\/revisions"}],"predecessor-version":[{"id":26300,"href":"https:\/\/denpanels.com\/sk\/wp-json\/wp\/v2\/pages\/26294\/revisions\/26300"}],"up":[{"embeddable":true,"href":"https:\/\/denpanels.com\/sk\/wp-json\/wp\/v2\/pages\/26072"}],"acf:attachment":[{"embeddable":true,"href":"https:\/\/denpanels.com\/sk\/wp-json\/wp\/v2\/media\/25990"}],"acf:post":[{"embeddable":true,"href":"https:\/\/denpanels.com\/sk\/wp-json\/wp\/v2\/translation\/25798"}],"acf:term":[{"embeddable":true,"taxonomy":"product-category","href":"https:\/\/denpanels.com\/sk\/wp-json\/wp\/v2\/product-category\/734"}],"wp:attachment":[{"href":"https:\/\/denpanels.com\/sk\/wp-json\/wp\/v2\/media?parent=26294"}],"wp:term":[{"taxonomy":"page-section","embeddable":true,"href":"https:\/\/denpanels.com\/sk\/wp-json\/wp\/v2\/page-section?post=26294"},{"taxonomy":"page-template","embeddable":true,"href":"https:\/\/denpanels.com\/sk\/wp-json\/wp\/v2\/page-template?post=26294"}],"curies":[{"name":"wp","href":"https:\/\/api.w.org\/{rel}","templated":true}]}}