{"id":26291,"date":"2025-03-11T08:56:57","date_gmt":"2025-03-11T07:56:57","guid":{"rendered":"https:\/\/denpanels.com\/panely\/prislusenstvo\/boards\/"},"modified":"2025-04-15T13:04:01","modified_gmt":"2025-04-15T11:04:01","slug":"tablice","status":"publish","type":"page","link":"https:\/\/denpanels.com\/sk\/panely\/prislusenstvo\/tablice\/","title":{"rendered":"Tablice"},"content":{"rendered":"","protected":false},"excerpt":{"rendered":"","protected":false},"author":3,"featured_media":0,"parent":26072,"menu_order":0,"comment_status":"closed","ping_status":"closed","template":"","meta":{"_acf_changed":false,"footnotes":""},"page-section":[524,525,528,526],"page-template":[370],"class_list":["post-26291","page","type-page","status-publish","hentry","page-section-datasheet","page-section-hero","page-section-megamenu","page-section-product-category","page-template-product-sub-category"],"acf":{"product_category-selected":733,"product_category-headline_p1":"Inteligentn\u00e9 \u00falo\u017eisko","product_category-headline_p2":"Sp\u013a\u0148a \u0161t\u00fdlov\u00fd dizajn","product_category-introduction":"Vylep\u0161ite svoje akustick\u00e9 panely Denpanels funk\u010dn\u00fdmi a \u0161t\u00fdlov\u00fdmi \u00falo\u017en\u00fdmi rie\u0161eniami, ktor\u00e9 udr\u017eia v\u00e1\u0161 priestor organizovan\u00fd a elegantn\u00fd. Navrhnut\u00e9 pre bezprobl\u00e9mov\u00fa integr\u00e1ciu, tieto \u00falo\u017en\u00e9 dosky kombinuj\u00fa praktickos\u0165 s modernou estetikou.\r\n\r\n<strong>\u010cierna \u00falo\u017en\u00e1 mrie\u017eka s 4 h\u00e1\u010dikmi<\/strong> \u2013 odoln\u00e1 kovov\u00e1 mrie\u017eka, ide\u00e1lna na zavesenie k\u013e\u00fa\u010dov, doplnkov alebo kancel\u00e1rskych potrieb.  \r\n<strong>\u010cierna magnetick\u00e1 doska s poli\u010dkou<\/strong> \u2013 magnetick\u00fd povrch s integrovanou poli\u010dkou, ide\u00e1lny na pozn\u00e1mky, pripomienky a mal\u00e9 nevyhnutnosti.  \r\n<strong>\u010cierna n\u00e1stenka<\/strong> \u2013 \u0161t\u00fdlov\u00e1, minimalistick\u00e1 doska na zapisovanie \u00faloh alebo vystavenie dekor\u00e1ci\u00ed.\r\n\r\nJednoduch\u00e1 in\u0161tal\u00e1cia a navrhnut\u00e9 tak, aby dokonale ladili s va\u0161imi akustick\u00fdmi panelmi, tieto dosky prid\u00e1vaj\u00fa praktick\u00fd, priestorovo \u00fasporn\u00fd dotyk bez kompromisov v \u0161t\u00fdle.\r\n\r\nInteligentn\u00e9 \u00falo\u017eisko. Bez\u0161vov\u00fd dizajn. Maxim\u00e1lna funk\u010dnos\u0165.","product_category-highlighted_media":22271,"product_category-cta":{"product_category_cta":null},"comparrison_image":null,"product_category-some_of_our_combinations":"","hero-media":[24180],"hero-h1":"Tablice","hero-sub_header":""},"_links":{"self":[{"href":"https:\/\/denpanels.com\/sk\/wp-json\/wp\/v2\/pages\/26291","targetHints":{"allow":["GET"]}}],"collection":[{"href":"https:\/\/denpanels.com\/sk\/wp-json\/wp\/v2\/pages"}],"about":[{"href":"https:\/\/denpanels.com\/sk\/wp-json\/wp\/v2\/types\/page"}],"author":[{"embeddable":true,"href":"https:\/\/denpanels.com\/sk\/wp-json\/wp\/v2\/users\/3"}],"replies":[{"embeddable":true,"href":"https:\/\/denpanels.com\/sk\/wp-json\/wp\/v2\/comments?post=26291"}],"version-history":[{"count":3,"href":"https:\/\/denpanels.com\/sk\/wp-json\/wp\/v2\/pages\/26291\/revisions"}],"predecessor-version":[{"id":28075,"href":"https:\/\/denpanels.com\/sk\/wp-json\/wp\/v2\/pages\/26291\/revisions\/28075"}],"up":[{"embeddable":true,"href":"https:\/\/denpanels.com\/sk\/wp-json\/wp\/v2\/pages\/26072"}],"acf:attachment":[{"embeddable":true,"href":"https:\/\/denpanels.com\/sk\/wp-json\/wp\/v2\/media\/24180"}],"acf:term":[{"embeddable":true,"taxonomy":"product-category","href":"https:\/\/denpanels.com\/sk\/wp-json\/wp\/v2\/product-category\/733"}],"wp:attachment":[{"href":"https:\/\/denpanels.com\/sk\/wp-json\/wp\/v2\/media?parent=26291"}],"wp:term":[{"taxonomy":"page-section","embeddable":true,"href":"https:\/\/denpanels.com\/sk\/wp-json\/wp\/v2\/page-section?post=26291"},{"taxonomy":"page-template","embeddable":true,"href":"https:\/\/denpanels.com\/sk\/wp-json\/wp\/v2\/page-template?post=26291"}],"curies":[{"name":"wp","href":"https:\/\/api.w.org\/{rel}","templated":true}]}}