{"id":26286,"date":"2025-01-09T12:01:39","date_gmt":"2025-01-09T11:01:39","guid":{"rendered":"https:\/\/denpanels.com\/panely\/prislusenstvo\/led-light-cover\/"},"modified":"2025-04-15T13:21:35","modified_gmt":"2025-04-15T11:21:35","slug":"led-light-cover","status":"publish","type":"page","link":"https:\/\/denpanels.com\/sk\/panely\/prislusenstvo\/led-light-cover\/","title":{"rendered":"LED Light Cover"},"content":{"rendered":"","protected":false},"excerpt":{"rendered":"","protected":false},"author":3,"featured_media":0,"parent":26072,"menu_order":0,"comment_status":"closed","ping_status":"closed","template":"","meta":{"_acf_changed":false,"footnotes":""},"page-section":[524,525,529,526],"page-template":[370],"class_list":["post-26286","page","type-page","status-publish","hentry","page-section-datasheet","page-section-hero","page-section-highlighted-inspiration","page-section-product-category","page-template-product-sub-category"],"acf":{"product_category-selected":715,"product_category-headline_p1":"Vylep\u0161ite svoje akustick\u00e9 panely","product_category-headline_p2":"s LED Light Cover","product_category-introduction":"V spolo\u010dnosti Denpanels v\u00e1m u\u013eah\u010dujeme integr\u00e1ciu \u0161t\u00fdlov\u00e9ho osvetlenia do va\u0161ich akustick\u00fdch panelov pomocou na\u0161ich LED Light Cover.\r\n\r\nNavrhnut\u00e9 pre jednoduch\u00fa in\u0161tal\u00e1ciu, tento profil sa \u00fah\u013eadne umiestni na LED p\u00e1sik umiestnen\u00fd medzi li\u0161tami, \u010d\u00edm zabezpe\u010duje rovnomern\u00e9 rozlo\u017eenie svetla a bezprobl\u00e9mov\u00fd estetick\u00fd vzh\u013ead bez \u00fapravy samotn\u00e9ho LED p\u00e1sika.\r\n\r\n<strong>Elegantn\u00e9 a modern\u00e9<\/strong> \u2013 vylep\u0161uje dizajn osvetlenia aj panelu.  \r\n<strong>Jednoduch\u00e1 in\u0161tal\u00e1cia<\/strong> \u2013 jednoducho umiestnite na svoj LED p\u00e1sik.  \r\n<strong>Dokonal\u00e9 zapadnutie<\/strong> \u2013 navrhnut\u00e9 na pou\u017eitie s akustick\u00fdmi panelmi Denpanels.\r\n\r\nPodrobnosti o produkte:  \r\nRozmery: 600 x 45 x 10 mm  \r\nObsahuje: 4 LED Light Cover\r\n\r\nLED p\u00e1sik nie je s\u00fa\u010das\u0165ou balenia.\r\n\r\nVytvorte kr\u00e1sne osvetlen\u00fd priestor s minim\u00e1lnym \u00fasil\u00edm!","product_category-highlighted_media":26287,"product_category-cta":{"product_category_cta":null},"comparrison_image":null,"product_category-some_of_our_combinations":25798,"hero-media":[26288],"hero-h1":"LED Light Cover","hero-sub_header":""},"_links":{"self":[{"href":"https:\/\/denpanels.com\/sk\/wp-json\/wp\/v2\/pages\/26286","targetHints":{"allow":["GET"]}}],"collection":[{"href":"https:\/\/denpanels.com\/sk\/wp-json\/wp\/v2\/pages"}],"about":[{"href":"https:\/\/denpanels.com\/sk\/wp-json\/wp\/v2\/types\/page"}],"author":[{"embeddable":true,"href":"https:\/\/denpanels.com\/sk\/wp-json\/wp\/v2\/users\/3"}],"replies":[{"embeddable":true,"href":"https:\/\/denpanels.com\/sk\/wp-json\/wp\/v2\/comments?post=26286"}],"version-history":[{"count":3,"href":"https:\/\/denpanels.com\/sk\/wp-json\/wp\/v2\/pages\/26286\/revisions"}],"predecessor-version":[{"id":28096,"href":"https:\/\/denpanels.com\/sk\/wp-json\/wp\/v2\/pages\/26286\/revisions\/28096"}],"up":[{"embeddable":true,"href":"https:\/\/denpanels.com\/sk\/wp-json\/wp\/v2\/pages\/26072"}],"acf:attachment":[{"embeddable":true,"href":"https:\/\/denpanels.com\/sk\/wp-json\/wp\/v2\/media\/26288"}],"acf:post":[{"embeddable":true,"href":"https:\/\/denpanels.com\/sk\/wp-json\/wp\/v2\/translation\/25798"}],"acf:term":[{"embeddable":true,"taxonomy":"product-category","href":"https:\/\/denpanels.com\/sk\/wp-json\/wp\/v2\/product-category\/715"}],"wp:attachment":[{"href":"https:\/\/denpanels.com\/sk\/wp-json\/wp\/v2\/media?parent=26286"}],"wp:term":[{"taxonomy":"page-section","embeddable":true,"href":"https:\/\/denpanels.com\/sk\/wp-json\/wp\/v2\/page-section?post=26286"},{"taxonomy":"page-template","embeddable":true,"href":"https:\/\/denpanels.com\/sk\/wp-json\/wp\/v2\/page-template?post=26286"}],"curies":[{"name":"wp","href":"https:\/\/api.w.org\/{rel}","templated":true}]}}