{"id":26281,"date":"2025-01-09T12:05:05","date_gmt":"2025-01-09T11:05:05","guid":{"rendered":"https:\/\/denpanels.com\/panely\/prislusenstvo\/storage\/"},"modified":"2025-04-15T13:09:35","modified_gmt":"2025-04-15T11:09:35","slug":"ulozisko","status":"publish","type":"page","link":"https:\/\/denpanels.com\/sk\/panely\/prislusenstvo\/ulozisko\/","title":{"rendered":"\u00dalo\u017eisko"},"content":{"rendered":"<div><\/div>\n<div><\/div>\n<p>&nbsp;<\/p>\n<p>&nbsp;<\/p>\n<ul>\n<li><\/li>\n<li><\/li>\n<li><\/li>\n<li><\/li>\n<\/ul>\n<ul>\n<li><\/li>\n<li><\/li>\n<li><\/li>\n<li><\/li>\n<\/ul>\n<ul>\n<li><\/li>\n<li><\/li>\n<li><\/li>\n<li><\/li>\n<\/ul>\n<ul>\n<li><\/li>\n<li><\/li>\n<li><\/li>\n<li><\/li>\n<\/ul>\n<div><\/div>\n<p><!--more--><\/p>\n","protected":false},"excerpt":{"rendered":"<p>&nbsp; &nbsp;<\/p>\n","protected":false},"author":3,"featured_media":0,"parent":26072,"menu_order":0,"comment_status":"closed","ping_status":"closed","template":"","meta":{"_acf_changed":false,"footnotes":""},"page-section":[524,525,529,528,526],"page-template":[370],"class_list":["post-26281","page","type-page","status-publish","hentry","page-section-datasheet","page-section-hero","page-section-highlighted-inspiration","page-section-megamenu","page-section-product-category","page-template-product-sub-category"],"acf":{"product_category-selected":720,"product_category-headline_p1":"Inteligentn\u00e9 \u00falo\u017eisko","product_category-headline_p2":"Sp\u013a\u0148a \u0161t\u00fdlov\u00fd dizajn","product_category-introduction":"V spolo\u010dnosti Denpanels premie\u0148ame va\u0161e akustick\u00e9 panely na funk\u010dn\u00e9 \u00falo\u017en\u00e9 rie\u0161enia s na\u0161imi \u0161t\u00fdlov\u00fdmi a praktick\u00fdmi poli\u010dkami. Navrhnut\u00e9 pre jednoduch\u00fa mont\u00e1\u017e, tieto poli\u010dky pon\u00fakaj\u00fa \u0161ikovn\u00fd sp\u00f4sob, ako ulo\u017ei\u0165 a vystavi\u0165 ka\u017edodenn\u00e9 nevyhnutnosti bez kompromisov v akustike.\r\n\r\n<strong>Jednoduch\u00e1 in\u0161tal\u00e1cia<\/strong> \u2013 bezprobl\u00e9movo sa integruj\u00fa s va\u0161imi akustick\u00fdmi panelmi.  \r\n<strong>Univerz\u00e1lny dizajn<\/strong> \u2013 ide\u00e1lne pre rastliny, knihy a dekorat\u00edvne predmety.  \r\n<strong>Siln\u00e9 a odoln\u00e9<\/strong> \u2013 unesie a\u017e 5 kg \/ 11 libier.\r\n\r\n\u00dalo\u017en\u00e9 poli\u010dky s h\u00e1\u010dikmi\r\nPridajte funk\u010dnos\u0165 a \u0161t\u00fdl do va\u0161ej vstupnej haly, kancel\u00e1rie alebo ob\u00fdvacej izby s na\u0161imi \u00falo\u017en\u00fdmi poli\u010dkami, ktor\u00e9 obsahuj\u00fa \u0161tyri integrovan\u00e9 h\u00e1\u010diky. Ide\u00e1lne na k\u013e\u00fa\u010de, ta\u0161ky a \u010fal\u0161ie mal\u00e9 nevyhnutnosti, pom\u00e1haj\u00fa udr\u017eiava\u0165 v\u00e1\u0161 priestor organizovan\u00fd a \u0161t\u00fdlov\u00fd, pri\u010dom zachov\u00e1vaj\u00fa optim\u00e1lnu akustiku miestnosti.\r\n\r\nRozmery: 50 x 215 x 70 mm  \r\nNosnos\u0165: 5 kg \/ 11 libier\r\n\r\nInteligentn\u00e9 \u00falo\u017eisko, ktor\u00e9 je jednoduch\u00e9.","product_category-highlighted_media":26282,"product_category-cta":{"product_category_cta":null},"comparrison_image":null,"product_category-some_of_our_combinations":25798,"hero-media":[12382,26079],"hero-h1":"\u00dalo\u017eisko","hero-sub_header":""},"_links":{"self":[{"href":"https:\/\/denpanels.com\/sk\/wp-json\/wp\/v2\/pages\/26281","targetHints":{"allow":["GET"]}}],"collection":[{"href":"https:\/\/denpanels.com\/sk\/wp-json\/wp\/v2\/pages"}],"about":[{"href":"https:\/\/denpanels.com\/sk\/wp-json\/wp\/v2\/types\/page"}],"author":[{"embeddable":true,"href":"https:\/\/denpanels.com\/sk\/wp-json\/wp\/v2\/users\/3"}],"replies":[{"embeddable":true,"href":"https:\/\/denpanels.com\/sk\/wp-json\/wp\/v2\/comments?post=26281"}],"version-history":[{"count":4,"href":"https:\/\/denpanels.com\/sk\/wp-json\/wp\/v2\/pages\/26281\/revisions"}],"predecessor-version":[{"id":28082,"href":"https:\/\/denpanels.com\/sk\/wp-json\/wp\/v2\/pages\/26281\/revisions\/28082"}],"up":[{"embeddable":true,"href":"https:\/\/denpanels.com\/sk\/wp-json\/wp\/v2\/pages\/26072"}],"acf:attachment":[{"embeddable":true,"href":"https:\/\/denpanels.com\/sk\/wp-json\/wp\/v2\/media\/26079"},{"embeddable":true,"href":"https:\/\/denpanels.com\/sk\/wp-json\/wp\/v2\/media\/12382"}],"acf:post":[{"embeddable":true,"href":"https:\/\/denpanels.com\/sk\/wp-json\/wp\/v2\/translation\/25798"}],"acf:term":[{"embeddable":true,"taxonomy":"product-category","href":"https:\/\/denpanels.com\/sk\/wp-json\/wp\/v2\/product-category\/720"}],"wp:attachment":[{"href":"https:\/\/denpanels.com\/sk\/wp-json\/wp\/v2\/media?parent=26281"}],"wp:term":[{"taxonomy":"page-section","embeddable":true,"href":"https:\/\/denpanels.com\/sk\/wp-json\/wp\/v2\/page-section?post=26281"},{"taxonomy":"page-template","embeddable":true,"href":"https:\/\/denpanels.com\/sk\/wp-json\/wp\/v2\/page-template?post=26281"}],"curies":[{"name":"wp","href":"https:\/\/api.w.org\/{rel}","templated":true}]}}