{"id":26274,"date":"2024-11-28T10:50:59","date_gmt":"2024-11-28T09:50:59","guid":{"rendered":"https:\/\/denpanels.com\/panely\/prislusenstvo\/hooks-brackets\/"},"modified":"2025-04-15T13:15:13","modified_gmt":"2025-04-15T11:15:13","slug":"haciky-a-drziaky","status":"publish","type":"page","link":"https:\/\/denpanels.com\/sk\/panely\/prislusenstvo\/haciky-a-drziaky\/","title":{"rendered":"H\u00e1\u010diky a dr\u017eiaky"},"content":{"rendered":"","protected":false},"excerpt":{"rendered":"","protected":false},"author":1,"featured_media":0,"parent":26072,"menu_order":0,"comment_status":"closed","ping_status":"closed","template":"","meta":{"_acf_changed":false,"footnotes":""},"page-section":[524,525,529,526],"page-template":[370],"class_list":["post-26274","page","type-page","status-publish","hentry","page-section-datasheet","page-section-hero","page-section-highlighted-inspiration","page-section-product-category","page-template-product-sub-category"],"acf":{"product_category-selected":722,"product_category-headline_p1":"Vylep\u0161ite svoje akustick\u00e9 panely","product_category-headline_p2":"s inteligentnou a \u0161t\u00fdlovou funk\u010dnos\u0165ou","product_category-introduction":"V spolo\u010dnosti Denpanels v\u00e1m u\u013eah\u010dujeme kombinovanie dizajnu a praktickosti s na\u0161imi inovat\u00edvnymi h\u00e1\u010dikmi a dr\u017eiakmi, ktor\u00e9 premenia va\u0161e akustick\u00e9 panely na funk\u010dn\u00e9 \u00falo\u017en\u00e9 rie\u0161enia.\r\n\r\n- Inteligentn\u00e9 a \u0161t\u00fdlov\u00e9 \u2013 bezprobl\u00e9movo integrovan\u00e9 \u00falo\u017en\u00e9 rie\u0161enia do dizajnu panelov.  \r\n- Jednoduch\u00e1 in\u0161tal\u00e1cia \u2013 funguje so zvisl\u00fdmi aj horizont\u00e1lnymi usporiadaniami panelov.  \r\n- Siln\u00e9 a bezpe\u010dn\u00e9 \u2013 unesie a\u017e 5 kg \/ 11 libier na h\u00e1\u010dik.\r\n\r\nPou\u017eite na\u0161e h\u00e1\u010diky na zavesenie kab\u00e1tov, ta\u0161iek a k\u013e\u00fa\u010dov alebo prisp\u00f4sobte pomocou dr\u017eiakov pre police, \u00fachopy alebo \u010fal\u0161ie h\u00e1\u010diky, ktor\u00e9 zodpovedaj\u00fa v\u00e1\u0161mu \u0161t\u00fdlu.\r\n\r\nIn\u0161tal\u00e1cia je r\u00fdchla a intuit\u00edvna:  \r\n- Horizont\u00e1lne panely: Zabezpe\u010dte dr\u017eiak za li\u0161tu pre skryt\u00fd a stabiln\u00fd mont\u00e1\u017eny sp\u00f4sob.  \r\n- Vertik\u00e1lne panely: Pripojte Vertik\u00e1lnu mont\u00e1\u017e (pred\u00e1va sa samostatne) na pls\u0165, potom upevnite dr\u017eiak na miesto pre flexibiln\u00e9 umiestnenie.\r\n\r\nS na\u0161imi h\u00e1\u010dikmi a dr\u017eiakmi sa va\u0161e akustick\u00e9 panely st\u00e1vaj\u00fa viac ne\u017e len dizajnov\u00fdm prvkom \u2013 st\u00e1vaj\u00fa sa organizovanou a \u0161t\u00fdlovou s\u00fa\u010das\u0165ou v\u00e1\u0161ho priestoru.\r\n\r\nKa\u017ed\u00fd bal\u00edk obsahuje 2 kusy.","product_category-highlighted_media":26278,"product_category-cta":{"product_category_cta":null},"comparrison_image":null,"product_category-some_of_our_combinations":25798,"hero-media":[26277],"hero-h1":"H\u00e1\u010diky a dr\u017eiaky","hero-sub_header":""},"_links":{"self":[{"href":"https:\/\/denpanels.com\/sk\/wp-json\/wp\/v2\/pages\/26274","targetHints":{"allow":["GET"]}}],"collection":[{"href":"https:\/\/denpanels.com\/sk\/wp-json\/wp\/v2\/pages"}],"about":[{"href":"https:\/\/denpanels.com\/sk\/wp-json\/wp\/v2\/types\/page"}],"author":[{"embeddable":true,"href":"https:\/\/denpanels.com\/sk\/wp-json\/wp\/v2\/users\/1"}],"replies":[{"embeddable":true,"href":"https:\/\/denpanels.com\/sk\/wp-json\/wp\/v2\/comments?post=26274"}],"version-history":[{"count":4,"href":"https:\/\/denpanels.com\/sk\/wp-json\/wp\/v2\/pages\/26274\/revisions"}],"predecessor-version":[{"id":28089,"href":"https:\/\/denpanels.com\/sk\/wp-json\/wp\/v2\/pages\/26274\/revisions\/28089"}],"up":[{"embeddable":true,"href":"https:\/\/denpanels.com\/sk\/wp-json\/wp\/v2\/pages\/26072"}],"acf:attachment":[{"embeddable":true,"href":"https:\/\/denpanels.com\/sk\/wp-json\/wp\/v2\/media\/26277"}],"acf:post":[{"embeddable":true,"href":"https:\/\/denpanels.com\/sk\/wp-json\/wp\/v2\/translation\/25798"}],"acf:term":[{"embeddable":true,"taxonomy":"product-category","href":"https:\/\/denpanels.com\/sk\/wp-json\/wp\/v2\/product-category\/722"}],"wp:attachment":[{"href":"https:\/\/denpanels.com\/sk\/wp-json\/wp\/v2\/media?parent=26274"}],"wp:term":[{"taxonomy":"page-section","embeddable":true,"href":"https:\/\/denpanels.com\/sk\/wp-json\/wp\/v2\/page-section?post=26274"},{"taxonomy":"page-template","embeddable":true,"href":"https:\/\/denpanels.com\/sk\/wp-json\/wp\/v2\/page-template?post=26274"}],"curies":[{"name":"wp","href":"https:\/\/api.w.org\/{rel}","templated":true}]}}