{"id":26270,"date":"2025-01-09T12:08:22","date_gmt":"2025-01-09T11:08:22","guid":{"rendered":"https:\/\/denpanels.com\/panely\/prislusenstvo\/frames\/"},"modified":"2026-02-12T10:21:18","modified_gmt":"2026-02-12T09:21:18","slug":"frames","status":"publish","type":"page","link":"https:\/\/denpanels.com\/sk\/panely\/prislusenstvo\/frames\/","title":{"rendered":"Frames"},"content":{"rendered":"","protected":false},"excerpt":{"rendered":"","protected":false},"author":3,"featured_media":0,"parent":26072,"menu_order":0,"comment_status":"closed","ping_status":"closed","template":"","meta":{"_acf_changed":false,"footnotes":""},"page-section":[524,525,529,528,526],"page-template":[370],"class_list":["post-26270","page","type-page","status-publish","hentry","page-section-datasheet","page-section-hero","page-section-highlighted-inspiration","page-section-megamenu","page-section-product-category","page-template-product-sub-category"],"acf":{"product_category-selected":731,"product_category-headline_p1":"Dokonal\u00e9 zapadnutie","product_category-headline_p2":"pre bezchybn\u00e9 dokon\u010denie","product_category-introduction":"H\u013ead\u00e1te \u010dist\u00fd a profesion\u00e1lny sp\u00f4sob, ako integrova\u0165 elektrick\u00e9 z\u00e1suvky do va\u0161ich akustick\u00fdch panelov?\r\n\r\nR\u00e1my od spolo\u010dnosti Denpanels s\u00fa vyvinut\u00e9 tak, aby vytv\u00e1rali presn\u00e9 a bez\u0161v\u00edkov\u00e9 rie\u0161enie, ktor\u00e9 zachov\u00e1va vizu\u00e1lny v\u00fdraz aj akustick\u00fd v\u00fdkon va\u0161ich panelov. Ka\u017ed\u00fd r\u00e1m je navrhnut\u00fd tak, aby dokonale ladil s va\u0161imi dreven\u00fdmi panelmi, a je vyroben\u00fd z MDF dosky s povrchovou \u00fapravou z prav\u00e9ho dreven\u00e9ho dyhu, ktor\u00e1 zodpoved\u00e1 va\u0161im panelom Denpanels, \u010d\u00edm je zaru\u010den\u00fd harmonick\u00fd a jednotn\u00fd vzh\u013ead.\r\n\r\nR\u00e1my s\u00fa na mieru prisp\u00f4soben\u00e9 va\u0161ej konkr\u00e9tnej in\u0161tal\u00e1cii z\u00e1suviek, \u010d\u00edm sa technick\u00e9 prvky st\u00e1vaj\u00fa prirodzenou a rafinovanou s\u00fa\u010das\u0165ou celkov\u00e9ho dizajnu. \u00dah\u013eadn\u00fdm zar\u00e1movan\u00edm z\u00e1suvky do povrchu panelu dosiahnete \u010dist\u00fd, ucelen\u00fd povrch bez toho, aby ste ohrozili elegantn\u00fd vzh\u013ead panelu alebo jeho zvukovo-absorp\u010dn\u00e9 vlastnosti.\r\n\r\nR\u00e1my s\u00fa prec\u00edzne vyroben\u00e9 a vych\u00e1dzaj\u00fa z vysokokvalitn\u00e9ho d\u00e1nskeho dizajnu. Sp\u00e1jaj\u00fa v sebe d\u00f4raz na detail, funk\u010dnos\u0165 a vizu\u00e1lnu konzistentnos\u0165. V\u00fdsledkom je premyslen\u00fd detail povrchovej \u00fapravy, ktor\u00fd zdokona\u013euje priestor \u2013 \u0161t\u00fdlov\u00fd, integrovan\u00fd a plne funk\u010dn\u00fd.","product_category-highlighted_media":29452,"product_category-cta":{"product_category_cta":null},"comparrison_image":29443,"product_category-some_of_our_combinations":25798,"hero-media":[26272],"hero-h1":"Frames","hero-sub_header":""},"_links":{"self":[{"href":"https:\/\/denpanels.com\/sk\/wp-json\/wp\/v2\/pages\/26270","targetHints":{"allow":["GET"]}}],"collection":[{"href":"https:\/\/denpanels.com\/sk\/wp-json\/wp\/v2\/pages"}],"about":[{"href":"https:\/\/denpanels.com\/sk\/wp-json\/wp\/v2\/types\/page"}],"author":[{"embeddable":true,"href":"https:\/\/denpanels.com\/sk\/wp-json\/wp\/v2\/users\/3"}],"replies":[{"embeddable":true,"href":"https:\/\/denpanels.com\/sk\/wp-json\/wp\/v2\/comments?post=26270"}],"version-history":[{"count":2,"href":"https:\/\/denpanels.com\/sk\/wp-json\/wp\/v2\/pages\/26270\/revisions"}],"predecessor-version":[{"id":31016,"href":"https:\/\/denpanels.com\/sk\/wp-json\/wp\/v2\/pages\/26270\/revisions\/31016"}],"up":[{"embeddable":true,"href":"https:\/\/denpanels.com\/sk\/wp-json\/wp\/v2\/pages\/26072"}],"acf:attachment":[{"embeddable":true,"href":"https:\/\/denpanels.com\/sk\/wp-json\/wp\/v2\/media\/26272"}],"acf:post":[{"embeddable":true,"href":"https:\/\/denpanels.com\/sk\/wp-json\/wp\/v2\/translation\/25798"}],"acf:term":[{"embeddable":true,"taxonomy":"product-category","href":"https:\/\/denpanels.com\/sk\/wp-json\/wp\/v2\/product-category\/731"}],"wp:attachment":[{"href":"https:\/\/denpanels.com\/sk\/wp-json\/wp\/v2\/media?parent=26270"}],"wp:term":[{"taxonomy":"page-section","embeddable":true,"href":"https:\/\/denpanels.com\/sk\/wp-json\/wp\/v2\/page-section?post=26270"},{"taxonomy":"page-template","embeddable":true,"href":"https:\/\/denpanels.com\/sk\/wp-json\/wp\/v2\/page-template?post=26270"}],"curies":[{"name":"wp","href":"https:\/\/api.w.org\/{rel}","templated":true}]}}