{"id":26263,"date":"2025-01-09T12:14:33","date_gmt":"2025-01-09T11:14:33","guid":{"rendered":"https:\/\/denpanels.com\/panely\/prislusenstvo\/oils\/"},"modified":"2025-03-19T11:25:49","modified_gmt":"2025-03-19T10:25:49","slug":"olej","status":"publish","type":"page","link":"https:\/\/denpanels.com\/sk\/panely\/prislusenstvo\/olej\/","title":{"rendered":"Olej"},"content":{"rendered":"","protected":false},"excerpt":{"rendered":"","protected":false},"author":3,"featured_media":0,"parent":26072,"menu_order":0,"comment_status":"closed","ping_status":"closed","template":"","meta":{"_acf_changed":false,"footnotes":""},"page-section":[525,529,528,526],"page-template":[370],"class_list":["post-26263","page","type-page","status-publish","hentry","page-section-hero","page-section-highlighted-inspiration","page-section-megamenu","page-section-product-category","page-template-product-sub-category"],"acf":{"product_category-selected":713,"product_category-headline_p1":"Chr\u00e1\u0148te, zlep\u0161ujte a","product_category-headline_p2":"Prisp\u00f4sobte si svoje dreven\u00e9 panely","product_category-introduction":"V spolo\u010dnosti Denpanels v\u00e1m pom\u00e1hame pred\u013a\u017ei\u0165 trv\u00e1cnos\u0165, zlep\u0161i\u0165 prirodzen\u00fa kr\u00e1su a prisp\u00f4sobi\u0165 va\u0161e panely s na\u0161imi vysokokvalitn\u00fdmi o\u0161etrovac\u00edmi olejmi.\r\n\r\n<strong>O\u017eivuje a chr\u00e1ni<\/strong> \u2013 vy\u017eivuje drevo a poskytuje trv\u00e1cnu povrchov\u00fa \u00fapravu.  \r\n<strong>Zv\u00fdraz\u0148uje text\u00faru<\/strong> \u2013 pod\u010diarkuje prirodzen\u00e9 zrno pre rafinovan\u00fd vzh\u013ead.  \r\n<strong>Prisp\u00f4sobite\u013en\u00e9<\/strong> \u2013 dostupn\u00e9 v piatich elegantn\u00fdch farb\u00e1ch, ktor\u00e9 sa hodia k v\u00e1\u0161mu \u0161t\u00fdlu.\r\n\r\nKa\u017ed\u00e1 f\u013ea\u0161a s objemom 500 ml sa jednoducho nan\u00e1\u0161a \u2013 jednoducho postupujte pod\u013ea pokynov pre najlep\u0161ie v\u00fdsledky.\r\n\r\nZachovajte. Zlep\u0161ite. Prisp\u00f4sobte si.","product_category-highlighted_media":26267,"product_category-cta":{"product_category_cta":null},"comparrison_image":null,"product_category-some_of_our_combinations":25798,"hero-media":[26264],"hero-h1":"Olej","hero-sub_header":""},"_links":{"self":[{"href":"https:\/\/denpanels.com\/sk\/wp-json\/wp\/v2\/pages\/26263","targetHints":{"allow":["GET"]}}],"collection":[{"href":"https:\/\/denpanels.com\/sk\/wp-json\/wp\/v2\/pages"}],"about":[{"href":"https:\/\/denpanels.com\/sk\/wp-json\/wp\/v2\/types\/page"}],"author":[{"embeddable":true,"href":"https:\/\/denpanels.com\/sk\/wp-json\/wp\/v2\/users\/3"}],"replies":[{"embeddable":true,"href":"https:\/\/denpanels.com\/sk\/wp-json\/wp\/v2\/comments?post=26263"}],"version-history":[{"count":3,"href":"https:\/\/denpanels.com\/sk\/wp-json\/wp\/v2\/pages\/26263\/revisions"}],"predecessor-version":[{"id":26269,"href":"https:\/\/denpanels.com\/sk\/wp-json\/wp\/v2\/pages\/26263\/revisions\/26269"}],"up":[{"embeddable":true,"href":"https:\/\/denpanels.com\/sk\/wp-json\/wp\/v2\/pages\/26072"}],"acf:attachment":[{"embeddable":true,"href":"https:\/\/denpanels.com\/sk\/wp-json\/wp\/v2\/media\/26264"}],"acf:post":[{"embeddable":true,"href":"https:\/\/denpanels.com\/sk\/wp-json\/wp\/v2\/translation\/25798"}],"acf:term":[{"embeddable":true,"taxonomy":"product-category","href":"https:\/\/denpanels.com\/sk\/wp-json\/wp\/v2\/product-category\/713"}],"wp:attachment":[{"href":"https:\/\/denpanels.com\/sk\/wp-json\/wp\/v2\/media?parent=26263"}],"wp:term":[{"taxonomy":"page-section","embeddable":true,"href":"https:\/\/denpanels.com\/sk\/wp-json\/wp\/v2\/page-section?post=26263"},{"taxonomy":"page-template","embeddable":true,"href":"https:\/\/denpanels.com\/sk\/wp-json\/wp\/v2\/page-template?post=26263"}],"curies":[{"name":"wp","href":"https:\/\/api.w.org\/{rel}","templated":true}]}}