{"id":26246,"date":"2025-01-09T12:11:21","date_gmt":"2025-01-09T11:11:21","guid":{"rendered":"https:\/\/denpanels.com\/panely\/prislusenstvo\/finishing-slats\/"},"modified":"2025-03-19T11:20:55","modified_gmt":"2025-03-19T10:20:55","slug":"povrchove-listy","status":"publish","type":"page","link":"https:\/\/denpanels.com\/sk\/panely\/prislusenstvo\/povrchove-listy\/","title":{"rendered":"Povrchov\u00e9 li\u0161ty"},"content":{"rendered":"","protected":false},"excerpt":{"rendered":"","protected":false},"author":3,"featured_media":0,"parent":26072,"menu_order":0,"comment_status":"closed","ping_status":"closed","template":"","meta":{"_acf_changed":false,"footnotes":""},"page-section":[536,524,525,528,526],"page-template":[497],"class_list":["post-26246","page","type-page","status-publish","hentry","page-section-content-blocks","page-section-datasheet","page-section-hero","page-section-megamenu","page-section-product-category","page-template-category-finishing-slates"],"acf":{"finishing_slats-sub_categories_copy":[498,499],"product_category-selected":730,"product_category-headline_p1":"Povrchov\u00e9 li\u0161ty:","product_category-headline_p2":"Dokonal\u00fd z\u00e1vere\u010dn\u00fd dotyk","product_category-introduction":"V spolo\u010dnosti Denpanels pon\u00fakame Povrchov\u00e9 li\u0161ty, ktor\u00e9 zabezpe\u010duj\u00fa bez\u0161vov\u00fa, s\u00favisl\u00fa dreven\u00fa povrchov\u00fa \u00fapravu pre va\u0161u in\u0161tal\u00e1ciu akustick\u00fdch panelov. Zatia\u013e \u010do niektor\u00ed uprednost\u0148uj\u00fa \u010dierne okraje, in\u00ed t\u00fa\u017eia po pr\u00edrodnom drevenom vzh\u013eade \u2013 a tu prich\u00e1dzaj\u00fa na sc\u00e9nu na\u0161e povrchov\u00e9 li\u0161ty!\r\n\r\n<strong>Ladiace s va\u0161imi panelmi<\/strong> \u2013 vyroben\u00e9 z MDF s priese\u010dnou farbou a pravou drevenou dyhou.  \r\n<strong>Jednoduch\u00e1 in\u0161tal\u00e1cia<\/strong> \u2013 jednoducho aplikujte s mont\u00e1\u017enym lepidlom.  \r\n<strong>Z\u00e1kazkov\u00e9 ve\u013ekosti<\/strong> \u2013 dostupn\u00e9 v r\u00f4znych d\u013a\u017ekach a \u0161\u00edrkach a\u017e do 3000 mm.\r\n\r\nV\u00fdber spr\u00e1vnej ve\u013ekosti:  \r\n27 mm li\u0161ta \u2013 pre panely montovan\u00e9 priamo na stenu.  \r\n62 mm li\u0161ta \u2013 pre panely montovan\u00e9 na laty.\r\n\r\nS Povrchov\u00fdmi li\u0161tami dosiahnete efekt pevn\u00e9ho dreva a kr\u00e1sny, vyle\u0161ten\u00fd vzh\u013ead pre v\u00e1\u0161 projekt Denpanels.\r\n\r\nBez\u0161vov\u00fd dizajn. Jednoduch\u00e1 in\u0161tal\u00e1cia. Ohromuj\u00face v\u00fdsledky.","product_category-highlighted_media":26249,"product_category-cta":{"product_category_cta":null},"comparrison_image":null,"product_category-some_of_our_combinations":25798,"hero-media":[26250],"hero-h1":"Povrchov\u00e9 li\u0161ty","hero-sub_header":""},"_links":{"self":[{"href":"https:\/\/denpanels.com\/sk\/wp-json\/wp\/v2\/pages\/26246","targetHints":{"allow":["GET"]}}],"collection":[{"href":"https:\/\/denpanels.com\/sk\/wp-json\/wp\/v2\/pages"}],"about":[{"href":"https:\/\/denpanels.com\/sk\/wp-json\/wp\/v2\/types\/page"}],"author":[{"embeddable":true,"href":"https:\/\/denpanels.com\/sk\/wp-json\/wp\/v2\/users\/3"}],"replies":[{"embeddable":true,"href":"https:\/\/denpanels.com\/sk\/wp-json\/wp\/v2\/comments?post=26246"}],"version-history":[{"count":3,"href":"https:\/\/denpanels.com\/sk\/wp-json\/wp\/v2\/pages\/26246\/revisions"}],"predecessor-version":[{"id":26262,"href":"https:\/\/denpanels.com\/sk\/wp-json\/wp\/v2\/pages\/26246\/revisions\/26262"}],"up":[{"embeddable":true,"href":"https:\/\/denpanels.com\/sk\/wp-json\/wp\/v2\/pages\/26072"}],"acf:attachment":[{"embeddable":true,"href":"https:\/\/denpanels.com\/sk\/wp-json\/wp\/v2\/media\/26250"}],"acf:post":[{"embeddable":true,"href":"https:\/\/denpanels.com\/sk\/wp-json\/wp\/v2\/translation\/25798"}],"acf:term":[{"embeddable":true,"taxonomy":"product-category","href":"https:\/\/denpanels.com\/sk\/wp-json\/wp\/v2\/product-category\/730"},{"embeddable":true,"taxonomy":"product-category","href":"https:\/\/denpanels.com\/sk\/wp-json\/wp\/v2\/product-category\/499"},{"embeddable":true,"taxonomy":"product-category","href":"https:\/\/denpanels.com\/sk\/wp-json\/wp\/v2\/product-category\/498"}],"wp:attachment":[{"href":"https:\/\/denpanels.com\/sk\/wp-json\/wp\/v2\/media?parent=26246"}],"wp:term":[{"taxonomy":"page-section","embeddable":true,"href":"https:\/\/denpanels.com\/sk\/wp-json\/wp\/v2\/page-section?post=26246"},{"taxonomy":"page-template","embeddable":true,"href":"https:\/\/denpanels.com\/sk\/wp-json\/wp\/v2\/page-template?post=26246"}],"curies":[{"name":"wp","href":"https:\/\/api.w.org\/{rel}","templated":true}]}}