{"id":26240,"date":"2024-07-15T10:28:54","date_gmt":"2024-07-15T08:28:54","guid":{"rendered":"https:\/\/denpanels.com\/panely\/dizajnove-panely\/sticks\/"},"modified":"2025-03-19T11:07:05","modified_gmt":"2025-03-19T10:07:05","slug":"sticks","status":"publish","type":"page","link":"https:\/\/denpanels.com\/sk\/panely\/dizajnove-panely\/sticks\/","title":{"rendered":"Sticks"},"content":{"rendered":"","protected":false},"excerpt":{"rendered":"","protected":false},"author":3,"featured_media":0,"parent":26045,"menu_order":4,"comment_status":"closed","ping_status":"closed","template":"","meta":{"_acf_changed":false,"footnotes":""},"page-section":[525,528,526],"page-template":[493],"class_list":["post-26240","page","type-page","status-publish","hentry","page-section-hero","page-section-megamenu","page-section-product-category","page-template-category-sticks"],"acf":{"product_category-selected":729,"product_category-headline_p1":"Denpanels Sticks:","product_category-headline_p2":"Bez n\u00e1mahy \u0161t\u00fdl a nekone\u010dn\u00e1 kreativita","product_category-introduction":"V spolo\u010dnosti Denpanels v\u00e1m prin\u00e1\u0161ame **Sticks** \u2013 v\u0161estrann\u00fd a \u0161t\u00fdlov\u00fd sp\u00f4sob, ako jednoducho personalizova\u0165 va\u0161e steny a stropy. S r\u00f4znymi text\u00farami, farbami a povrchov\u00fdmi \u00fapravami je va\u0161ou jedinou hranicou kreativita.\r\n\r\n<strong>Vytvoren\u00fd dizajn<\/strong> \u2013 dostupn\u00e9 v drevenej dyhe, linoleu, lamin\u00e1te a f\u00f3lii.  \r\n<strong>Pr\u00e9miov\u00e1 kvalita<\/strong> \u2013 vyroben\u00e9 z 9 mm MDF, ktor\u00e9 sp\u013a\u0148a environment\u00e1lne normy Carb2 a AgBB.  \r\n<strong>Bezprobl\u00e9mov\u00e1 in\u0161tal\u00e1cia<\/strong> \u2013 samolepiaca zadn\u00e1 strana pre r\u00fdchlu a jednoduch\u00fa mont\u00e1\u017e.\r\n\r\n\u010ci u\u017e preferujete eleganciu linolea, teplo dreva alebo modern\u00fd vzh\u013ead lamin\u00e1tu, **Sticks** pon\u00fakaj\u00fa bezprobl\u00e9mov\u00fa kombin\u00e1ciu estetiky a praktickosti pre ak\u00fdko\u013evek interi\u00e9r \u2013 od modern\u00e9ho minimalizmu po nad\u010dasov\u00fa trad\u00edciu.\r\n\r\nJednoduch\u00e1 in\u0161tal\u00e1cia. Ohromuj\u00face v\u00fdsledky. Neobmedzen\u00e9 mo\u017enosti.","product_category-highlighted_media":26244,"product_category-cta":{"product_category_cta":null},"comparrison_image":null,"product_category-some_of_our_combinations":25798,"hero-media":[26243],"hero-h1":"Sticks","hero-sub_header":""},"_links":{"self":[{"href":"https:\/\/denpanels.com\/sk\/wp-json\/wp\/v2\/pages\/26240","targetHints":{"allow":["GET"]}}],"collection":[{"href":"https:\/\/denpanels.com\/sk\/wp-json\/wp\/v2\/pages"}],"about":[{"href":"https:\/\/denpanels.com\/sk\/wp-json\/wp\/v2\/types\/page"}],"author":[{"embeddable":true,"href":"https:\/\/denpanels.com\/sk\/wp-json\/wp\/v2\/users\/3"}],"replies":[{"embeddable":true,"href":"https:\/\/denpanels.com\/sk\/wp-json\/wp\/v2\/comments?post=26240"}],"version-history":[{"count":1,"href":"https:\/\/denpanels.com\/sk\/wp-json\/wp\/v2\/pages\/26240\/revisions"}],"predecessor-version":[{"id":26245,"href":"https:\/\/denpanels.com\/sk\/wp-json\/wp\/v2\/pages\/26240\/revisions\/26245"}],"up":[{"embeddable":true,"href":"https:\/\/denpanels.com\/sk\/wp-json\/wp\/v2\/pages\/26045"}],"acf:attachment":[{"embeddable":true,"href":"https:\/\/denpanels.com\/sk\/wp-json\/wp\/v2\/media\/26243"}],"acf:post":[{"embeddable":true,"href":"https:\/\/denpanels.com\/sk\/wp-json\/wp\/v2\/translation\/25798"}],"acf:term":[{"embeddable":true,"taxonomy":"product-category","href":"https:\/\/denpanels.com\/sk\/wp-json\/wp\/v2\/product-category\/729"}],"wp:attachment":[{"href":"https:\/\/denpanels.com\/sk\/wp-json\/wp\/v2\/media?parent=26240"}],"wp:term":[{"taxonomy":"page-section","embeddable":true,"href":"https:\/\/denpanels.com\/sk\/wp-json\/wp\/v2\/page-section?post=26240"},{"taxonomy":"page-template","embeddable":true,"href":"https:\/\/denpanels.com\/sk\/wp-json\/wp\/v2\/page-template?post=26240"}],"curies":[{"name":"wp","href":"https:\/\/api.w.org\/{rel}","templated":true}]}}