{"id":26224,"date":"2024-07-10T13:55:56","date_gmt":"2024-07-10T11:55:56","guid":{"rendered":"https:\/\/denpanels.com\/panely\/dizajnove-panely\/wall-tiles-system\/"},"modified":"2025-03-19T11:02:41","modified_gmt":"2025-03-19T10:02:41","slug":"wall-tiles-system","status":"publish","type":"page","link":"https:\/\/denpanels.com\/sk\/panely\/dizajnove-panely\/wall-tiles-system\/","title":{"rendered":"Wall tiles"},"content":{"rendered":"","protected":false},"excerpt":{"rendered":"","protected":false},"author":1,"featured_media":0,"parent":26045,"menu_order":3,"comment_status":"closed","ping_status":"closed","template":"","meta":{"_acf_changed":false,"footnotes":""},"page-section":[524,525,528,526],"page-template":[496],"class_list":["post-26224","page","type-page","status-publish","hentry","page-section-datasheet","page-section-hero","page-section-megamenu","page-section-product-category","page-template-category-wall-tiles"],"acf":{"product_category-selected":728,"product_category-headline_p1":"Denpanels Wall Tiles: ","product_category-headline_p2":"Kde sa trad\u00edcia stret\u00e1va s kreativitou","product_category-introduction":"V spolo\u010dnosti Denpanels v\u00e1m prin\u00e1\u0161ame Wall Tiles System \u2013 spojenie klasick\u00e9ho dizajnu a modernnej kreativity, ktor\u00e9 je ide\u00e1lne na transform\u00e1ciu ak\u00e9hoko\u013evek priestoru.\r\n\r\n<strong>Univerz\u00e1lny v\u00fdber<\/strong> \u2013 dostupn\u00e9 v dyhe, hexag\u00f3noch, koso\u0161tvorcoch, linoleu a plsti.  \r\n<strong>Nekone\u010dn\u00e9 prisp\u00f4sobenie<\/strong> \u2013 kombinujte a zla\u010fte text\u00fary pre jedine\u010dn\u00fd, trojrozmern\u00fd efekt.  \r\n<strong>\u0160t\u00fdlov\u00e9, nielen akustick\u00e9<\/strong> \u2013 navrhnut\u00e9 pre vizu\u00e1lny vzh\u013ead, nie pre pohlcovanie zvuku.\r\n\r\n<strong>In\u0161pirovan\u00e9 geometriou pr\u00edrody<\/strong>  \r\nIn\u0161pirujte sa prirodzenou eleganciou hexag\u00f3nov s na\u0161imi modul\u00e1rnymi MDF hexag\u00f3nov\u00fdmi stenov\u00fdmi dla\u017edicami. Dostupn\u00e9 v r\u00f4znych povrchoch a farb\u00e1ch, umo\u017e\u0148uj\u00fa vytv\u00e1ra\u0165 personalizovan\u00e9 vzory, ktor\u00e9 odr\u00e1\u017eaj\u00fa v\u00e1\u0161 \u0161t\u00fdl \u2013 \u010di u\u017e odv\u00e1\u017eny a dramatick\u00fd, alebo jemn\u00fd a rafinovan\u00fd.\r\n\r\nIde\u00e1lne pre dom\u00e1cnosti, kancel\u00e1rie a kreat\u00edvne priestory, **Wall Tiles** od Denpanels pon\u00fakaj\u00fa jednoduch\u00fd sp\u00f4sob, ako prida\u0165 h\u013abku, charakter a flexibilitu dizajnu do ak\u00e9hoko\u013evek interi\u00e9ru.\r\n\r\nInovat\u00edvny dizajn. Neobmedzen\u00e1 kreativita. Jednoduch\u00e1 transform\u00e1cia.","product_category-highlighted_media":26237,"product_category-cta":{"product_category_cta":null},"comparrison_image":null,"product_category-some_of_our_combinations":25798,"hero-media":[26236],"hero-h1":"Wall Tiles System","hero-sub_header":""},"_links":{"self":[{"href":"https:\/\/denpanels.com\/sk\/wp-json\/wp\/v2\/pages\/26224","targetHints":{"allow":["GET"]}}],"collection":[{"href":"https:\/\/denpanels.com\/sk\/wp-json\/wp\/v2\/pages"}],"about":[{"href":"https:\/\/denpanels.com\/sk\/wp-json\/wp\/v2\/types\/page"}],"author":[{"embeddable":true,"href":"https:\/\/denpanels.com\/sk\/wp-json\/wp\/v2\/users\/1"}],"replies":[{"embeddable":true,"href":"https:\/\/denpanels.com\/sk\/wp-json\/wp\/v2\/comments?post=26224"}],"version-history":[{"count":1,"href":"https:\/\/denpanels.com\/sk\/wp-json\/wp\/v2\/pages\/26224\/revisions"}],"predecessor-version":[{"id":26239,"href":"https:\/\/denpanels.com\/sk\/wp-json\/wp\/v2\/pages\/26224\/revisions\/26239"}],"up":[{"embeddable":true,"href":"https:\/\/denpanels.com\/sk\/wp-json\/wp\/v2\/pages\/26045"}],"acf:attachment":[{"embeddable":true,"href":"https:\/\/denpanels.com\/sk\/wp-json\/wp\/v2\/media\/26236"}],"acf:post":[{"embeddable":true,"href":"https:\/\/denpanels.com\/sk\/wp-json\/wp\/v2\/translation\/25798"}],"acf:term":[{"embeddable":true,"taxonomy":"product-category","href":"https:\/\/denpanels.com\/sk\/wp-json\/wp\/v2\/product-category\/728"}],"wp:attachment":[{"href":"https:\/\/denpanels.com\/sk\/wp-json\/wp\/v2\/media?parent=26224"}],"wp:term":[{"taxonomy":"page-section","embeddable":true,"href":"https:\/\/denpanels.com\/sk\/wp-json\/wp\/v2\/page-section?post=26224"},{"taxonomy":"page-template","embeddable":true,"href":"https:\/\/denpanels.com\/sk\/wp-json\/wp\/v2\/page-template?post=26224"}],"curies":[{"name":"wp","href":"https:\/\/api.w.org\/{rel}","templated":true}]}}