{"id":26200,"date":"2024-07-15T10:05:41","date_gmt":"2024-07-15T08:05:41","guid":{"rendered":"https:\/\/denpanels.com\/panely\/dizajnove-panely\/acoustic-design\/"},"modified":"2025-03-19T10:57:10","modified_gmt":"2025-03-19T09:57:10","slug":"akusticke-dizajnove-panely","status":"publish","type":"page","link":"https:\/\/denpanels.com\/sk\/panely\/dizajnove-panely\/akusticke-dizajnove-panely\/","title":{"rendered":"Akustick\u00e9 dizajnov\u00e9 panely"},"content":{"rendered":"","protected":false},"excerpt":{"rendered":"","protected":false},"author":3,"featured_media":0,"parent":26045,"menu_order":2,"comment_status":"closed","ping_status":"closed","template":"","meta":{"_acf_changed":false,"footnotes":""},"page-section":[524,525,528,526],"page-template":[491],"class_list":["post-26200","page","type-page","status-publish","hentry","page-section-datasheet","page-section-hero","page-section-megamenu","page-section-product-category","page-template-category-acoustic-design-panels"],"acf":{"product_category-selected":727,"product_category-headline_p1":"Uvo\u013enite kreativitu s","product_category-headline_p2":"Dizajnov\u00e9 panely Denpanels","product_category-introduction":"V spolo\u010dnosti Denpanels v\u00e1m prin\u00e1\u0161ame dizajnov\u00e9 panely v rozmeroch 60\u00d760 a 60\u00d7120 cm, ktor\u00e9 pon\u00fakaj\u00fa nekone\u010dn\u00e9 mo\u017enosti na vytv\u00e1ranie jedine\u010dn\u00fdch vzorov a \u0161t\u00fdlov\u00fdch interi\u00e9rov.\r\n\r\n<strong>Prisp\u00f4sobite\u013en\u00e9 rozlo\u017eenia<\/strong> \u2013 usporiadajte ich v r\u00f4znych konfigur\u00e1ci\u00e1ch pre jedine\u010dn\u00fd vzh\u013ead.  \r\n<strong>Pr\u00e9miov\u00e9 povrchov\u00e9 \u00fapravy<\/strong> \u2013 navrhnut\u00e9 pre estetick\u00fd vzh\u013ead a akustick\u00e9 v\u00fdhody.\r\n\r\n\u010ci u\u017e vylep\u0161ujete mal\u00fa funk\u010dn\u00fa stenu alebo navrhujete odv\u00e1\u017eny centr\u00e1lny prvok, na\u0161e v\u0161estrann\u00e9 dizajnov\u00e9 panely prid\u00e1vaj\u00fa charakter, \u0161t\u00fdl a akustick\u00fd komfort do ka\u017ed\u00e9ho priestoru.\r\n\r\nD\u00e1nsky dizajn. Nekone\u010dn\u00e1 kreativita. Udr\u017eate\u013en\u00e1 kvalita.","product_category-highlighted_media":22803,"product_category-cta":{"product_category_cta":null},"comparrison_image":null,"product_category-some_of_our_combinations":25798,"hero-media":[26221],"hero-h1":"Akustick\u00e9 dizajnov\u00e9 panely","hero-sub_header":""},"_links":{"self":[{"href":"https:\/\/denpanels.com\/sk\/wp-json\/wp\/v2\/pages\/26200","targetHints":{"allow":["GET"]}}],"collection":[{"href":"https:\/\/denpanels.com\/sk\/wp-json\/wp\/v2\/pages"}],"about":[{"href":"https:\/\/denpanels.com\/sk\/wp-json\/wp\/v2\/types\/page"}],"author":[{"embeddable":true,"href":"https:\/\/denpanels.com\/sk\/wp-json\/wp\/v2\/users\/3"}],"replies":[{"embeddable":true,"href":"https:\/\/denpanels.com\/sk\/wp-json\/wp\/v2\/comments?post=26200"}],"version-history":[{"count":3,"href":"https:\/\/denpanels.com\/sk\/wp-json\/wp\/v2\/pages\/26200\/revisions"}],"predecessor-version":[{"id":26223,"href":"https:\/\/denpanels.com\/sk\/wp-json\/wp\/v2\/pages\/26200\/revisions\/26223"}],"up":[{"embeddable":true,"href":"https:\/\/denpanels.com\/sk\/wp-json\/wp\/v2\/pages\/26045"}],"acf:attachment":[{"embeddable":true,"href":"https:\/\/denpanels.com\/sk\/wp-json\/wp\/v2\/media\/26221"}],"acf:post":[{"embeddable":true,"href":"https:\/\/denpanels.com\/sk\/wp-json\/wp\/v2\/translation\/25798"}],"acf:term":[{"embeddable":true,"taxonomy":"product-category","href":"https:\/\/denpanels.com\/sk\/wp-json\/wp\/v2\/product-category\/727"}],"wp:attachment":[{"href":"https:\/\/denpanels.com\/sk\/wp-json\/wp\/v2\/media?parent=26200"}],"wp:term":[{"taxonomy":"page-section","embeddable":true,"href":"https:\/\/denpanels.com\/sk\/wp-json\/wp\/v2\/page-section?post=26200"},{"taxonomy":"page-template","embeddable":true,"href":"https:\/\/denpanels.com\/sk\/wp-json\/wp\/v2\/page-template?post=26200"}],"curies":[{"name":"wp","href":"https:\/\/api.w.org\/{rel}","templated":true}]}}