{"id":26188,"date":"2024-07-15T10:19:12","date_gmt":"2024-07-15T08:19:12","guid":{"rendered":"https:\/\/denpanels.com\/panely\/dizajnove-panely\/clear\/"},"modified":"2025-03-19T10:51:30","modified_gmt":"2025-03-19T09:51:30","slug":"clear-panely","status":"publish","type":"page","link":"https:\/\/denpanels.com\/sk\/panely\/dizajnove-panely\/clear-panely\/","title":{"rendered":"Clear Panely"},"content":{"rendered":"","protected":false},"excerpt":{"rendered":"","protected":false},"author":3,"featured_media":0,"parent":26045,"menu_order":1,"comment_status":"closed","ping_status":"closed","template":"","meta":{"_acf_changed":false,"footnotes":""},"page-section":[524,525,528,526],"page-template":[495],"class_list":["post-26188","page","type-page","status-publish","hentry","page-section-datasheet","page-section-hero","page-section-megamenu","page-section-product-category","page-template-category-clear-panels"],"acf":{"product_category-selected":726,"product_category-headline_p1":"Clear Panely","product_category-headline_p2":"\u2013 Pr\u00edrodn\u00e1 elegancia","product_category-introduction":"Milujete vzh\u013ead skuto\u010dn\u00e9ho dreva vo va\u0161om interi\u00e9ri? Clear Panely od Denpanels v\u00e1m umo\u017enia vytvori\u0165 modern\u00fa a elegantn\u00fa atmosf\u00e9ru, pri\u010dom pridaj\u00fa teplo a pr\u00edrodn\u00fa kr\u00e1su do ka\u017ed\u00e9ho priestoru \u2013 \u010di u\u017e ide o ob\u00fdva\u010dku, kuchy\u0148u alebo kancel\u00e1riu.\r\n\r\n<ul>\r\n    <li><strong>Vytvoren\u00fd dizajn<\/strong> \u2013 pevn\u00e9 MDF jadro s pravou drevenou dyhou pre pr\u00e9miov\u00fa povrchov\u00fa \u00fapravu.<\/li>\r\n    <li><strong>Prisp\u00f4sobite\u013en\u00e9 mo\u017enosti<\/strong> \u2013 dostupn\u00e9 v dubovom, americkom orechu a udiacom dube, s \u010diernym alebo hned\u00fdm MDF jadrom.<\/li>\r\n    <li><strong>Bez\u0161vov\u00e1 integr\u00e1cia<\/strong> \u2013 navrhnut\u00e9 tak, aby dop\u013a\u0148ali na\u0161e akustick\u00e9 panely a zachovali jednotn\u00fd vzh\u013ead.<\/li>\r\n    <li><strong>Jednoduch\u00e1 in\u0161tal\u00e1cia a \u00fadr\u017eba<\/strong> \u2013 r\u00fdchla mont\u00e1\u017e s minim\u00e1lnymi n\u00e1strojmi a jednoduch\u00e9 \u010distenie vlhkou handrou.<\/li>\r\n<\/ul>\r\n\r\nChcete vylep\u0161i\u0165 vzh\u013ead a trv\u00e1cnos\u0165 va\u0161ich Clear Panelov? Pridajte o\u0161etrenie pr\u00edrodn\u00fdm olejom na zachovanie a obohatenie jedine\u010dnej text\u00fary dreva na dlh\u00e9 roky.\r\n\r\n<i>Jednoduch\u00e1 elegancia. Prisp\u00f4sobite\u013en\u00fd dizajn. Nad\u010dasov\u00e1 kvalita.<\/i>","product_category-highlighted_media":27196,"product_category-cta":{"product_category_cta":null},"comparrison_image":null,"product_category-some_of_our_combinations":25798,"hero-media":[26189],"hero-h1":"Clear Panely","hero-sub_header":""},"_links":{"self":[{"href":"https:\/\/denpanels.com\/sk\/wp-json\/wp\/v2\/pages\/26188","targetHints":{"allow":["GET"]}}],"collection":[{"href":"https:\/\/denpanels.com\/sk\/wp-json\/wp\/v2\/pages"}],"about":[{"href":"https:\/\/denpanels.com\/sk\/wp-json\/wp\/v2\/types\/page"}],"author":[{"embeddable":true,"href":"https:\/\/denpanels.com\/sk\/wp-json\/wp\/v2\/users\/3"}],"replies":[{"embeddable":true,"href":"https:\/\/denpanels.com\/sk\/wp-json\/wp\/v2\/comments?post=26188"}],"version-history":[{"count":3,"href":"https:\/\/denpanels.com\/sk\/wp-json\/wp\/v2\/pages\/26188\/revisions"}],"predecessor-version":[{"id":26199,"href":"https:\/\/denpanels.com\/sk\/wp-json\/wp\/v2\/pages\/26188\/revisions\/26199"}],"up":[{"embeddable":true,"href":"https:\/\/denpanels.com\/sk\/wp-json\/wp\/v2\/pages\/26045"}],"acf:attachment":[{"embeddable":true,"href":"https:\/\/denpanels.com\/sk\/wp-json\/wp\/v2\/media\/26189"}],"acf:post":[{"embeddable":true,"href":"https:\/\/denpanels.com\/sk\/wp-json\/wp\/v2\/translation\/25798"}],"acf:term":[{"embeddable":true,"taxonomy":"product-category","href":"https:\/\/denpanels.com\/sk\/wp-json\/wp\/v2\/product-category\/726"}],"wp:attachment":[{"href":"https:\/\/denpanels.com\/sk\/wp-json\/wp\/v2\/media?parent=26188"}],"wp:term":[{"taxonomy":"page-section","embeddable":true,"href":"https:\/\/denpanels.com\/sk\/wp-json\/wp\/v2\/page-section?post=26188"},{"taxonomy":"page-template","embeddable":true,"href":"https:\/\/denpanels.com\/sk\/wp-json\/wp\/v2\/page-template?post=26188"}],"curies":[{"name":"wp","href":"https:\/\/api.w.org\/{rel}","templated":true}]}}