{"id":26149,"date":"2024-06-06T12:06:29","date_gmt":"2024-06-06T10:06:29","guid":{"rendered":"https:\/\/denpanels.com\/fire-retardant\/"},"modified":"2025-03-19T10:42:37","modified_gmt":"2025-03-19T09:42:37","slug":"panely-odolne-proti-ohnu","status":"publish","type":"page","link":"https:\/\/denpanels.com\/sk\/panely\/panely-odolne-proti-ohnu\/","title":{"rendered":"Panely odoln\u00e9 proti oh\u0148u"},"content":{"rendered":"","protected":false},"excerpt":{"rendered":"","protected":false},"author":3,"featured_media":0,"parent":26185,"menu_order":2,"comment_status":"closed","ping_status":"closed","template":"","meta":{"_acf_changed":false,"footnotes":""},"page-section":[533,536,524,525,528,526,534],"page-template":[360],"class_list":["post-26149","page","type-page","status-publish","hentry","page-section-certificates","page-section-content-blocks","page-section-datasheet","page-section-hero","page-section-megamenu","page-section-product-category","page-section-the-panels-construction","page-template-fr-panels"],"acf":{"fr_panel-sub_categories":[357,358,359],"product_category-selected":725,"product_category-headline_p1":"FR-Filt akustick\u00e9 panely","product_category-headline_p2":"\u2013 Po\u017eiarn\u00e1 bezpe\u010dnos\u0165 a vynikaj\u00faca akustika","product_category-introduction":"<strong>H\u013ead\u00e1te po\u017eiarnu odoln\u00fa akustick\u00fa rie\u0161enie, ktor\u00e9 kombinuje bezpe\u010dnos\u0165, \u0161t\u00fdl a funk\u010dnos\u0165? FR-filt akustick\u00e9 panely od Denpanels s\u00fa certifikovan\u00e9 na Triedu B (EN 13823), sp\u013a\u0148aj\u00fa pr\u00edsne normy po\u017eiarnej bezpe\u010dnosti E\u00da. S\u00fa ide\u00e1lne pre s\u00fakromn\u00e9 aj komer\u010dn\u00e9 priestory, kde s\u00fa po\u017eadovan\u00e9 po\u017eiarnu odoln\u00e9 akustick\u00e9 panely na steny a stropy.<\/strong>\r\n\r\n<ul>\r\n    <li><strong>R\u00fdchla a jednoduch\u00e1 in\u0161tal\u00e1cia<\/strong> \u2013 \u013eahko sa montuj\u00fa na stropy a steny.<\/li>\r\n    <li><strong>\u00da\u010dinn\u00e1 absorpcia zvuku<\/strong> \u2013 v\u00fdrazne zlep\u0161uje akustiku.<\/li>\r\n    <li><strong>Ekologick\u00e1 vo\u013eba<\/strong> \u2013 FSC\u00ae certifikovan\u00e9 materi\u00e1ly.<\/li>\r\n    <li><strong>Vhodn\u00e9 pre komer\u010dn\u00e9 budovy<\/strong> \u2013 ide\u00e1lne pre kancel\u00e1rie, hotely a verejn\u00e9 priestory.<\/li>\r\n    <li><strong>D\u00e1nsky dizajn a kvalita<\/strong> \u2013 lok\u00e1lne vyroben\u00e9 v D\u00e1nsku.<\/li>\r\n<\/ul>\r\n\r\nS inteligentnou kombin\u00e1ciou dreven\u00fdch li\u0161t a akustickej PET plsti, FR-filt akustick\u00e9 panely \u00fa\u010dinne absorbuj\u00fa zvukov\u00e9 vlny, \u010d\u00edm zlep\u0161uj\u00fa bezpe\u010dnos\u0165 a akustick\u00fd komfort.\r\n\r\n<i>Po\u017eiarn\u00e1 bezpe\u010dnos\u0165. Ovl\u00e1danie zvuku. Udr\u017eate\u013en\u00fd dizajn.<\/i>","product_category-highlighted_media":26160,"product_category-cta":{"product_category_cta":null},"comparrison_image":null,"product_category-some_of_our_combinations":25798,"hero-media":[26150],"hero-h1":"Panely odoln\u00e9 proti oh\u0148u","hero-sub_header":""},"_links":{"self":[{"href":"https:\/\/denpanels.com\/sk\/wp-json\/wp\/v2\/pages\/26149","targetHints":{"allow":["GET"]}}],"collection":[{"href":"https:\/\/denpanels.com\/sk\/wp-json\/wp\/v2\/pages"}],"about":[{"href":"https:\/\/denpanels.com\/sk\/wp-json\/wp\/v2\/types\/page"}],"author":[{"embeddable":true,"href":"https:\/\/denpanels.com\/sk\/wp-json\/wp\/v2\/users\/3"}],"replies":[{"embeddable":true,"href":"https:\/\/denpanels.com\/sk\/wp-json\/wp\/v2\/comments?post=26149"}],"version-history":[{"count":3,"href":"https:\/\/denpanels.com\/sk\/wp-json\/wp\/v2\/pages\/26149\/revisions"}],"predecessor-version":[{"id":26184,"href":"https:\/\/denpanels.com\/sk\/wp-json\/wp\/v2\/pages\/26149\/revisions\/26184"}],"up":[{"embeddable":true,"href":"https:\/\/denpanels.com\/sk\/wp-json\/wp\/v2\/pages\/26185"}],"acf:attachment":[{"embeddable":true,"href":"https:\/\/denpanels.com\/sk\/wp-json\/wp\/v2\/media\/26150"}],"acf:post":[{"embeddable":true,"href":"https:\/\/denpanels.com\/sk\/wp-json\/wp\/v2\/translation\/25798"}],"acf:term":[{"embeddable":true,"taxonomy":"product-category","href":"https:\/\/denpanels.com\/sk\/wp-json\/wp\/v2\/product-category\/725"},{"embeddable":true,"taxonomy":"product-category","href":"https:\/\/denpanels.com\/sk\/wp-json\/wp\/v2\/product-category\/359"},{"embeddable":true,"taxonomy":"product-category","href":"https:\/\/denpanels.com\/sk\/wp-json\/wp\/v2\/product-category\/358"},{"embeddable":true,"taxonomy":"product-category","href":"https:\/\/denpanels.com\/sk\/wp-json\/wp\/v2\/product-category\/357"}],"wp:attachment":[{"href":"https:\/\/denpanels.com\/sk\/wp-json\/wp\/v2\/media?parent=26149"}],"wp:term":[{"taxonomy":"page-section","embeddable":true,"href":"https:\/\/denpanels.com\/sk\/wp-json\/wp\/v2\/page-section?post=26149"},{"taxonomy":"page-template","embeddable":true,"href":"https:\/\/denpanels.com\/sk\/wp-json\/wp\/v2\/page-template?post=26149"}],"curies":[{"name":"wp","href":"https:\/\/api.w.org\/{rel}","templated":true}]}}