{"id":26131,"date":"2024-06-06T13:48:46","date_gmt":"2024-06-06T11:48:46","guid":{"rendered":"https:\/\/denpanels.com\/stone\/"},"modified":"2025-07-31T12:00:16","modified_gmt":"2025-07-31T10:00:16","slug":"kamenne-panely","status":"publish","type":"page","link":"https:\/\/denpanels.com\/sk\/panely\/kamenne-panely\/","title":{"rendered":"Kamenn\u00e9 panely"},"content":{"rendered":"","protected":false},"excerpt":{"rendered":"","protected":false},"author":3,"featured_media":0,"parent":26185,"menu_order":11,"comment_status":"closed","ping_status":"closed","template":"","meta":{"_acf_changed":false,"footnotes":""},"page-section":[535,524,525,528,526,534],"page-template":[542],"class_list":["post-26131","page","type-page","status-publish","hentry","page-section-category-options","page-section-datasheet","page-section-hero","page-section-megamenu","page-section-product-category","page-section-the-panels-construction","page-template-category-stone"],"acf":{"product_category-selected":724,"product_category-headline_p1":"Kamenn\u00e9 akustick\u00e9 panely","product_category-headline_p2":"- - Natural Elegance & Superior Acoustics","product_category-introduction":"<strong>Chcete prinies\u0165 silu pr\u00edrody do svojho priestoru? Kamenn\u00e9 akustick\u00e9 panely od Denpanels s\u00fa pokryt\u00e9 autentick\u00fdm himal\u00e1jskym kame\u0148om, ktor\u00fd prid\u00e1va surov\u00fa kr\u00e1su a nad\u010dasov\u00fa eleganciu ka\u017ed\u00e9mu interi\u00e9ru. Ka\u017ed\u00fd panel je jedine\u010dn\u00fd, nes\u00faci pr\u00edrodn\u00e9 text\u00fary a charakter formovan\u00fd \u010dasom a \u017eivlami.<\/strong>\r\n\r\n<ul>\r\n    <li><strong>Skuto\u010dn\u00fd himal\u00e1jsky kamenn\u00fd povrch<\/strong> \u2013 bohat\u00e9 text\u00fary a pr\u00edrodn\u00e9 vari\u00e1cie.<\/li>\r\n    <li><strong>Vytvoren\u00e9 s prec\u00edznos\u0165ou<\/strong> \u2013 ultratenk\u00e1 kamenn\u00e1 dyha odborne montovan\u00e1 na \u010dierne MDF.<\/li>\r\n    <li><strong>Bez\u0161vov\u00fd dizajn<\/strong> \u2013 \u0161trukt\u00farovan\u00e9 tak, aby sa perfektne zarovnali medzi dvoma panelmi a vytvorili s\u00favisl\u00fd vzh\u013ead.<\/li>\r\n    <li><strong>V\u00fdnimo\u010dn\u00e1 absorpcia zvuku<\/strong> \u2013 zlep\u0161uje akustiku a z\u00e1rove\u0148 zachov\u00e1va odv\u00e1\u017eny estetick\u00fd vzh\u013ead.<\/li>\r\n    <li><strong>Udr\u017eate\u013en\u00e9 materi\u00e1ly<\/strong> \u2013 akustick\u00e1 z\u00e1klad\u0148a vyroben\u00e1 aspo\u0148 z 50 % recyklovan\u00e9ho plastu.<\/li>\r\n    <li><strong>Vysokokvalitn\u00fd d\u00e1nsky dizajn<\/strong> \u2013 sp\u00e1janie pr\u00edrodnej kr\u00e1sy s modernou inov\u00e1ciou.<\/li>\r\n<\/ul>\r\n\r\nIn\u0161pirovan\u00e9 majest\u00e1tnymi krajinami Himal\u00e1j\u00ed, tieto panely s\u00fa viac ne\u017e len vizu\u00e1lny prvok \u2013 vytv\u00e1raj\u00fa pokojn\u00fa, pr\u00edvetiv\u00fa atmosf\u00e9ru t\u00fdm, \u017ee zni\u017euj\u00fa hluk a zlep\u0161uj\u00fa akustiku.\r\n\r\n<i>Prineste pr\u00edrodu do interi\u00e9ru. Pozdvihnite svoj priestor. Za\u017eite prav\u00fa eleganciu.<\/i>","product_category-highlighted_media":26137,"product_category-cta":{"product_category_cta":null},"comparrison_image":"","product_category-some_of_our_combinations":25798,"hero-media":[26137],"hero-h1":"Kamenn\u00e9 panely","hero-sub_header":""},"_links":{"self":[{"href":"https:\/\/denpanels.com\/sk\/wp-json\/wp\/v2\/pages\/26131","targetHints":{"allow":["GET"]}}],"collection":[{"href":"https:\/\/denpanels.com\/sk\/wp-json\/wp\/v2\/pages"}],"about":[{"href":"https:\/\/denpanels.com\/sk\/wp-json\/wp\/v2\/types\/page"}],"author":[{"embeddable":true,"href":"https:\/\/denpanels.com\/sk\/wp-json\/wp\/v2\/users\/3"}],"replies":[{"embeddable":true,"href":"https:\/\/denpanels.com\/sk\/wp-json\/wp\/v2\/comments?post=26131"}],"version-history":[{"count":5,"href":"https:\/\/denpanels.com\/sk\/wp-json\/wp\/v2\/pages\/26131\/revisions"}],"predecessor-version":[{"id":29643,"href":"https:\/\/denpanels.com\/sk\/wp-json\/wp\/v2\/pages\/26131\/revisions\/29643"}],"up":[{"embeddable":true,"href":"https:\/\/denpanels.com\/sk\/wp-json\/wp\/v2\/pages\/26185"}],"acf:attachment":[{"embeddable":true,"href":"https:\/\/denpanels.com\/sk\/wp-json\/wp\/v2\/media\/26137"}],"acf:post":[{"embeddable":true,"href":"https:\/\/denpanels.com\/sk\/wp-json\/wp\/v2\/translation\/25798"}],"acf:term":[{"embeddable":true,"taxonomy":"product-category","href":"https:\/\/denpanels.com\/sk\/wp-json\/wp\/v2\/product-category\/724"}],"wp:attachment":[{"href":"https:\/\/denpanels.com\/sk\/wp-json\/wp\/v2\/media?parent=26131"}],"wp:term":[{"taxonomy":"page-section","embeddable":true,"href":"https:\/\/denpanels.com\/sk\/wp-json\/wp\/v2\/page-section?post=26131"},{"taxonomy":"page-template","embeddable":true,"href":"https:\/\/denpanels.com\/sk\/wp-json\/wp\/v2\/page-template?post=26131"}],"curies":[{"name":"wp","href":"https:\/\/api.w.org\/{rel}","templated":true}]}}