{"id":26107,"date":"2024-06-06T13:48:02","date_gmt":"2024-06-06T11:48:02","guid":{"rendered":"https:\/\/denpanels.com\/lux\/"},"modified":"2025-03-19T10:24:33","modified_gmt":"2025-03-19T09:24:33","slug":"lux-panely","status":"publish","type":"page","link":"https:\/\/denpanels.com\/sk\/panely\/lux-panely\/","title":{"rendered":"LUX panely"},"content":{"rendered":"","protected":false},"excerpt":{"rendered":"","protected":false},"author":3,"featured_media":0,"parent":26185,"menu_order":5,"comment_status":"closed","ping_status":"closed","template":"","meta":{"_acf_changed":false,"footnotes":""},"page-section":[535,533,524,525,528,526,534],"page-template":[541],"class_list":["post-26107","page","type-page","status-publish","hentry","page-section-category-options","page-section-certificates","page-section-datasheet","page-section-hero","page-section-megamenu","page-section-product-category","page-section-the-panels-construction","page-template-category-lux"],"acf":{"product_category-selected":719,"product_category-headline_p1":"LUX akustick\u00e9 panely","product_category-headline_p2":"Exkluz\u00edvny dizajn a vynikaj\u00faca akustika","product_category-introduction":"<strong>Sn\u00e1\u010f sn\u00edvate o \u0161t\u00fdlovom a harmonickom priestore? LUX akustick\u00e9 panely kombinuj\u00fa eleganciu a funk\u010dnos\u0165, so 40 mm \u0161irok\u00fdmi li\u0161tami, ktor\u00e9 vytv\u00e1raj\u00fa pokojn\u00fd, vycibren\u00fd povrch a prid\u00e1vaj\u00fa prirodzen\u00fa, sofistikovan\u00fa estetiku.<\/strong>\r\n\r\n<ul>\r\n    <li><strong>Prin\u00e1\u0161a eleganciu a pokoj<\/strong> \u2013 \u0161ir\u0161ie li\u0161ty pre vyv\u00e1\u017een\u00fd vzh\u013ead.<\/li>\r\n    <li><strong>Dreven\u00e1 dyha na troch stran\u00e1ch<\/strong> \u2013 pr\u00e9miov\u00e1 a bez\u0161vov\u00e1 povrchov\u00e1 \u00faprava.<\/li>\r\n    <li><strong>\u00da\u010dinn\u00e1 absorpcia zvuku<\/strong> \u2013 zni\u017euje hluk a zlep\u0161uje akustiku.<\/li>\r\n    <li><strong>FSC\u2122 certifikovan\u00e9 materi\u00e1ly<\/strong> \u2013 zodpovedne z\u00edskan\u00e9 drevo.<\/li>\r\n    <li><strong>Udr\u017eate\u013en\u00e1 kon\u0161trukcia<\/strong> \u2013 akustick\u00e1 pls\u0165 vyroben\u00e1 aspo\u0148 z 50 % recyklovan\u00e9ho plastu.<\/li>\r\n<\/ul>\r\n\r\nJedine\u010dn\u00e1 kombin\u00e1cia dreven\u00fdch li\u0161t a akustickej polyesterovej plsti zabezpe\u010duje v\u00fdrazn\u00e9 zlep\u0161enie akustiky, v\u010faka \u010domu s\u00fa LUX panely ide\u00e1lne pre dom\u00e1cnosti, kancel\u00e1rie a verejn\u00e9 priestory.\r\n\r\n<i>Exkluz\u00edvny dizajn. Lep\u0161ia akustika. Prirodzen\u00e1 kvalita.<\/i>","product_category-highlighted_media":26126,"product_category-cta":{"product_category_cta":null},"comparrison_image":null,"product_category-some_of_our_combinations":25798,"hero-media":[26128,26127],"hero-h1":"LUX panely","hero-sub_header":""},"_links":{"self":[{"href":"https:\/\/denpanels.com\/sk\/wp-json\/wp\/v2\/pages\/26107","targetHints":{"allow":["GET"]}}],"collection":[{"href":"https:\/\/denpanels.com\/sk\/wp-json\/wp\/v2\/pages"}],"about":[{"href":"https:\/\/denpanels.com\/sk\/wp-json\/wp\/v2\/types\/page"}],"author":[{"embeddable":true,"href":"https:\/\/denpanels.com\/sk\/wp-json\/wp\/v2\/users\/3"}],"replies":[{"embeddable":true,"href":"https:\/\/denpanels.com\/sk\/wp-json\/wp\/v2\/comments?post=26107"}],"version-history":[{"count":3,"href":"https:\/\/denpanels.com\/sk\/wp-json\/wp\/v2\/pages\/26107\/revisions"}],"predecessor-version":[{"id":26130,"href":"https:\/\/denpanels.com\/sk\/wp-json\/wp\/v2\/pages\/26107\/revisions\/26130"}],"up":[{"embeddable":true,"href":"https:\/\/denpanels.com\/sk\/wp-json\/wp\/v2\/pages\/26185"}],"acf:attachment":[{"embeddable":true,"href":"https:\/\/denpanels.com\/sk\/wp-json\/wp\/v2\/media\/26127"},{"embeddable":true,"href":"https:\/\/denpanels.com\/sk\/wp-json\/wp\/v2\/media\/26128"}],"acf:post":[{"embeddable":true,"href":"https:\/\/denpanels.com\/sk\/wp-json\/wp\/v2\/translation\/25798"}],"acf:term":[{"embeddable":true,"taxonomy":"product-category","href":"https:\/\/denpanels.com\/sk\/wp-json\/wp\/v2\/product-category\/719"}],"wp:attachment":[{"href":"https:\/\/denpanels.com\/sk\/wp-json\/wp\/v2\/media?parent=26107"}],"wp:term":[{"taxonomy":"page-section","embeddable":true,"href":"https:\/\/denpanels.com\/sk\/wp-json\/wp\/v2\/page-section?post=26107"},{"taxonomy":"page-template","embeddable":true,"href":"https:\/\/denpanels.com\/sk\/wp-json\/wp\/v2\/page-template?post=26107"}],"curies":[{"name":"wp","href":"https:\/\/api.w.org\/{rel}","templated":true}]}}