{"id":26082,"date":"2024-06-06T13:47:44","date_gmt":"2024-06-06T11:47:44","guid":{"rendered":"https:\/\/denpanels.com\/linoleum\/"},"modified":"2025-03-19T10:14:16","modified_gmt":"2025-03-19T09:14:16","slug":"linoleove-panely","status":"publish","type":"page","link":"https:\/\/denpanels.com\/sk\/panely\/linoleove-panely\/","title":{"rendered":"Linoleov\u00e9 panely"},"content":{"rendered":"","protected":false},"excerpt":{"rendered":"","protected":false},"author":3,"featured_media":0,"parent":26185,"menu_order":9,"comment_status":"closed","ping_status":"closed","template":"","meta":{"_acf_changed":false,"footnotes":""},"page-section":[535,533,524,525,528,526,534],"page-template":[540],"class_list":["post-26082","page","type-page","status-publish","hentry","page-section-category-options","page-section-certificates","page-section-datasheet","page-section-hero","page-section-megamenu","page-section-product-category","page-section-the-panels-construction","page-template-category-linoleum"],"acf":{"product_category-selected":718,"product_category-headline_p1":"Linoleov\u00e9 akustick\u00e9 panely","product_category-headline_p2":"\u2013 Jemn\u00e1 elegancia a vynikaj\u00faca akustika","product_category-introduction":"<strong>H\u013ead\u00e1te sofistikovan\u00e9 a funk\u010dn\u00e9 rie\u0161enie pre steny? Linoleov\u00e9 akustick\u00e9 panely od Denpanels kombinuj\u00fa pr\u00edrodn\u00fa kr\u00e1su, akustick\u00fd komfort a praktick\u00fa \u00fadr\u017ebu, \u010do v\u00e1m umo\u017e\u0148uje vytvori\u0165 harmonick\u00fd a \u0161t\u00fdlov\u00fd interi\u00e9r.<\/strong>\r\n\r\n<ul>\r\n    <li><strong>Jemn\u00fd, matn\u00fd povrch<\/strong> \u2013 prid\u00e1va eleganciu a teplo do ka\u017ed\u00e9ho priestoru.<\/li>\r\n    <li><strong>\u0160irok\u00e1 \u0161k\u00e1la farieb<\/strong> \u2013 20 \u0161t\u00fdlov\u00fdch odtie\u0148ov, ktor\u00e9 sa hodia do ka\u017ed\u00e9ho interi\u00e9ru.<\/li>\r\n    <li><strong>Pr\u00edrodn\u00fd a antistatick\u00fd materi\u00e1l<\/strong> \u2013 \u013eahko sa \u010dist\u00ed a odol\u00e1va prachu a ne\u010distot\u00e1m.<\/li>\r\n    <li><strong>\u00da\u010dinn\u00e1 absorpcia zvuku<\/strong> \u2013 zni\u017euje hluk a zlep\u0161uje akustiku v s\u00fakromn\u00fdch aj profesion\u00e1lnych prostrediach.<\/li>\r\n<\/ul>\r\n\r\nNa\u0161e linoleov\u00e9 panely s\u00fa trv\u00e1cnym a udr\u017eate\u013en\u00fdm rie\u0161en\u00edm, ktor\u00e9 zlep\u0161uje vn\u00fatorn\u00e9 prostredie a estetiku. Ide\u00e1lne pre t\u00fdch, ktor\u00ed chc\u00fa elegantn\u00fd vzh\u013ead bez kompromisov v funkcionalite.\r\n\r\n<i>Timeless design. Enhanced acoustics. Natural quality.<\/i>","product_category-highlighted_media":26100,"product_category-cta":{"product_category_cta":null},"comparrison_image":null,"product_category-some_of_our_combinations":25798,"hero-media":[26104],"hero-h1":"Linoleov\u00e9 panely","hero-sub_header":""},"_links":{"self":[{"href":"https:\/\/denpanels.com\/sk\/wp-json\/wp\/v2\/pages\/26082","targetHints":{"allow":["GET"]}}],"collection":[{"href":"https:\/\/denpanels.com\/sk\/wp-json\/wp\/v2\/pages"}],"about":[{"href":"https:\/\/denpanels.com\/sk\/wp-json\/wp\/v2\/types\/page"}],"author":[{"embeddable":true,"href":"https:\/\/denpanels.com\/sk\/wp-json\/wp\/v2\/users\/3"}],"replies":[{"embeddable":true,"href":"https:\/\/denpanels.com\/sk\/wp-json\/wp\/v2\/comments?post=26082"}],"version-history":[{"count":3,"href":"https:\/\/denpanels.com\/sk\/wp-json\/wp\/v2\/pages\/26082\/revisions"}],"predecessor-version":[{"id":26106,"href":"https:\/\/denpanels.com\/sk\/wp-json\/wp\/v2\/pages\/26082\/revisions\/26106"}],"up":[{"embeddable":true,"href":"https:\/\/denpanels.com\/sk\/wp-json\/wp\/v2\/pages\/26185"}],"acf:attachment":[{"embeddable":true,"href":"https:\/\/denpanels.com\/sk\/wp-json\/wp\/v2\/media\/26104"}],"acf:post":[{"embeddable":true,"href":"https:\/\/denpanels.com\/sk\/wp-json\/wp\/v2\/translation\/25798"}],"acf:term":[{"embeddable":true,"taxonomy":"product-category","href":"https:\/\/denpanels.com\/sk\/wp-json\/wp\/v2\/product-category\/718"}],"wp:attachment":[{"href":"https:\/\/denpanels.com\/sk\/wp-json\/wp\/v2\/media?parent=26082"}],"wp:term":[{"taxonomy":"page-section","embeddable":true,"href":"https:\/\/denpanels.com\/sk\/wp-json\/wp\/v2\/page-section?post=26082"},{"taxonomy":"page-template","embeddable":true,"href":"https:\/\/denpanels.com\/sk\/wp-json\/wp\/v2\/page-template?post=26082"}],"curies":[{"name":"wp","href":"https:\/\/api.w.org\/{rel}","templated":true}]}}