{"id":26052,"date":"2024-06-06T13:48:20","date_gmt":"2024-06-06T11:48:20","guid":{"rendered":"https:\/\/denpanels.com\/raw\/"},"modified":"2025-08-13T11:51:54","modified_gmt":"2025-08-13T09:51:54","slug":"raw-panely","status":"publish","type":"page","link":"https:\/\/denpanels.com\/sk\/panely\/raw-panely\/","title":{"rendered":"RAW panely"},"content":{"rendered":"","protected":false},"excerpt":{"rendered":"","protected":false},"author":3,"featured_media":0,"parent":26185,"menu_order":6,"comment_status":"closed","ping_status":"closed","template":"","meta":{"_acf_changed":false,"footnotes":""},"page-section":[535,533,524,525,528,526,534],"page-template":[470],"class_list":["post-26052","page","type-page","status-publish","hentry","page-section-category-options","page-section-certificates","page-section-datasheet","page-section-hero","page-section-megamenu","page-section-product-category","page-section-the-panels-construction","page-template-raw"],"acf":{"product_category-selected":717,"product_category-headline_p1":"RAW akustick\u00e9 panely","product_category-headline_p2":"Uvo\u013enite svoju kreativitu","product_category-introduction":"<strong>Chcete vytvori\u0165 skuto\u010dne jedine\u010dn\u00fd a personalizovan\u00fd priestor? RAW akustick\u00e9 panely v\u00e1m d\u00e1vaj\u00fa slobodu prisp\u00f4sobi\u0165 si steny presne pod\u013ea va\u0161ich predst\u00e1v. Dod\u00e1van\u00e9 bez drevenej dyhy, tieto panely s\u00fa pripraven\u00e9 na natretie, o\u0161etrenie pr\u00edrodn\u00fdm olejom alebo ich m\u00f4\u017eete necha\u0165 neo\u0161etren\u00e9 pre surov\u00fd, priemyseln\u00fd vzh\u013ead. \u010ci u\u017e ste nad\u0161enec DIY projektov alebo jednoducho chcete jedine\u010dn\u00fd interi\u00e9r, RAW panely v\u00e1m umo\u017e\u0148uj\u00fa \u00fapln\u00fa kontrolu nad va\u0161\u00edm dizajnom.<\/strong>\r\n\r\n<ul>\r\n    <li><strong>Ide\u00e1lne pre DIY projekty<\/strong> \u2013 natrite, o\u0161etrite olejom alebo nechajte pr\u00edrodn\u00e9 pre v\u00fdrazn\u00fd, surov\u00fd estetick\u00fd vzh\u013ead.<\/li>\r\n    <li><strong>Vynikaj\u00faca absorpcia zvuku<\/strong> \u2013 zni\u017euje ozvenu a zlep\u0161uje akustiku v akomko\u013evek priestore.<\/li>\r\n    <li><strong>Udr\u017eate\u013en\u00e9 materi\u00e1ly<\/strong> \u2013 vyroben\u00e9 z FSC\u2122 certifikovan\u00fdch MDF l\u00ed\u0161t na akustickej PET plsti, ktor\u00e1 obsahuje najmenej 50% recyklovan\u00e9ho plastu.<\/li>\r\n    <li><strong>Profesion\u00e1lna dokument\u00e1cia<\/strong> \u2013 LCA certifik\u00e1cia a podpora DGNB, LEED a BREEAM certifik\u00e1ci\u00ed pre udr\u017eate\u013en\u00fa v\u00fdstavbu.<\/li>\r\n<\/ul>\r\n\r\nS RAW akustick\u00fdmi panelmi z\u00edskate v\u0161estrann\u00e9, kvalitn\u00e9 rie\u0161enie, ktor\u00e9 nielen vylep\u0161\u00ed v\u00e1\u0161 priestor, ale aj zlep\u0161\u00ed akustiku a prispeje k zodpovedn\u00fdm stavebn\u00fdm postupom.\r\n\r\n<i>Prisp\u00f4sobte si. Absorbujte zvuk. Vytvorte nie\u010do jedine\u010dn\u00e9.<\/i>","product_category-highlighted_media":26060,"product_category-cta":{"product_category_cta":null},"comparrison_image":"","product_category-some_of_our_combinations":25798,"hero-media":[28528],"hero-h1":"RAW panely","hero-sub_header":""},"_links":{"self":[{"href":"https:\/\/denpanels.com\/sk\/wp-json\/wp\/v2\/pages\/26052","targetHints":{"allow":["GET"]}}],"collection":[{"href":"https:\/\/denpanels.com\/sk\/wp-json\/wp\/v2\/pages"}],"about":[{"href":"https:\/\/denpanels.com\/sk\/wp-json\/wp\/v2\/types\/page"}],"author":[{"embeddable":true,"href":"https:\/\/denpanels.com\/sk\/wp-json\/wp\/v2\/users\/3"}],"replies":[{"embeddable":true,"href":"https:\/\/denpanels.com\/sk\/wp-json\/wp\/v2\/comments?post=26052"}],"version-history":[{"count":4,"href":"https:\/\/denpanels.com\/sk\/wp-json\/wp\/v2\/pages\/26052\/revisions"}],"predecessor-version":[{"id":30112,"href":"https:\/\/denpanels.com\/sk\/wp-json\/wp\/v2\/pages\/26052\/revisions\/30112"}],"up":[{"embeddable":true,"href":"https:\/\/denpanels.com\/sk\/wp-json\/wp\/v2\/pages\/26185"}],"acf:attachment":[{"embeddable":true,"href":"https:\/\/denpanels.com\/sk\/wp-json\/wp\/v2\/media\/28528"}],"acf:post":[{"embeddable":true,"href":"https:\/\/denpanels.com\/sk\/wp-json\/wp\/v2\/translation\/25798"}],"acf:term":[{"embeddable":true,"taxonomy":"product-category","href":"https:\/\/denpanels.com\/sk\/wp-json\/wp\/v2\/product-category\/717"}],"wp:attachment":[{"href":"https:\/\/denpanels.com\/sk\/wp-json\/wp\/v2\/media?parent=26052"}],"wp:term":[{"taxonomy":"page-section","embeddable":true,"href":"https:\/\/denpanels.com\/sk\/wp-json\/wp\/v2\/page-section?post=26052"},{"taxonomy":"page-template","embeddable":true,"href":"https:\/\/denpanels.com\/sk\/wp-json\/wp\/v2\/page-template?post=26052"}],"curies":[{"name":"wp","href":"https:\/\/api.w.org\/{rel}","templated":true}]}}