{"id":26018,"date":"2024-06-06T13:47:19","date_gmt":"2024-06-06T11:47:19","guid":{"rendered":"https:\/\/denpanels.com\/laminate\/"},"modified":"2025-03-19T10:00:22","modified_gmt":"2025-03-19T09:00:22","slug":"laminatove-panely","status":"publish","type":"page","link":"https:\/\/denpanels.com\/sk\/panely\/laminatove-panely\/","title":{"rendered":"Lamin\u00e1tov\u00e9 panely"},"content":{"rendered":"","protected":false},"excerpt":{"rendered":"","protected":false},"author":3,"featured_media":0,"parent":26185,"menu_order":8,"comment_status":"closed","ping_status":"closed","template":"","meta":{"_acf_changed":false,"footnotes":""},"page-section":[535,524,525,528,526,534],"page-template":[479],"class_list":["post-26018","page","type-page","status-publish","hentry","page-section-category-options","page-section-datasheet","page-section-hero","page-section-megamenu","page-section-product-category","page-section-the-panels-construction","page-template-laminat"],"acf":{"product_category-selected":714,"product_category-headline_p1":"Lamin\u00e1tov\u00e9 panely","product_category-headline_p2":"- Pr\u00edrodn\u00fd vzh\u013ead, minim\u00e1lna \u00fadr\u017eba","product_category-introduction":"<strong>H\u013ead\u00e1te \u0161t\u00fdlov\u00e9 a praktick\u00e9 rie\u0161enie pre steny? S lamin\u00e1tov\u00fdmi panelmi od Denpanels z\u00edskate realistick\u00fd vzh\u013ead pr\u00edrodn\u00fdch materi\u00e1lov ako kame\u0148 a mramor \u2013 bez zbyto\u010dn\u00fdch komplik\u00e1ci\u00ed.<\/strong>\r\n\r\n<ul>\r\n    <li><strong>Autentick\u00fd dizajn<\/strong> \u2013 detailn\u00e9 text\u00fary a h\u013abka.<\/li>\r\n    <li><strong>N\u00edzk\u00e1 \u00fadr\u017eba<\/strong> \u2013 odoln\u00e9 proti odtla\u010dkom prstov a ne\u010distot\u00e1m.<\/li>\r\n    <li><strong>Vylep\u0161en\u00e1 akustika<\/strong> \u2013 zni\u017euje hluk a ozvenu pre pokojn\u00fd priestor.<\/li>\r\n    <li><strong>Odoln\u00e9 a praktick\u00e9<\/strong> \u2013 ide\u00e1lne pre dom\u00e1cnosti, kancel\u00e1rie a verejn\u00e9 priestory.<\/li>\r\n    <li><strong>D\u00e1nsky dizajn a vysok\u00e1 kvalita<\/strong> \u2013 sp\u00e1ja estetiku s funk\u010dnos\u0165ou.<\/li>\r\n<\/ul>\r\n\r\nLamin\u00e1tov\u00e9 panely poskytuj\u00fa elegantn\u00fd vzh\u013ead kame\u0148a alebo mramoru v cenovo efekt\u00edvnej\u0161om a \u013eahko udr\u017eiavate\u013enom rie\u0161en\u00ed \u2013 ide\u00e1lne pre ru\u0161n\u00e9 dom\u00e1cnosti a profesion\u00e1lne prostredia.\r\n\r\n<i>Timeless design. Minimal upkeep. Maximum impact.<\/i>","product_category-highlighted_media":26041,"product_category-cta":{"product_category_cta":null},"comparrison_image":null,"product_category-some_of_our_combinations":25798,"hero-media":[26042],"hero-h1":"Lamin\u00e1tov\u00e9 panely","hero-sub_header":""},"_links":{"self":[{"href":"https:\/\/denpanels.com\/sk\/wp-json\/wp\/v2\/pages\/26018","targetHints":{"allow":["GET"]}}],"collection":[{"href":"https:\/\/denpanels.com\/sk\/wp-json\/wp\/v2\/pages"}],"about":[{"href":"https:\/\/denpanels.com\/sk\/wp-json\/wp\/v2\/types\/page"}],"author":[{"embeddable":true,"href":"https:\/\/denpanels.com\/sk\/wp-json\/wp\/v2\/users\/3"}],"replies":[{"embeddable":true,"href":"https:\/\/denpanels.com\/sk\/wp-json\/wp\/v2\/comments?post=26018"}],"version-history":[{"count":3,"href":"https:\/\/denpanels.com\/sk\/wp-json\/wp\/v2\/pages\/26018\/revisions"}],"predecessor-version":[{"id":26044,"href":"https:\/\/denpanels.com\/sk\/wp-json\/wp\/v2\/pages\/26018\/revisions\/26044"}],"up":[{"embeddable":true,"href":"https:\/\/denpanels.com\/sk\/wp-json\/wp\/v2\/pages\/26185"}],"acf:attachment":[{"embeddable":true,"href":"https:\/\/denpanels.com\/sk\/wp-json\/wp\/v2\/media\/26042"}],"acf:post":[{"embeddable":true,"href":"https:\/\/denpanels.com\/sk\/wp-json\/wp\/v2\/translation\/25798"}],"acf:term":[{"embeddable":true,"taxonomy":"product-category","href":"https:\/\/denpanels.com\/sk\/wp-json\/wp\/v2\/product-category\/714"}],"wp:attachment":[{"href":"https:\/\/denpanels.com\/sk\/wp-json\/wp\/v2\/media?parent=26018"}],"wp:term":[{"taxonomy":"page-section","embeddable":true,"href":"https:\/\/denpanels.com\/sk\/wp-json\/wp\/v2\/page-section?post=26018"},{"taxonomy":"page-template","embeddable":true,"href":"https:\/\/denpanels.com\/sk\/wp-json\/wp\/v2\/page-template?post=26018"}],"curies":[{"name":"wp","href":"https:\/\/api.w.org\/{rel}","templated":true}]}}