{"id":25998,"date":"2024-06-06T13:46:15","date_gmt":"2024-06-06T11:46:15","guid":{"rendered":"https:\/\/denpanels.com\/foiled\/"},"modified":"2025-03-19T09:54:13","modified_gmt":"2025-03-19T08:54:13","slug":"panely-s-foliou","status":"publish","type":"page","link":"https:\/\/denpanels.com\/sk\/panely\/panely-s-foliou\/","title":{"rendered":"Panely s f\u00f3liou"},"content":{"rendered":"","protected":false},"excerpt":{"rendered":"","protected":false},"author":3,"featured_media":0,"parent":26185,"menu_order":7,"comment_status":"closed","ping_status":"closed","template":"","meta":{"_acf_changed":false,"footnotes":""},"page-section":[535,524,525,530,528,526,534],"page-template":[539],"class_list":["post-25998","page","type-page","status-publish","hentry","page-section-category-options","page-section-datasheet","page-section-hero","page-section-main-category","page-section-megamenu","page-section-product-category","page-section-the-panels-construction","page-template-category-foiled"],"acf":{"product_category-selected":723,"product_category-headline_p1":"Akustick\u00e9 panely s f\u00f3liou","product_category-headline_p2":"- Modern\u00e1 elegancia","product_category-introduction":"<strong>H\u013ead\u00e1te elegantn\u00e9 a n\u00edzko\u00fadr\u017ebov\u00e9 rie\u0161enie pre steny, ktor\u00e9 zlep\u0161\u00ed dizajn aj akustiku? Akustick\u00e9 panely s f\u00f3liou pon\u00fakaj\u00fa rafinovan\u00fd a jednotn\u00fd vzh\u013ead, pri\u010dom efekt\u00edvne zlep\u0161uj\u00fa kvalitu zvuku vo va\u0161om dome alebo pracovnom priestore.<\/strong>\r\n\r\n<ul>\r\n    <li><strong>\u0160irok\u00fd v\u00fdber farieb a \u0161t\u00fdlov<\/strong> \u2013 jednoducho zlad\u00edte s va\u0161ou v\u00edziou.<\/li>\r\n    <li><strong>F\u00f3lia obalen\u00e1 na v\u0161etk\u00fdch troch vidite\u013en\u00fdch stran\u00e1ch<\/strong> \u2013 pre bez\u0161vov\u00fd a exkluz\u00edvny povrch.<\/li>\r\n    <li><strong>Odoln\u00e9 a \u013eahko sa \u010dist\u00ed<\/strong> \u2013 dlhodob\u00e9 rie\u0161enie s minim\u00e1lnou \u00fadr\u017ebou.<\/li>\r\n    <li><strong>Navrhnut\u00e9 pre lep\u0161iu akustiku<\/strong> \u2013 zni\u017euje hluk a ozvenu pre pokojnej\u0161iu atmosf\u00e9ru.<\/li>\r\n    <li><strong>D\u00e1nsky dizajn<\/strong> \u2013 vytvoren\u00e9 s d\u00f4razom na estetiku a funk\u010dnos\u0165.<\/li>\r\n<\/ul>\r\n\r\nS pevn\u00fdm a sofistikovan\u00fdm vzh\u013eadom tieto panely prin\u00e1\u0161aj\u00fa teplo a \u0161t\u00fdl do ka\u017ed\u00e9ho interi\u00e9ru \u2013 bez prirodzen\u00fdch vari\u00e1ci\u00ed dreva, \u010d\u00edm zabezpe\u010duj\u00fa konzistentn\u00fd a leskl\u00fd povrch.\r\n\r\n<i>Vylep\u0161ite svoj priestor akustick\u00fdmi panelmi s f\u00f3liou \u2013 jednoduch\u00fd sp\u00f4sob, ako dosiahnu\u0165 nad\u010dasov\u00fa eleganciu a vynikaj\u00faci zvukov\u00fd komfort.<\/i>","product_category-highlighted_media":26015,"product_category-cta":{"product_category_cta":null},"comparrison_image":null,"product_category-some_of_our_combinations":25798,"hero-media":[26013],"hero-h1":"Panely s f\u00f3liou","hero-sub_header":""},"_links":{"self":[{"href":"https:\/\/denpanels.com\/sk\/wp-json\/wp\/v2\/pages\/25998","targetHints":{"allow":["GET"]}}],"collection":[{"href":"https:\/\/denpanels.com\/sk\/wp-json\/wp\/v2\/pages"}],"about":[{"href":"https:\/\/denpanels.com\/sk\/wp-json\/wp\/v2\/types\/page"}],"author":[{"embeddable":true,"href":"https:\/\/denpanels.com\/sk\/wp-json\/wp\/v2\/users\/3"}],"replies":[{"embeddable":true,"href":"https:\/\/denpanels.com\/sk\/wp-json\/wp\/v2\/comments?post=25998"}],"version-history":[{"count":3,"href":"https:\/\/denpanels.com\/sk\/wp-json\/wp\/v2\/pages\/25998\/revisions"}],"predecessor-version":[{"id":26017,"href":"https:\/\/denpanels.com\/sk\/wp-json\/wp\/v2\/pages\/25998\/revisions\/26017"}],"up":[{"embeddable":true,"href":"https:\/\/denpanels.com\/sk\/wp-json\/wp\/v2\/pages\/26185"}],"acf:attachment":[{"embeddable":true,"href":"https:\/\/denpanels.com\/sk\/wp-json\/wp\/v2\/media\/26013"}],"acf:post":[{"embeddable":true,"href":"https:\/\/denpanels.com\/sk\/wp-json\/wp\/v2\/translation\/25798"}],"acf:term":[{"embeddable":true,"taxonomy":"product-category","href":"https:\/\/denpanels.com\/sk\/wp-json\/wp\/v2\/product-category\/723"}],"wp:attachment":[{"href":"https:\/\/denpanels.com\/sk\/wp-json\/wp\/v2\/media?parent=25998"}],"wp:term":[{"taxonomy":"page-section","embeddable":true,"href":"https:\/\/denpanels.com\/sk\/wp-json\/wp\/v2\/page-section?post=25998"},{"taxonomy":"page-template","embeddable":true,"href":"https:\/\/denpanels.com\/sk\/wp-json\/wp\/v2\/page-template?post=25998"}],"curies":[{"name":"wp","href":"https:\/\/api.w.org\/{rel}","templated":true}]}}