{"id":25958,"date":"2024-06-03T12:02:55","date_gmt":"2024-06-03T10:02:55","guid":{"rendered":"https:\/\/denpanels.com\/wood\/"},"modified":"2026-03-24T15:47:58","modified_gmt":"2026-03-24T14:47:58","slug":"drevene-panely","status":"publish","type":"page","link":"https:\/\/denpanels.com\/sk\/panely\/drevene-panely\/","title":{"rendered":"Dreven\u00e9 panely"},"content":{"rendered":"","protected":false},"excerpt":{"rendered":"","protected":false},"author":1,"featured_media":0,"parent":26185,"menu_order":1,"comment_status":"closed","ping_status":"closed","template":"","meta":{"_acf_changed":false,"footnotes":""},"page-section":[535,533,536,524,525,529,528,526,534],"page-template":[480],"class_list":["post-25958","page","type-page","status-publish","hentry","page-section-category-options","page-section-certificates","page-section-content-blocks","page-section-datasheet","page-section-hero","page-section-highlighted-inspiration","page-section-megamenu","page-section-product-category","page-section-the-panels-construction","page-template-wood-panels"],"acf":{"product_category-selected":716,"product_category-headline_p1":"Dreven\u00e9 panely","product_category-headline_p2":"Preme\u0148te svoj priestor s pr\u00edrodnou kr\u00e1sou","product_category-introduction":"<strong> Chcete vytvori\u0165 priestor, ktor\u00fd bude nielen kr\u00e1sny, ale aj pohodln\u00fd? Dreven\u00e9 panely od Denpanels pon\u00fakaj\u00fa pr\u00edrodn\u00e9 a \u0161t\u00fdlov\u00e9 rie\u0161enie, ktor\u00e9 vylep\u0161uje v\u00e1\u0161 interi\u00e9r a akustiku miestnosti.<\/strong>\r\n\r\n<ul>\r\n    <li><strong> Prineste pr\u00edrodu do svojho domova<\/strong> \u2013 vytvorte tepl\u00fa a poz\u00fdvaj\u00facu atmosf\u00e9ru.<\/li>\r\n    <li><strong> Nordic Swan Ecolabel & ekologick\u00e1 vo\u013eba<\/strong> \u2013 vedom\u00e9 rozhodnutie pre v\u00e1s aj pre \u017eivotn\u00e9 prostredie.<\/li>\r\n    <li><strong> Pr\u00edrodn\u00e9 dreven\u00e9 povrchy<\/strong> \u2013 skuto\u010dn\u00e1 dreven\u00e1 dyha, ktor\u00e1 prid\u00e1va eleganciu a h\u013abku.<\/li>\r\n    <li><strong> Udr\u017eate\u013en\u00e9 & FSC\u2122 certifikovan\u00e9 drevo<\/strong> \u2013 zodpovedne z\u00edskan\u00e9 a trv\u00e1cne materi\u00e1ly.<\/li>\r\n    <li><strong> Vysokokvalitn\u00fd d\u00e1nsky dizajn<\/strong> \u2013 vytvoren\u00e9 s d\u00f4razom na estetiku aj funk\u010dnos\u0165.<\/li>\r\n<\/ul>\r\n\r\nNa\u0161e dreven\u00e9 panely s\u00fa navrhnut\u00e9 tak, aby pohlcovali zvuk a zni\u017eovali reverber\u00e1ciu, \u010d\u00edm vytv\u00e1raj\u00fa pokojnej\u0161ie a pohodlnej\u0161ie akustick\u00e9 prostredie \u2013 ide\u00e1lne pre dom\u00e1cnosti, kancel\u00e1rie a verejn\u00e9 priestory.\r\n\r\n<strong>Jednoduch\u00e1 in\u0161tal\u00e1cia, ohromuj\u00faci dizajn a akustika, ktor\u00fa m\u00f4\u017eete poc\u00edti\u0165.<\/strong>\r\n\r\n*Vyroben\u00e9 z kompozitn\u00e9ho dreva, aby bol zaru\u010den\u00fd jednotn\u00fd vzh\u013ead.","product_category-highlighted_media":25990,"product_category-cta":{"product_category_cta":null},"comparrison_image":"","product_category-some_of_our_combinations":25798,"hero-media":[25995],"hero-h1":"Dreven\u00e9 panely","hero-sub_header":""},"_links":{"self":[{"href":"https:\/\/denpanels.com\/sk\/wp-json\/wp\/v2\/pages\/25958","targetHints":{"allow":["GET"]}}],"collection":[{"href":"https:\/\/denpanels.com\/sk\/wp-json\/wp\/v2\/pages"}],"about":[{"href":"https:\/\/denpanels.com\/sk\/wp-json\/wp\/v2\/types\/page"}],"author":[{"embeddable":true,"href":"https:\/\/denpanels.com\/sk\/wp-json\/wp\/v2\/users\/1"}],"replies":[{"embeddable":true,"href":"https:\/\/denpanels.com\/sk\/wp-json\/wp\/v2\/comments?post=25958"}],"version-history":[{"count":4,"href":"https:\/\/denpanels.com\/sk\/wp-json\/wp\/v2\/pages\/25958\/revisions"}],"predecessor-version":[{"id":31100,"href":"https:\/\/denpanels.com\/sk\/wp-json\/wp\/v2\/pages\/25958\/revisions\/31100"}],"up":[{"embeddable":true,"href":"https:\/\/denpanels.com\/sk\/wp-json\/wp\/v2\/pages\/26185"}],"acf:attachment":[{"embeddable":true,"href":"https:\/\/denpanels.com\/sk\/wp-json\/wp\/v2\/media\/25995"}],"acf:post":[{"embeddable":true,"href":"https:\/\/denpanels.com\/sk\/wp-json\/wp\/v2\/translation\/25798"}],"acf:term":[{"embeddable":true,"taxonomy":"product-category","href":"https:\/\/denpanels.com\/sk\/wp-json\/wp\/v2\/product-category\/716"}],"wp:attachment":[{"href":"https:\/\/denpanels.com\/sk\/wp-json\/wp\/v2\/media?parent=25958"}],"wp:term":[{"taxonomy":"page-section","embeddable":true,"href":"https:\/\/denpanels.com\/sk\/wp-json\/wp\/v2\/page-section?post=25958"},{"taxonomy":"page-template","embeddable":true,"href":"https:\/\/denpanels.com\/sk\/wp-json\/wp\/v2\/page-template?post=25958"}],"curies":[{"name":"wp","href":"https:\/\/api.w.org\/{rel}","templated":true}]}}