{"id":25952,"date":"2024-07-11T14:10:27","date_gmt":"2024-07-11T12:10:27","guid":{"rendered":"https:\/\/denpanels.com\/responsibility\/"},"modified":"2025-03-19T09:16:46","modified_gmt":"2025-03-19T08:16:46","slug":"zodpovednost","status":"publish","type":"page","link":"https:\/\/denpanels.com\/sk\/zodpovednost\/","title":{"rendered":"Zodpovednos\u0165"},"content":{"rendered":"","protected":false},"excerpt":{"rendered":"","protected":false},"author":3,"featured_media":0,"parent":0,"menu_order":0,"comment_status":"closed","ping_status":"closed","template":"","meta":{"_acf_changed":false,"footnotes":""},"page-section":[525],"page-template":[543],"class_list":["post-25952","page","type-page","status-publish","hentry","page-section-hero","page-template-page-responsibility"],"acf":{"responsibility-intro_section":{"responsibility_intro-headline":"Odhodlanie k","responsibility_intro-headline_p2":"Zodpovedn\u00e1 v\u00fdroba","responsibility_intro-content":"V spolo\u010dnosti Denpanels je zodpovednos\u0165 nielen m\u00f3dnym pojmom, ale aj amb\u00edciou. Starostlivo zoh\u013ead\u0148ujeme environment\u00e1lne faktory v ka\u017edom kroku na\u0161ej hodnotovej re\u0165azca, od konceptu a\u017e po kone\u010dn\u00e9ho z\u00e1kazn\u00edka. N\u00e1\u0161 d\u00f4raz na kvalitn\u00e9 a trv\u00e1cne produkty, ako s\u00fa na\u0161e elegantn\u00e9 a nad\u010dasov\u00e9 akustick\u00e9 panely, odr\u00e1\u017ea na\u0161e odhodlanie poskytova\u0165 inteligentn\u00e9 a udr\u017eate\u013enej\u0161ie rie\u0161enia.\r\n\r\nNa\u0161a zodpovednos\u0165 je certifikovan\u00e1 r\u00f4znymi kan\u00e1lmi. Pou\u017e\u00edvanie FSC\u2122 certifikovan\u00e9ho dreva v na\u0161ich paneloch zabezpe\u010duje zodpovedn\u00fa a environment\u00e1lne vedom\u00fa v\u00fdrobu. Na\u0161a spolupr\u00e1ca s Nordic Swan Ecolabel posil\u0148uje na\u0161e odhodlanie minimalizova\u0165 odpad a vyh\u00fdba\u0165 sa toxick\u00fdm chemik\u00e1li\u00e1m. Akt\u00edvne sa zaviazali podporova\u0165 ciele trvalo udr\u017eate\u013en\u00e9ho rozvoja OSN a zos\u00fala\u010fujeme na\u0161e \u00fasilie s glob\u00e1lnymi iniciat\u00edvami pre lep\u0161\u00ed svet.\r\n\r\nV spolo\u010dnosti Denpanels nie s\u00fa zodpovedn\u00e1 spotreba a v\u00fdroba len ide\u00e1ly, ale ka\u017edodenn\u00e9 praktiky. Na\u0161a pr\u00edsna kontrola kvality zabezpe\u010duje, \u017ee k z\u00e1kazn\u00edkom sa dostan\u00fa iba produkty najvy\u0161\u0161ej kvality. V pr\u00edpade v\u00fdrobnych ch\u00fdb, n\u00e1\u0161 z\u00e1v\u00e4zok opravy a recykl\u00e1cie materi\u00e1lov dokazuje na\u0161u oddanos\u0165 minimaliz\u00e1cii odpadu a vyh\u00fdbaniu sa zbyto\u010dnej spotrebe zdrojov.\r\n\r\nV uznan\u00ed vplyvu plastov\u00e9ho zne\u010distenia na vodn\u00fd \u017eivot, spolo\u010dnos\u0165 Denpanels prispieva k obehovej ekonomike recyklovan\u00edm materi\u00e1lov v na\u0161ich akustick\u00fdch paneloch. PET pls\u0165 pou\u017eit\u00e1 v paneloch, ktor\u00e1 obsahuje minim\u00e1lne 50% recyklovan\u00fdch plastov\u00fdch flia\u0161, je d\u00f4kazom n\u00e1\u0161ho z\u00e1v\u00e4zku k ochrane vodn\u00e9ho \u017eivota. Okrem toho, ako FSC\u2122 certifikovan\u00e1 spolo\u010dnos\u0165, zabezpe\u010dujeme, \u017ee na\u0161e dreven\u00e9 panely prispievaj\u00fa k udr\u017eiavaniu zdrav\u00e9ho rovnov\u00e1hy v svetov\u00fdch lesoch a pozemskom \u017eivote."},"responsibility-background_image":25954,"responsibility-certificates":{"certificate":[{"responsibility_certificates-logo":22733,"responsibility_certificates-title":"Forest Stewardship council","responsibility_certificates-description":"Na v\u00fdrobu na\u0161ich akustick\u00fdch panelov pou\u017e\u00edvame FSC\u2122 certifikovan\u00e9 drevo z zodpovedne spravovan\u00fdch lesov a \u010fal\u0161\u00edch kontrolovan\u00fdch zdrojov.\r\n\r\nForest Stewardship Council\u2122 (FSC\u2122) je medzin\u00e1rodn\u00fd neziskov\u00fd certifika\u010dn\u00fd syst\u00e9m pre drevo a papier. Logo FSC\u2122 m\u00f4\u017eete vidie\u0165 na v\u00fdrobkoch z dreva a papiera, aby ste vedeli, \u017ee tieto produkty m\u00f4\u017eete zak\u00fapi\u0165 s \u010dist\u00fdm svedom\u00edm. V FSC\u2122 certifikovan\u00fdch lesoch sa stromy \u0165a\u017eia r\u00fdchlos\u0165ou, ktor\u00e1 nezr\u00fdch\u013euje obnova lesa. Okrem toho FSC\u2122 poskytuje z\u00e1ruku, \u017ee miestne komunity, biodiverzita a pracovn\u00edci v lesoch s\u00fa re\u0161pektovan\u00ed.\r\n\r\nPros\u00edm, nev\u00e1hajte n\u00e1s kontaktova\u0165, ak m\u00e1te ak\u00e9ko\u013evek ot\u00e1zky t\u00fdkaj\u00face sa na\u0161ej FSC\u2122 certifik\u00e1cie alebo n\u00e1\u0161ho zamerania na udr\u017eate\u013enos\u0165.","responsibility_certificates-cta_link":"","responsibility_certificates-cta_text":""},{"responsibility_certificates-logo":24190,"responsibility_certificates-title":"Nordic Swan Ecolabel","responsibility_certificates-description":"Nordic Swan Ecolabel nie je len \u010fal\u0161ia n\u00e1lepka alebo certifik\u00e1cia. Je to ofici\u00e1lna environment\u00e1lna zna\u010dka seversk\u00fdch kraj\u00edn a je pova\u017eovan\u00e1 za jednu z najpr\u00edsnej\u0161\u00edch a najambici\u00f3znej\u0161\u00edch environment\u00e1lnych certifik\u00e1ci\u00ed na svete. Nordic Swan Ecolabel sl\u00fa\u017ei ako vod\u00edtko pre spotrebite\u013eov, \u010d\u00edm u\u013eah\u010duje prijatie ekologickej\u0161ieho \u017eivotn\u00e9ho \u0161t\u00fdlu. V\u00fdznam zna\u010dky Nordic Swan Ecolabel sa v celom severskom regi\u00f3ne neust\u00e1le zvy\u0161uje.\r\n\r\nLen v D\u00e1nsku je s touto zna\u010dkou obozn\u00e1men\u00fdch 95% popul\u00e1cie a 67% akt\u00edvne h\u013ead\u00e1 t\u00fato zna\u010dku pri rozhodovan\u00ed o n\u00e1kupoch; teraz ju n\u00e1jdete aj na akustick\u00fdch paneloch. A\u017e 68% D\u00e1nov sa akt\u00edvne zap\u00e1ja do osobn\u00fdch krokov na ochranu \u017eivotn\u00e9ho prostredia. Dr\u017eitelia licencie Nordic Swan Ecolabel m\u00f4\u017eu vyu\u017ei\u0165 environment\u00e1lnu priate\u013eskos\u0165 ako strategick\u00fa konkuren\u010dn\u00fa v\u00fdhodu, \u010d\u00edm podporuj\u00fa udr\u017eate\u013enej\u0161iu spolo\u010dnos\u0165.","responsibility_certificates-cta_link":"","responsibility_certificates-cta_text":""},{"responsibility_certificates-logo":25964,"responsibility_certificates-title":"Testovan\u00e9 na kvalitu ovzdu\u0161ia","responsibility_certificates-description":"Ke\u010f si vyberiete akustick\u00e9 panely od Denpanels, ktor\u00e9 s\u00fa testovan\u00e9 na kvalitu vn\u00fatorn\u00e9ho prostredia a schv\u00e1len\u00e9 pod\u013ea nemeckej normy AgBB, z\u00edskate viac ne\u017e len lep\u0161\u00ed zvuk vo va\u0161om dome. Z\u00edskate rie\u0161enie, ktor\u00e9 akt\u00edvne prispieva k zdrav\u0161iemu a \u010distej\u0161iemu vn\u00fatorn\u00e9mu prostrediu.\r\n\r\nSchv\u00e1lenie pod\u013ea AgBB zaru\u010duje, \u017ee panely s\u00fa bez \u0161kodliv\u00fdch emisi\u00ed, \u010do znamen\u00e1, \u017ee si m\u00f4\u017eete vychutna\u0165 pohodln\u00e9 a zdrav\u00e9 prostredie bez ob\u00e1v. S akustick\u00fdmi panelmi Denpanels z\u00edskate nielen optim\u00e1lnu akustiku, ale aj istotu, \u017ee vzduch, ktor\u00fd d\u00fdchate, je \u010do naj\u010distej\u0161\u00ed. Je to invest\u00edcia do pohodlia aj zdravia.","responsibility_certificates-cta_link":"","responsibility_certificates-cta_text":""}]},"hero-media":"","hero-h1":"","hero-sub_header":""},"_links":{"self":[{"href":"https:\/\/denpanels.com\/sk\/wp-json\/wp\/v2\/pages\/25952","targetHints":{"allow":["GET"]}}],"collection":[{"href":"https:\/\/denpanels.com\/sk\/wp-json\/wp\/v2\/pages"}],"about":[{"href":"https:\/\/denpanels.com\/sk\/wp-json\/wp\/v2\/types\/page"}],"author":[{"embeddable":true,"href":"https:\/\/denpanels.com\/sk\/wp-json\/wp\/v2\/users\/3"}],"replies":[{"embeddable":true,"href":"https:\/\/denpanels.com\/sk\/wp-json\/wp\/v2\/comments?post=25952"}],"version-history":[{"count":4,"href":"https:\/\/denpanels.com\/sk\/wp-json\/wp\/v2\/pages\/25952\/revisions"}],"predecessor-version":[{"id":25957,"href":"https:\/\/denpanels.com\/sk\/wp-json\/wp\/v2\/pages\/25952\/revisions\/25957"}],"wp:attachment":[{"href":"https:\/\/denpanels.com\/sk\/wp-json\/wp\/v2\/media?parent=25952"}],"wp:term":[{"taxonomy":"page-section","embeddable":true,"href":"https:\/\/denpanels.com\/sk\/wp-json\/wp\/v2\/page-section?post=25952"},{"taxonomy":"page-template","embeddable":true,"href":"https:\/\/denpanels.com\/sk\/wp-json\/wp\/v2\/page-template?post=25952"}],"curies":[{"name":"wp","href":"https:\/\/api.w.org\/{rel}","templated":true}]}}