{"id":25947,"date":"2024-05-23T15:21:12","date_gmt":"2024-05-23T13:21:12","guid":{"rendered":"https:\/\/denpanels.com\/about\/"},"modified":"2025-03-19T09:10:29","modified_gmt":"2025-03-19T08:10:29","slug":"o-nas","status":"publish","type":"page","link":"https:\/\/denpanels.com\/sk\/o-nas\/","title":{"rendered":"O n\u00e1s"},"content":{"rendered":"","protected":false},"excerpt":{"rendered":"","protected":false},"author":1,"featured_media":0,"parent":0,"menu_order":0,"comment_status":"closed","ping_status":"closed","template":"","meta":{"_acf_changed":false,"footnotes":""},"page-section":[536,525,526],"page-template":[111],"class_list":["post-25947","page","type-page","status-publish","hentry","page-section-content-blocks","page-section-hero","page-section-product-category","page-template-about-us"],"acf":{"product_category-selected":false,"product_category-headline_p1":"O n\u00e1s","product_category-headline_p2":"Denpanels","product_category-introduction":"Denpanels bola zalo\u017een\u00e1 s v\u00edziou vytvori\u0165 zna\u010dku, ktor\u00e1 sa nielen prisp\u00f4sob\u00ed eur\u00f3pskemu trhu, ale aj oslavuje jeho rozmanitos\u0165 a bohat\u00e9 dizajn\u00e9rske trad\u00edcie. S kore\u0148mi v D\u00e1nsku a ako s\u00fa\u010das\u0165 spolo\u010dnosti Fog & Ven\u00f8, si Denpanels r\u00fdchlo vybudovala poves\u0165 symbolu kvalitn\u00e9ho remeseln\u00e9ho spracovania a estetick\u00fdch inov\u00e1ci\u00ed.\r\n\r\nAle sme viac ne\u017e len kr\u00e1sne povrchy \u2013 sme tu pre t\u00fdch, ktor\u00ed miluj\u00fa tvorenie. \u010ci u\u017e staviate od z\u00e1kladu, renovujete, alebo jednoducho prid\u00e1vate osobn\u00fd dotyk do priestoru, na\u0161e panely s\u00fa navrhnut\u00e9 tak, aby sa s nimi jednoducho pracovalo. Namontujte ich, nare\u017ete, natrite alebo ich kombinujte nov\u00fdmi sp\u00f4sobmi \u2013 vo\u013eba je na v\u00e1s!\r\n\r\nV spolo\u010dnosti Denpanels n\u00e1m ide o to, aby sme v\u00e1m u\u013eah\u010dili vytvorenie nie\u010doho, \u010do v\u00e1m bude dokonale vyhovova\u0165. Z\u00e1rove\u0148 preber\u00e1me zodpovednos\u0165 v\u00fdberom udr\u017eate\u013en\u00fdch materi\u00e1lov, minimalizovan\u00edm odpadu a zabezpe\u010den\u00edm produktov, ktor\u00e9 vydr\u017eia dlh\u00e9 roky.\r\n\r\nTak\u017ee, \u010di u\u017e ste sk\u00fasen\u00fd DIY nad\u0161enec alebo jednoducho m\u00e1te radi tvorenie \u2013 zoberte svoje n\u00e1stroje a po\u010fme spolu vytvori\u0165 nie\u010do skvel\u00e9!","product_category-highlighted_media":26313,"product_category-cta":{"product_category_cta":null},"comparrison_image":null,"product_category-some_of_our_combinations":25798,"hero-media":[25948],"hero-h1":"Denpanels","hero-sub_header":"Elegantn\u00fd eur\u00f3psky \u0161t\u00fdl"},"_links":{"self":[{"href":"https:\/\/denpanels.com\/sk\/wp-json\/wp\/v2\/pages\/25947","targetHints":{"allow":["GET"]}}],"collection":[{"href":"https:\/\/denpanels.com\/sk\/wp-json\/wp\/v2\/pages"}],"about":[{"href":"https:\/\/denpanels.com\/sk\/wp-json\/wp\/v2\/types\/page"}],"author":[{"embeddable":true,"href":"https:\/\/denpanels.com\/sk\/wp-json\/wp\/v2\/users\/1"}],"replies":[{"embeddable":true,"href":"https:\/\/denpanels.com\/sk\/wp-json\/wp\/v2\/comments?post=25947"}],"version-history":[{"count":3,"href":"https:\/\/denpanels.com\/sk\/wp-json\/wp\/v2\/pages\/25947\/revisions"}],"predecessor-version":[{"id":25951,"href":"https:\/\/denpanels.com\/sk\/wp-json\/wp\/v2\/pages\/25947\/revisions\/25951"}],"acf:attachment":[{"embeddable":true,"href":"https:\/\/denpanels.com\/sk\/wp-json\/wp\/v2\/media\/25948"}],"acf:post":[{"embeddable":true,"href":"https:\/\/denpanels.com\/sk\/wp-json\/wp\/v2\/translation\/25798"}],"wp:attachment":[{"href":"https:\/\/denpanels.com\/sk\/wp-json\/wp\/v2\/media?parent=25947"}],"wp:term":[{"taxonomy":"page-section","embeddable":true,"href":"https:\/\/denpanels.com\/sk\/wp-json\/wp\/v2\/page-section?post=25947"},{"taxonomy":"page-template","embeddable":true,"href":"https:\/\/denpanels.com\/sk\/wp-json\/wp\/v2\/page-template?post=25947"}],"curies":[{"name":"wp","href":"https:\/\/api.w.org\/{rel}","templated":true}]}}